{"id":11900,"date":"2026-02-22T11:23:26","date_gmt":"2026-02-22T09:23:26","guid":{"rendered":"https:\/\/novekinnisvara.ee\/?page_id=11900"},"modified":"2026-04-05T19:56:04","modified_gmt":"2026-04-05T16:56:04","slug":"reelika-andresson","status":"publish","type":"page","link":"https:\/\/novekinnisvara.ee\/en\/reelika-andresson\/","title":{"rendered":"Reelika Andresson"},"content":{"rendered":"<div data-elementor-type=\"wp-page\" data-elementor-id=\"11900\" class=\"elementor elementor-11900\">\n\t\t\t\t<div class=\"elementor-element elementor-element-685ba43 e-flex e-con-boxed e-con e-parent\" data-id=\"685ba43\" data-element_type=\"container\" data-e-type=\"container\" data-settings=\"{&quot;background_background&quot;:&quot;classic&quot;}\">\n\t\t\t\t\t<div class=\"e-con-inner\">\n\t\t<div class=\"elementor-element elementor-element-5c865f5 e-con-full e-flex e-con e-child\" data-id=\"5c865f5\" data-element_type=\"container\" data-e-type=\"container\">\n\t\t\t\t<div class=\"elementor-element elementor-element-2fe4e95 elementor-widget elementor-widget-spacer\" data-id=\"2fe4e95\" data-element_type=\"widget\" data-e-type=\"widget\" data-widget_type=\"spacer.default\">\n\t\t\t\t<div class=\"elementor-widget-container\">\n\t\t\t\t\t\t\t<div class=\"elementor-spacer\">\n\t\t\t<div class=\"elementor-spacer-inner\"><\/div>\n\t\t<\/div>\n\t\t\t\t\t\t<\/div>\n\t\t\t\t<\/div>\n\t\t\t\t<div class=\"elementor-element elementor-element-9b24849 elementor-widget elementor-widget-heading\" data-id=\"9b24849\" data-element_type=\"widget\" data-e-type=\"widget\" data-widget_type=\"heading.default\">\n\t\t\t\t<div class=\"elementor-widget-container\">\n\t\t\t\t\t<h1 class=\"elementor-heading-title elementor-size-default\">Brokers<\/h1>\t\t\t\t<\/div>\n\t\t\t\t<\/div>\n\t\t\t\t<\/div>\n\t\t\t\t\t<\/div>\n\t\t\t\t<\/div>\n\t\t\t\t<section class=\"elementor-section elementor-top-section elementor-element elementor-element-zd7er4g elementor-reverse-mobile elementor-section-boxed elementor-section-height-default elementor-section-height-default\" data-id=\"zd7er4g\" data-element_type=\"section\" data-e-type=\"section\" data-settings=\"{&quot;background_background&quot;:&quot;classic&quot;}\">\n\t\t\t\t\t\t<div class=\"elementor-container elementor-column-gap-default\">\n\t\t\t\t\t<div class=\"elementor-column elementor-col-50 elementor-top-column elementor-element elementor-element-f25b8e3\" data-id=\"f25b8e3\" data-element_type=\"column\" data-e-type=\"column\">\n\t\t\t<div class=\"elementor-widget-wrap elementor-element-populated\">\n\t\t\t\t\t\t<div class=\"elementor-element elementor-element-d19f710 elementor-widget elementor-widget-heading\" data-id=\"d19f710\" data-element_type=\"widget\" data-e-type=\"widget\" data-widget_type=\"heading.default\">\n\t\t\t\t<div class=\"elementor-widget-container\">\n\t\t\t\t\t<h2 class=\"elementor-heading-title elementor-size-default\">Reelika Andresson<\/h2>\t\t\t\t<\/div>\n\t\t\t\t<\/div>\n\t\t\t\t<div class=\"elementor-element elementor-element-dbabe58 elementor-widget__width-initial elementor-icon-list--layout-traditional elementor-list-item-link-full_width elementor-widget elementor-widget-icon-list\" data-id=\"dbabe58\" data-element_type=\"widget\" data-e-type=\"widget\" data-widget_type=\"icon-list.default\">\n\t\t\t\t<div class=\"elementor-widget-container\">\n\t\t\t\t\t\t\t<ul class=\"elementor-icon-list-items\">\n\t\t\t\t\t\t\t<li class=\"elementor-icon-list-item\">\n\t\t\t\t\t\t\t\t\t\t\t<a href=\"http:\/\/reelika.andresson@novekinnisvara.ee\/en\/\" target=\"_blank\">\n\n\t\t\t\t\t\t\t\t\t\t\t\t<span class=\"elementor-icon-list-icon\">\n\t\t\t\t\t\t\t<i aria-hidden=\"true\" class=\"fas fa-envelope\"><\/i>\t\t\t\t\t\t<\/span>\n\t\t\t\t\t\t\t\t\t\t<span class=\"elementor-icon-list-text\">reelika@novekinnisvara.ee<\/span>\n\t\t\t\t\t\t\t\t\t\t\t<\/a>\n\t\t\t\t\t\t\t\t\t<\/li>\n\t\t\t\t\t\t\t\t<li class=\"elementor-icon-list-item\">\n\t\t\t\t\t\t\t\t\t\t\t<a href=\"http:\/\/+372%20508%203389\">\n\n\t\t\t\t\t\t\t\t\t\t\t\t<span class=\"elementor-icon-list-icon\">\n\t\t\t\t\t\t\t<i aria-hidden=\"true\" class=\"fas fa-phone-square\"><\/i>\t\t\t\t\t\t<\/span>\n\t\t\t\t\t\t\t\t\t\t<span class=\"elementor-icon-list-text\">+372 508 3389<\/span>\n\t\t\t\t\t\t\t\t\t\t\t<\/a>\n\t\t\t\t\t\t\t\t\t<\/li>\n\t\t\t\t\t\t<\/ul>\n\t\t\t\t\t\t<\/div>\n\t\t\t\t<\/div>\n\t\t\t\t<div class=\"elementor-element elementor-element-73a8420 elementor-widget elementor-widget-text-editor\" data-id=\"73a8420\" data-element_type=\"widget\" data-e-type=\"widget\" data-widget_type=\"text-editor.default\">\n\t\t\t\t<div class=\"elementor-widget-container\">\n\t\t\t\t\t\t\t\t\t<p>Reelika Andresson is a real estate agent based on the Costa del Sol, supporting Estonian clients in purchasing a new home or an investment property in the M\u00e1laga region.<\/p><p>Reelika has an in-depth knowledge of the local real estate market, including different property segments, new developments and the resale market, as well as their price levels. In cooperation with local agents and developers, she supports clients throughout the entire purchasing process and, if needed, also helps them adapt to their new environment.<\/p><p>Clients are provided with Estonian-language support and a clear overview of both legal and financial aspects of the purchase.<\/p><p>The cooperation begins with identifying the client\u2019s needs and signing a buyer representation agreement. Reelika then starts searching for properties that match the client\u2019s preferences. An initial presentation of selected properties is conducted online, while the final selection takes place during property viewings on site.<\/p><p>If you would like Reelika to help you find a property that meets your expectations on the Costa del Sol, please contact:\nreelika@novekinnisvara.ee<br \/>reelika@novekinnisvara.ee<\/p>\t\t\t\t\t\t\t\t<\/div>\n\t\t\t\t<\/div>\n\t\t\t\t<section class=\"elementor-section elementor-inner-section elementor-element elementor-element-f3d436a elementor-section-boxed elementor-section-height-default elementor-section-height-default\" data-id=\"f3d436a\" data-element_type=\"section\" data-e-type=\"section\" data-settings=\"{&quot;background_background&quot;:&quot;classic&quot;}\">\n\t\t\t\t\t\t<div class=\"elementor-container elementor-column-gap-no\">\n\t\t\t\t\t<div class=\"elementor-column elementor-col-100 elementor-inner-column elementor-element elementor-element-9b44d17\" data-id=\"9b44d17\" data-element_type=\"column\" data-e-type=\"column\">\n\t\t\t<div class=\"elementor-widget-wrap elementor-element-populated\">\n\t\t\t\t\t\t<div class=\"elementor-element elementor-element-fde8bac elementor-widget elementor-widget-heading\" data-id=\"fde8bac\" data-element_type=\"widget\" data-e-type=\"widget\" data-widget_type=\"heading.default\">\n\t\t\t\t<div class=\"elementor-widget-container\">\n\t\t\t\t\t<h3 class=\"elementor-heading-title elementor-size-default\">Feedback <\/h3>\t\t\t\t<\/div>\n\t\t\t\t<\/div>\n\t\t\t\t<div class=\"elementor-element elementor-element-d22d4b6 elementor-widget elementor-widget-text-editor\" data-id=\"d22d4b6\" data-element_type=\"widget\" data-e-type=\"widget\" data-widget_type=\"text-editor.default\">\n\t\t\t\t<div class=\"elementor-widget-container\">\n\t\t\t\t\t\t\t\t\t<p class=\"gmail-p2 translation-block\"><strong>Marko:<\/strong> I am extremely satisfied with Reelika\u2019s services! She is very pleasant and easy to communicate with \u2013 positive, thorough, and quick, always going one step further than expected. What I personally appreciated most is that she is not only a real estate agent but also like a guide, sharing highly valuable and detailed insights about different areas. Restaurants, entertainment, cultural and sports facilities, events, and even small details, including area development and future prospects \u2013 this additional information helped me navigate a foreign country much more easily and reach a clear understanding of where I want to buy my home much faster. Thank you, Reelika! 25.11.2025<\/p><div dir=\"ltr\">\u00a0<\/div>\t\t\t\t\t\t\t\t<\/div>\n\t\t\t\t<\/div>\n\t\t\t\t\t<\/div>\n\t\t<\/div>\n\t\t\t\t\t<\/div>\n\t\t<\/section>\n\t\t\t\t\t<\/div>\n\t\t<\/div>\n\t\t\t\t<div class=\"elementor-column elementor-col-50 elementor-top-column elementor-element elementor-element-8391c80\" data-id=\"8391c80\" data-element_type=\"column\" data-e-type=\"column\">\n\t\t\t<div class=\"elementor-widget-wrap elementor-element-populated\">\n\t\t\t\t\t\t<div class=\"elementor-element elementor-element-81cafaa elementor-widget elementor-widget-image\" data-id=\"81cafaa\" data-element_type=\"widget\" data-e-type=\"widget\" data-widget_type=\"image.default\">\n\t\t\t\t<div class=\"elementor-widget-container\">\n\t\t\t\t\t\t\t\t\t\t\t\t\t\t\t<img fetchpriority=\"high\" decoding=\"async\" width=\"768\" height=\"1152\" src=\"https:\/\/novekinnisvara.ee\/wp-content\/uploads\/2026\/03\/Untitled-768-x-1152-px-500-x-788-px-768-x-1152-px-2.png\" class=\"attachment-full size-full wp-image-12782\" alt=\"\" srcset=\"https:\/\/novekinnisvara.ee\/wp-content\/uploads\/2026\/03\/Untitled-768-x-1152-px-500-x-788-px-768-x-1152-px-2.png 768w, https:\/\/novekinnisvara.ee\/wp-content\/uploads\/2026\/03\/Untitled-768-x-1152-px-500-x-788-px-768-x-1152-px-2-400x600.png 400w, https:\/\/novekinnisvara.ee\/wp-content\/uploads\/2026\/03\/Untitled-768-x-1152-px-500-x-788-px-768-x-1152-px-2-683x1024.png 683w, https:\/\/novekinnisvara.ee\/wp-content\/uploads\/2026\/03\/Untitled-768-x-1152-px-500-x-788-px-768-x-1152-px-2-8x12.png 8w\" sizes=\"(max-width: 768px) 100vw, 768px\" \/>\t\t\t\t\t\t\t\t\t\t\t\t\t\t\t<\/div>\n\t\t\t\t<\/div>\n\t\t\t\t\t<\/div>\n\t\t<\/div>\n\t\t\t\t\t<\/div>\n\t\t<\/section>\n\t\t\t\t<\/div>","protected":false},"excerpt":{"rendered":"<p>Maaklerid Reelika Andresson reelika@novekinnisvara.ee +372 508 3389 Reelika on Costa del Solis tegutsev kinnisvaramaakler, kes toetab Eesti kliente uue kodu v\u00f5i investeerimisobjekti soetamisel M\u00e1laga piirkonnas. Reelika tunneb h\u00e4sti kohalikku kinnisvaraturgu, erinevaid kinnisvarasegmente, uusarendusi ja j\u00e4relturgu ning nende hinnatasemeid. Koost\u00f6\u00f6s kohalike maaklerite ja arendajatega toetab ta ostuprotsessi algusest l\u00f5puni ning on soovi korral abiks ka uue [&hellip;]<\/p>\n","protected":false},"author":1,"featured_media":0,"parent":0,"menu_order":1,"comment_status":"closed","ping_status":"closed","template":"","meta":{"_acf_changed":false,"_uag_custom_page_level_css":"","_uf_show_specific_survey":0,"_uf_disable_surveys":false,"site-sidebar-layout":"no-sidebar","site-content-layout":"page-builder","ast-site-content-layout":"full-width-container","site-content-style":"default","site-sidebar-style":"default","ast-global-header-display":"","ast-banner-title-visibility":"","ast-main-header-display":"","ast-hfb-above-header-display":"","ast-hfb-below-header-display":"","ast-hfb-mobile-header-display":"","site-post-title":"disabled","ast-breadcrumbs-content":"","ast-featured-img":"disabled","footer-sml-layout":"","ast-disable-related-posts":"","theme-transparent-header-meta":"default","adv-header-id-meta":"","stick-header-meta":"","header-above-stick-meta":"","header-main-stick-meta":"","header-below-stick-meta":"","astra-migrate-meta-layouts":"set","ast-page-background-enabled":"default","ast-page-background-meta":{"desktop":{"background-color":"","background-image":"","background-repeat":"repeat","background-position":"center center","background-size":"auto","background-attachment":"scroll","background-type":"","background-media":"","overlay-type":"","overlay-color":"","overlay-opacity":"","overlay-gradient":""},"tablet":{"background-color":"","background-image":"","background-repeat":"repeat","background-position":"center center","background-size":"auto","background-attachment":"scroll","background-type":"","background-media":"","overlay-type":"","overlay-color":"","overlay-opacity":"","overlay-gradient":""},"mobile":{"background-color":"","background-image":"","background-repeat":"repeat","background-position":"center center","background-size":"auto","background-attachment":"scroll","background-type":"","background-media":"","overlay-type":"","overlay-color":"","overlay-opacity":"","overlay-gradient":""}},"ast-content-background-meta":{"desktop":{"background-color":"var(--ast-global-color-5)","background-image":"","background-repeat":"repeat","background-position":"center center","background-size":"auto","background-attachment":"scroll","background-type":"","background-media":"","overlay-type":"","overlay-color":"","overlay-opacity":"","overlay-gradient":""},"tablet":{"background-color":"var(--ast-global-color-5)","background-image":"","background-repeat":"repeat","background-position":"center center","background-size":"auto","background-attachment":"scroll","background-type":"","background-media":"","overlay-type":"","overlay-color":"","overlay-opacity":"","overlay-gradient":""},"mobile":{"background-color":"var(--ast-global-color-5)","background-image":"","background-repeat":"repeat","background-position":"center center","background-size":"auto","background-attachment":"scroll","background-type":"","background-media":"","overlay-type":"","overlay-color":"","overlay-opacity":"","overlay-gradient":""}},"footnotes":""},"class_list":["post-11900","page","type-page","status-publish","hentry"],"acf":[],"aioseo_notices":[],"uagb_featured_image_src":{"full":false,"thumbnail":false,"medium":false,"medium_large":false,"large":false,"1536x1536":false,"2048x2048":false,"trp-custom-language-flag":false,"woocommerce_thumbnail":false,"woocommerce_single":false,"woocommerce_gallery_thumbnail":false},"uagb_author_info":{"display_name":"Erika Truuverk","author_link":"https:\/\/novekinnisvara.ee\/en\/author\/erika-truuverk\/"},"uagb_comment_info":0,"uagb_excerpt":"Maaklerid Reelika Andresson reelika@novekinnisvara.ee +372 508 3389 Reelika on Costa del Solis tegutsev kinnisvaramaakler, kes toetab Eesti kliente uue kodu v\u00f5i investeerimisobjekti soetamisel M\u00e1laga piirkonnas. Reelika tunneb h\u00e4sti kohalikku kinnisvaraturgu, erinevaid kinnisvarasegmente, uusarendusi ja j\u00e4relturgu ning nende hinnatasemeid. Koost\u00f6\u00f6s kohalike maaklerite ja arendajatega toetab ta ostuprotsessi algusest l\u00f5puni ning on soovi korral abiks ka uue&hellip;","rttpg_featured_image_url":null,"rttpg_author":{"display_name":"Erika Truuverk","author_link":"https:\/\/novekinnisvara.ee\/en\/author\/erika-truuverk\/"},"rttpg_comment":0,"rttpg_category":null,"rttpg_excerpt":"Maaklerid Reelika Andresson reelika@novekinnisvara.ee +372 508 3389 Reelika on Costa del Solis tegutsev kinnisvaramaakler, kes toetab Eesti kliente uue kodu v\u00f5i investeerimisobjekti soetamisel M\u00e1laga piirkonnas. Reelika tunneb h\u00e4sti kohalikku kinnisvaraturgu, erinevaid kinnisvarasegmente, uusarendusi ja j\u00e4relturgu ning nende hinnatasemeid. Koost\u00f6\u00f6s kohalike maaklerite ja arendajatega toetab ta ostuprotsessi algusest l\u00f5puni ning on soovi korral abiks ka uue&hellip;","_links":{"self":[{"href":"https:\/\/novekinnisvara.ee\/en\/wp-json\/wp\/v2\/pages\/11900","targetHints":{"allow":["GET"]}}],"collection":[{"href":"https:\/\/novekinnisvara.ee\/en\/wp-json\/wp\/v2\/pages"}],"about":[{"href":"https:\/\/novekinnisvara.ee\/en\/wp-json\/wp\/v2\/types\/page"}],"author":[{"embeddable":true,"href":"https:\/\/novekinnisvara.ee\/en\/wp-json\/wp\/v2\/users\/1"}],"replies":[{"embeddable":true,"href":"https:\/\/novekinnisvara.ee\/en\/wp-json\/wp\/v2\/comments?post=11900"}],"version-history":[{"count":25,"href":"https:\/\/novekinnisvara.ee\/en\/wp-json\/wp\/v2\/pages\/11900\/revisions"}],"predecessor-version":[{"id":13189,"href":"https:\/\/novekinnisvara.ee\/en\/wp-json\/wp\/v2\/pages\/11900\/revisions\/13189"}],"wp:attachment":[{"href":"https:\/\/novekinnisvara.ee\/en\/wp-json\/wp\/v2\/media?parent=11900"}],"curies":[{"name":"wp","href":"https:\/\/api.w.org\/{rel}","templated":true}]}}