{"id":12833,"date":"2026-03-11T20:38:28","date_gmt":"2026-03-11T18:38:28","guid":{"rendered":"https:\/\/novekinnisvara.ee\/?page_id=12833"},"modified":"2026-03-11T21:03:56","modified_gmt":"2026-03-11T19:03:56","slug":"caitlyn-kesa","status":"publish","type":"page","link":"https:\/\/novekinnisvara.ee\/en\/caitlyn-kesa\/","title":{"rendered":"Caitlyn Kesa"},"content":{"rendered":"<div data-elementor-type=\"wp-page\" data-elementor-id=\"12833\" class=\"elementor elementor-12833\">\n\t\t\t\t<div class=\"elementor-element elementor-element-685ba43 e-flex e-con-boxed e-con e-parent\" data-id=\"685ba43\" data-element_type=\"container\" data-e-type=\"container\" data-settings=\"{&quot;background_background&quot;:&quot;classic&quot;}\">\n\t\t\t\t\t<div class=\"e-con-inner\">\n\t\t<div class=\"elementor-element elementor-element-5c865f5 e-con-full e-flex e-con e-child\" data-id=\"5c865f5\" data-element_type=\"container\" data-e-type=\"container\">\n\t\t\t\t<div class=\"elementor-element elementor-element-2fe4e95 elementor-widget elementor-widget-spacer\" data-id=\"2fe4e95\" data-element_type=\"widget\" data-e-type=\"widget\" data-widget_type=\"spacer.default\">\n\t\t\t\t<div class=\"elementor-widget-container\">\n\t\t\t\t\t\t\t<div class=\"elementor-spacer\">\n\t\t\t<div class=\"elementor-spacer-inner\"><\/div>\n\t\t<\/div>\n\t\t\t\t\t\t<\/div>\n\t\t\t\t<\/div>\n\t\t\t\t<div class=\"elementor-element elementor-element-9b24849 elementor-widget elementor-widget-heading\" data-id=\"9b24849\" data-element_type=\"widget\" data-e-type=\"widget\" data-widget_type=\"heading.default\">\n\t\t\t\t<div class=\"elementor-widget-container\">\n\t\t\t\t\t<h1 class=\"elementor-heading-title elementor-size-default\">Interior Architect<\/h1>\t\t\t\t<\/div>\n\t\t\t\t<\/div>\n\t\t\t\t<\/div>\n\t\t\t\t\t<\/div>\n\t\t\t\t<\/div>\n\t\t\t\t<section class=\"elementor-section elementor-top-section elementor-element elementor-element-zd7er4g elementor-reverse-mobile elementor-section-boxed elementor-section-height-default elementor-section-height-default\" data-id=\"zd7er4g\" data-element_type=\"section\" data-e-type=\"section\" data-settings=\"{&quot;background_background&quot;:&quot;classic&quot;}\">\n\t\t\t\t\t\t<div class=\"elementor-container elementor-column-gap-default\">\n\t\t\t\t\t<div class=\"elementor-column elementor-col-50 elementor-top-column elementor-element elementor-element-f25b8e3\" data-id=\"f25b8e3\" data-element_type=\"column\" data-e-type=\"column\">\n\t\t\t<div class=\"elementor-widget-wrap elementor-element-populated\">\n\t\t\t\t\t\t<div class=\"elementor-element elementor-element-d19f710 elementor-widget elementor-widget-heading\" data-id=\"d19f710\" data-element_type=\"widget\" data-e-type=\"widget\" data-widget_type=\"heading.default\">\n\t\t\t\t<div class=\"elementor-widget-container\">\n\t\t\t\t\t<h2 class=\"elementor-heading-title elementor-size-default\">caitlyn kesa<\/h2>\t\t\t\t<\/div>\n\t\t\t\t<\/div>\n\t\t\t\t<div class=\"elementor-element elementor-element-dbabe58 elementor-widget__width-initial elementor-icon-list--layout-traditional elementor-list-item-link-full_width elementor-widget elementor-widget-icon-list\" data-id=\"dbabe58\" data-element_type=\"widget\" data-e-type=\"widget\" data-widget_type=\"icon-list.default\">\n\t\t\t\t<div class=\"elementor-widget-container\">\n\t\t\t\t\t\t\t<ul class=\"elementor-icon-list-items\">\n\t\t\t\t\t\t\t<li class=\"elementor-icon-list-item\">\n\t\t\t\t\t\t\t\t\t\t\t<a href=\"http:\/\/caitlyn@novekinnisvara.ee\/en\/\" target=\"_blank\">\n\n\t\t\t\t\t\t\t\t\t\t\t\t<span class=\"elementor-icon-list-icon\">\n\t\t\t\t\t\t\t<i aria-hidden=\"true\" class=\"fas fa-envelope\"><\/i>\t\t\t\t\t\t<\/span>\n\t\t\t\t\t\t\t\t\t\t<span class=\"elementor-icon-list-text\">caitlyn@novekinnisvara.ee<\/span>\n\t\t\t\t\t\t\t\t\t\t\t<\/a>\n\t\t\t\t\t\t\t\t\t<\/li>\n\t\t\t\t\t\t\t\t<li class=\"elementor-icon-list-item\">\n\t\t\t\t\t\t\t\t\t\t\t<a href=\"http:\/\/+372%205340%204006\">\n\n\t\t\t\t\t\t\t\t\t\t\t\t<span class=\"elementor-icon-list-icon\">\n\t\t\t\t\t\t\t<i aria-hidden=\"true\" class=\"fas fa-phone-square\"><\/i>\t\t\t\t\t\t<\/span>\n\t\t\t\t\t\t\t\t\t\t<span class=\"elementor-icon-list-text\">+372 5340 4006<\/span>\n\t\t\t\t\t\t\t\t\t\t\t<\/a>\n\t\t\t\t\t\t\t\t\t<\/li>\n\t\t\t\t\t\t<\/ul>\n\t\t\t\t\t\t<\/div>\n\t\t\t\t<\/div>\n\t\t\t\t<div class=\"elementor-element elementor-element-73a8420 elementor-widget elementor-widget-text-editor\" data-id=\"73a8420\" data-element_type=\"widget\" data-e-type=\"widget\" data-widget_type=\"text-editor.default\">\n\t\t\t\t<div class=\"elementor-widget-container\">\n\t\t\t\t\t\t\t\t\t<p data-start=\"15\" data-end=\"85\"><span style=\"color: rgba(27, 27, 31, 0.87); font-size: 16px;\">Caitlyn is an interior architect (Level 6) \u2014 a creator, innovator, and dreamer.\u00a0<\/span><\/p><p>Balance is at the core of Caitlyn\u2019s work \u2014 creating spaces that are distinctive yet timeless, supporting both body and mind, and combining aesthetic beauty with technical precision.\u00a0<\/p><p>She sees the role of an interior architect as a co-creator alongside the environment and the people involved in the execution. The harmony of this collaboration is reflected in the final result.<\/p><p>In interior design, she values the thoughtful integration of materials, forms, and technical solutions, guided by spatial psychology and neuroarchitecture.<\/p><p>In the future, she sees (interior) architects working more closely with the scientific field to create environments that better support people.<\/p>\t\t\t\t\t\t\t\t<\/div>\n\t\t\t\t<\/div>\n\t\t\t\t<section class=\"elementor-section elementor-inner-section elementor-element elementor-element-f3d436a elementor-section-boxed elementor-section-height-default elementor-section-height-default\" data-id=\"f3d436a\" data-element_type=\"section\" data-e-type=\"section\" data-settings=\"{&quot;background_background&quot;:&quot;classic&quot;}\">\n\t\t\t\t\t\t<div class=\"elementor-container elementor-column-gap-no\">\n\t\t\t\t\t<div class=\"elementor-column elementor-col-100 elementor-inner-column elementor-element elementor-element-9b44d17\" data-id=\"9b44d17\" data-element_type=\"column\" data-e-type=\"column\">\n\t\t\t<div class=\"elementor-widget-wrap elementor-element-populated\">\n\t\t\t\t\t\t<div class=\"elementor-element elementor-element-fde8bac elementor-widget elementor-widget-heading\" data-id=\"fde8bac\" data-element_type=\"widget\" data-e-type=\"widget\" data-widget_type=\"heading.default\">\n\t\t\t\t<div class=\"elementor-widget-container\">\n\t\t\t\t\t<h3 class=\"elementor-heading-title elementor-size-default\">Services<\/h3>\t\t\t\t<\/div>\n\t\t\t\t<\/div>\n\t\t\t\t<div class=\"elementor-element elementor-element-dabfd23 elementor-widget elementor-widget-heading\" data-id=\"dabfd23\" data-element_type=\"widget\" data-e-type=\"widget\" data-widget_type=\"heading.default\">\n\t\t\t\t<div class=\"elementor-widget-container\">\n\t\t\t\t\t<h3 class=\"elementor-heading-title elementor-size-default\">Architectural drawings<\/h3>\t\t\t\t<\/div>\n\t\t\t\t<\/div>\n\t\t\t\t<div class=\"elementor-element elementor-element-d22d4b6 elementor-widget elementor-widget-text-editor\" data-id=\"d22d4b6\" data-element_type=\"widget\" data-e-type=\"widget\" data-widget_type=\"text-editor.default\">\n\t\t\t\t<div class=\"elementor-widget-container\">\n\t\t\t\t\t\t\t\t\t<ul><li data-start=\"1544\" data-end=\"1590\">Digital drawings and measured surveys of the space<\/li><li data-section-id=\"19kccmc\" data-start=\"1591\" data-end=\"1659\"><p data-start=\"1593\" data-end=\"1659\">Floor plan and space layout with furniture placement recommendations<\/p><\/li><li data-section-id=\"zn6s9w\" data-start=\"1660\" data-end=\"1703\"><p data-start=\"1662\" data-end=\"1703\">Interior finishing plan with wall elevations<\/p><\/li><li data-section-id=\"eowcy\" data-start=\"1704\" data-end=\"1722\"><p data-start=\"1706\" data-end=\"1722\">Lighting plan<\/p><\/li><li data-section-id=\"kp1vrw\" data-start=\"1723\" data-end=\"1801\"><p data-start=\"1725\" data-end=\"1801\">Technical drawings for custom solutions to ensure accurate execution for builders<\/p><\/li><\/ul>\t\t\t\t\t\t\t\t<\/div>\n\t\t\t\t<\/div>\n\t\t\t\t<div class=\"elementor-element elementor-element-889fd14 elementor-widget elementor-widget-heading\" data-id=\"889fd14\" data-element_type=\"widget\" data-e-type=\"widget\" data-widget_type=\"heading.default\">\n\t\t\t\t<div class=\"elementor-widget-container\">\n\t\t\t\t\t<h3 class=\"elementor-heading-title elementor-size-default\">Interior design concept<\/h3>\t\t\t\t<\/div>\n\t\t\t\t<\/div>\n\t\t\t\t<div class=\"elementor-element elementor-element-a4d66b3 elementor-widget elementor-widget-text-editor\" data-id=\"a4d66b3\" data-element_type=\"widget\" data-e-type=\"widget\" data-widget_type=\"text-editor.default\">\n\t\t\t\t<div class=\"elementor-widget-container\">\n\t\t\t\t\t\t\t\t\t<ul><li data-section-id=\"sob46c\" data-start=\"1974\" data-end=\"2014\"><p data-start=\"1976\" data-end=\"2014\">Recommendations for interior finishing materials<\/p><\/li><li data-section-id=\"1h70pvr\" data-start=\"2015\" data-end=\"2073\"><p data-start=\"2017\" data-end=\"2073\">Room-by-room moodboards<\/p><\/li><li data-section-id=\"18zhy4x\" data-start=\"2074\" data-end=\"2102\"><p data-start=\"2076\" data-end=\"2102\">Furniture selection recommendations<\/p><\/li><li data-section-id=\"15yrc2b\" data-start=\"2103\" data-end=\"2164\"><p data-start=\"2105\" data-end=\"2164\">Lighting concept and fixture recommendations<\/p><\/li><li data-section-id=\"1rnxg2r\" data-start=\"2165\" data-end=\"2203\"><p data-start=\"2167\" data-end=\"2203\">Custom furniture design and drawings<\/p><\/li><\/ul>\t\t\t\t\t\t\t\t<\/div>\n\t\t\t\t<\/div>\n\t\t\t\t<div class=\"elementor-element elementor-element-9a9a952 elementor-widget elementor-widget-heading\" data-id=\"9a9a952\" data-element_type=\"widget\" data-e-type=\"widget\" data-widget_type=\"heading.default\">\n\t\t\t\t<div class=\"elementor-widget-container\">\n\t\t\t\t\t<h3 class=\"elementor-heading-title elementor-size-default\">Project management<\/h3>\t\t\t\t<\/div>\n\t\t\t\t<\/div>\n\t\t\t\t<div class=\"elementor-element elementor-element-a8ebde5 elementor-widget elementor-widget-text-editor\" data-id=\"a8ebde5\" data-element_type=\"widget\" data-e-type=\"widget\" data-widget_type=\"text-editor.default\">\n\t\t\t\t<div class=\"elementor-widget-container\">\n\t\t\t\t\t\t\t\t\t<ul><li data-start=\"2330\" data-end=\"2367\">Organisation of works and contractors<\/li><li data-start=\"2330\" data-end=\"2367\">Coordination of construction and interior works<\/li><li data-start=\"2330\" data-end=\"2367\">Arrangement of furniture and interior orders, including logistics and delivery<\/li><li data-start=\"2330\" data-end=\"2367\">Supervision of the project to ensure smooth progress until completion<\/li><li style=\"list-style-type: none;\">\u00a0<\/li><\/ul>\t\t\t\t\t\t\t\t<\/div>\n\t\t\t\t<\/div>\n\t\t\t\t\t<\/div>\n\t\t<\/div>\n\t\t\t\t\t<\/div>\n\t\t<\/section>\n\t\t\t\t\t<\/div>\n\t\t<\/div>\n\t\t\t\t<div class=\"elementor-column elementor-col-50 elementor-top-column elementor-element elementor-element-8391c80\" data-id=\"8391c80\" data-element_type=\"column\" data-e-type=\"column\">\n\t\t\t<div class=\"elementor-widget-wrap elementor-element-populated\">\n\t\t\t\t\t\t<div class=\"elementor-element elementor-element-81cafaa elementor-widget elementor-widget-image\" data-id=\"81cafaa\" data-element_type=\"widget\" data-e-type=\"widget\" data-widget_type=\"image.default\">\n\t\t\t\t<div class=\"elementor-widget-container\">\n\t\t\t\t\t\t\t\t\t\t\t\t\t\t\t<img fetchpriority=\"high\" decoding=\"async\" width=\"768\" height=\"1152\" src=\"https:\/\/novekinnisvara.ee\/wp-content\/uploads\/2026\/03\/Untitled-768-x-1152-px-500-x-788-px-768-x-1152-px.jpg\" class=\"attachment-full size-full wp-image-12829\" alt=\"\" srcset=\"https:\/\/novekinnisvara.ee\/wp-content\/uploads\/2026\/03\/Untitled-768-x-1152-px-500-x-788-px-768-x-1152-px.jpg 768w, https:\/\/novekinnisvara.ee\/wp-content\/uploads\/2026\/03\/Untitled-768-x-1152-px-500-x-788-px-768-x-1152-px-400x600.jpg 400w, https:\/\/novekinnisvara.ee\/wp-content\/uploads\/2026\/03\/Untitled-768-x-1152-px-500-x-788-px-768-x-1152-px-683x1024.jpg 683w, https:\/\/novekinnisvara.ee\/wp-content\/uploads\/2026\/03\/Untitled-768-x-1152-px-500-x-788-px-768-x-1152-px-8x12.jpg 8w\" sizes=\"(max-width: 768px) 100vw, 768px\" \/>\t\t\t\t\t\t\t\t\t\t\t\t\t\t\t<\/div>\n\t\t\t\t<\/div>\n\t\t\t\t\t<\/div>\n\t\t<\/div>\n\t\t\t\t\t<\/div>\n\t\t<\/section>\n\t\t\t\t<\/div>","protected":false},"excerpt":{"rendered":"<p>Sisearhitekt caitlyn kesa caitlyn@novekinnisvara.ee +372 5340 4006 Caitlyn on sisearhitekt, 6 tase \u2014 looja, leiutaja, unistaja.\u00a0 Caitlyni t\u00f6\u00f6s on peamisel kohal tasakaal, et tulemus oleks isikup\u00e4rane, kuid ajatu. Toetaks keha ja vaimu. Oleks esteetiline kui ka tehniline.\u00a0 Sisearhitekti rolli n\u00e4eb kui kaasloojat keskkonna ja teostajatega. Nende koost\u00f6\u00f6 harmoonilisus peegeldub ka tulemuses. Interj\u00f6\u00f6ris hindab materjalide, vormide [&hellip;]<\/p>\n","protected":false},"author":1,"featured_media":0,"parent":0,"menu_order":1,"comment_status":"closed","ping_status":"closed","template":"","meta":{"_acf_changed":false,"_uag_custom_page_level_css":"","_uf_show_specific_survey":0,"_uf_disable_surveys":false,"site-sidebar-layout":"no-sidebar","site-content-layout":"page-builder","ast-site-content-layout":"full-width-container","site-content-style":"default","site-sidebar-style":"default","ast-global-header-display":"","ast-banner-title-visibility":"","ast-main-header-display":"","ast-hfb-above-header-display":"","ast-hfb-below-header-display":"","ast-hfb-mobile-header-display":"","site-post-title":"disabled","ast-breadcrumbs-content":"","ast-featured-img":"disabled","footer-sml-layout":"","ast-disable-related-posts":"","theme-transparent-header-meta":"default","adv-header-id-meta":"","stick-header-meta":"","header-above-stick-meta":"","header-main-stick-meta":"","header-below-stick-meta":"","astra-migrate-meta-layouts":"set","ast-page-background-enabled":"default","ast-page-background-meta":{"desktop":{"background-color":"","background-image":"","background-repeat":"repeat","background-position":"center center","background-size":"auto","background-attachment":"scroll","background-type":"","background-media":"","overlay-type":"","overlay-color":"","overlay-opacity":"","overlay-gradient":""},"tablet":{"background-color":"","background-image":"","background-repeat":"repeat","background-position":"center center","background-size":"auto","background-attachment":"scroll","background-type":"","background-media":"","overlay-type":"","overlay-color":"","overlay-opacity":"","overlay-gradient":""},"mobile":{"background-color":"","background-image":"","background-repeat":"repeat","background-position":"center center","background-size":"auto","background-attachment":"scroll","background-type":"","background-media":"","overlay-type":"","overlay-color":"","overlay-opacity":"","overlay-gradient":""}},"ast-content-background-meta":{"desktop":{"background-color":"var(--ast-global-color-5)","background-image":"","background-repeat":"repeat","background-position":"center center","background-size":"auto","background-attachment":"scroll","background-type":"","background-media":"","overlay-type":"","overlay-color":"","overlay-opacity":"","overlay-gradient":""},"tablet":{"background-color":"var(--ast-global-color-5)","background-image":"","background-repeat":"repeat","background-position":"center center","background-size":"auto","background-attachment":"scroll","background-type":"","background-media":"","overlay-type":"","overlay-color":"","overlay-opacity":"","overlay-gradient":""},"mobile":{"background-color":"var(--ast-global-color-5)","background-image":"","background-repeat":"repeat","background-position":"center center","background-size":"auto","background-attachment":"scroll","background-type":"","background-media":"","overlay-type":"","overlay-color":"","overlay-opacity":"","overlay-gradient":""}},"footnotes":""},"class_list":["post-12833","page","type-page","status-publish","hentry"],"acf":[],"aioseo_notices":[],"uagb_featured_image_src":{"full":false,"thumbnail":false,"medium":false,"medium_large":false,"large":false,"1536x1536":false,"2048x2048":false,"trp-custom-language-flag":false,"woocommerce_thumbnail":false,"woocommerce_single":false,"woocommerce_gallery_thumbnail":false},"uagb_author_info":{"display_name":"Erika Truuverk","author_link":"https:\/\/novekinnisvara.ee\/en\/author\/erika-truuverk\/"},"uagb_comment_info":0,"uagb_excerpt":"Sisearhitekt caitlyn kesa caitlyn@novekinnisvara.ee +372 5340 4006 Caitlyn on sisearhitekt, 6 tase \u2014 looja, leiutaja, unistaja.\u00a0 Caitlyni t\u00f6\u00f6s on peamisel kohal tasakaal, et tulemus oleks isikup\u00e4rane, kuid ajatu. Toetaks keha ja vaimu. Oleks esteetiline kui ka tehniline.\u00a0 Sisearhitekti rolli n\u00e4eb kui kaasloojat keskkonna ja teostajatega. Nende koost\u00f6\u00f6 harmoonilisus peegeldub ka tulemuses. Interj\u00f6\u00f6ris hindab materjalide, vormide&hellip;","rttpg_featured_image_url":null,"rttpg_author":{"display_name":"Erika Truuverk","author_link":"https:\/\/novekinnisvara.ee\/en\/author\/erika-truuverk\/"},"rttpg_comment":0,"rttpg_category":null,"rttpg_excerpt":"Sisearhitekt caitlyn kesa caitlyn@novekinnisvara.ee +372 5340 4006 Caitlyn on sisearhitekt, 6 tase \u2014 looja, leiutaja, unistaja.\u00a0 Caitlyni t\u00f6\u00f6s on peamisel kohal tasakaal, et tulemus oleks isikup\u00e4rane, kuid ajatu. Toetaks keha ja vaimu. Oleks esteetiline kui ka tehniline.\u00a0 Sisearhitekti rolli n\u00e4eb kui kaasloojat keskkonna ja teostajatega. Nende koost\u00f6\u00f6 harmoonilisus peegeldub ka tulemuses. Interj\u00f6\u00f6ris hindab materjalide, vormide&hellip;","_links":{"self":[{"href":"https:\/\/novekinnisvara.ee\/en\/wp-json\/wp\/v2\/pages\/12833","targetHints":{"allow":["GET"]}}],"collection":[{"href":"https:\/\/novekinnisvara.ee\/en\/wp-json\/wp\/v2\/pages"}],"about":[{"href":"https:\/\/novekinnisvara.ee\/en\/wp-json\/wp\/v2\/types\/page"}],"author":[{"embeddable":true,"href":"https:\/\/novekinnisvara.ee\/en\/wp-json\/wp\/v2\/users\/1"}],"replies":[{"embeddable":true,"href":"https:\/\/novekinnisvara.ee\/en\/wp-json\/wp\/v2\/comments?post=12833"}],"version-history":[{"count":4,"href":"https:\/\/novekinnisvara.ee\/en\/wp-json\/wp\/v2\/pages\/12833\/revisions"}],"predecessor-version":[{"id":12837,"href":"https:\/\/novekinnisvara.ee\/en\/wp-json\/wp\/v2\/pages\/12833\/revisions\/12837"}],"wp:attachment":[{"href":"https:\/\/novekinnisvara.ee\/en\/wp-json\/wp\/v2\/media?parent=12833"}],"curies":[{"name":"wp","href":"https:\/\/api.w.org\/{rel}","templated":true}]}}