{"id":5861,"date":"2025-04-02T08:56:03","date_gmt":"2025-04-02T08:56:03","guid":{"rendered":"https:\/\/novekinnisvara.ee\/?page_id=5861"},"modified":"2026-03-08T16:55:49","modified_gmt":"2026-03-08T14:55:49","slug":"erika-truuverk","status":"publish","type":"page","link":"https:\/\/novekinnisvara.ee\/en\/erika-truuverk\/","title":{"rendered":"Erika Truuverk"},"content":{"rendered":"<div data-elementor-type=\"wp-page\" data-elementor-id=\"5861\" class=\"elementor elementor-5861\">\n\t\t\t\t<div class=\"elementor-element elementor-element-685ba43 e-flex e-con-boxed e-con e-parent\" data-id=\"685ba43\" data-element_type=\"container\" data-e-type=\"container\" data-settings=\"{&quot;background_background&quot;:&quot;classic&quot;}\">\n\t\t\t\t\t<div class=\"e-con-inner\">\n\t\t<div class=\"elementor-element elementor-element-5c865f5 e-con-full e-flex e-con e-child\" data-id=\"5c865f5\" data-element_type=\"container\" data-e-type=\"container\">\n\t\t\t\t<div class=\"elementor-element elementor-element-9b24849 elementor-widget elementor-widget-heading\" data-id=\"9b24849\" data-element_type=\"widget\" data-e-type=\"widget\" data-widget_type=\"heading.default\">\n\t\t\t\t<div class=\"elementor-widget-container\">\n\t\t\t\t\t<h2 class=\"elementor-heading-title elementor-size-default\">Brokers<\/h2>\t\t\t\t<\/div>\n\t\t\t\t<\/div>\n\t\t\t\t<\/div>\n\t\t\t\t\t<\/div>\n\t\t\t\t<\/div>\n\t\t\t\t<section class=\"elementor-section elementor-top-section elementor-element elementor-element-zd7er4g elementor-reverse-mobile elementor-section-boxed elementor-section-height-default elementor-section-height-default\" data-id=\"zd7er4g\" data-element_type=\"section\" data-e-type=\"section\" data-settings=\"{&quot;background_background&quot;:&quot;classic&quot;}\">\n\t\t\t\t\t\t<div class=\"elementor-container elementor-column-gap-default\">\n\t\t\t\t\t<div class=\"elementor-column elementor-col-50 elementor-top-column elementor-element elementor-element-f25b8e3\" data-id=\"f25b8e3\" data-element_type=\"column\" data-e-type=\"column\">\n\t\t\t<div class=\"elementor-widget-wrap elementor-element-populated\">\n\t\t\t\t\t\t<div class=\"elementor-element elementor-element-d19f710 elementor-widget elementor-widget-heading\" data-id=\"d19f710\" data-element_type=\"widget\" data-e-type=\"widget\" data-widget_type=\"heading.default\">\n\t\t\t\t<div class=\"elementor-widget-container\">\n\t\t\t\t\t<h2 class=\"elementor-heading-title elementor-size-default\">erika truuverk<\/h2>\t\t\t\t<\/div>\n\t\t\t\t<\/div>\n\t\t\t\t<div class=\"elementor-element elementor-element-dbabe58 elementor-widget__width-initial elementor-icon-list--layout-traditional elementor-list-item-link-full_width elementor-widget elementor-widget-icon-list\" data-id=\"dbabe58\" data-element_type=\"widget\" data-e-type=\"widget\" data-widget_type=\"icon-list.default\">\n\t\t\t\t<div class=\"elementor-widget-container\">\n\t\t\t\t\t\t\t<ul class=\"elementor-icon-list-items\">\n\t\t\t\t\t\t\t<li class=\"elementor-icon-list-item\">\n\t\t\t\t\t\t\t\t\t\t\t<a href=\"http:\/\/erika.truuverk@novekinnisvara.ee\/en\/\" target=\"_blank\">\n\n\t\t\t\t\t\t\t\t\t\t\t\t<span class=\"elementor-icon-list-icon\">\n\t\t\t\t\t\t\t<i aria-hidden=\"true\" class=\"fas fa-envelope\"><\/i>\t\t\t\t\t\t<\/span>\n\t\t\t\t\t\t\t\t\t\t<span class=\"elementor-icon-list-text\">erika@novekinnisvara.ee<\/span>\n\t\t\t\t\t\t\t\t\t\t\t<\/a>\n\t\t\t\t\t\t\t\t\t<\/li>\n\t\t\t\t\t\t\t\t<li class=\"elementor-icon-list-item\">\n\t\t\t\t\t\t\t\t\t\t\t<a href=\"http:\/\/+372%20528%207060\">\n\n\t\t\t\t\t\t\t\t\t\t\t\t<span class=\"elementor-icon-list-icon\">\n\t\t\t\t\t\t\t<i aria-hidden=\"true\" class=\"fas fa-phone-square\"><\/i>\t\t\t\t\t\t<\/span>\n\t\t\t\t\t\t\t\t\t\t<span class=\"elementor-icon-list-text\">+372 528 7060<\/span>\n\t\t\t\t\t\t\t\t\t\t\t<\/a>\n\t\t\t\t\t\t\t\t\t<\/li>\n\t\t\t\t\t\t<\/ul>\n\t\t\t\t\t\t<\/div>\n\t\t\t\t<\/div>\n\t\t\t\t<div class=\"elementor-element elementor-element-8b15ad4 elementor-widget__width-initial elementor-widget elementor-widget-text-editor\" data-id=\"8b15ad4\" data-element_type=\"widget\" data-e-type=\"widget\" data-widget_type=\"text-editor.default\">\n\t\t\t\t<div class=\"elementor-widget-container\">\n\t\t\t\t\t\t\t\t\t<p>In the Real Estate Agent Registry&nbsp;<\/p>\n<p>Member of the Estonian Chamber of Real Estate Agents<\/p>\t\t\t\t\t\t\t\t<\/div>\n\t\t\t\t<\/div>\n\t\t\t\t<div class=\"elementor-element elementor-element-73a8420 elementor-widget elementor-widget-text-editor\" data-id=\"73a8420\" data-element_type=\"widget\" data-e-type=\"widget\" data-widget_type=\"text-editor.default\">\n\t\t\t\t<div class=\"elementor-widget-container\">\n\t\t\t\t\t\t\t\t\t<p data-start=\"108\" data-end=\"398\">Before moving into the real estate sector, I worked for many years at \u00c4rip\u00e4ev, where I led the sales department and subscription center, and managed several business development projects.<\/p>\n<p data-start=\"400\" data-end=\"758\">My experience in the media sector has given me a strong foundation in strategic thinking, implementing innovative solutions, sales, and communication. I hold a higher education degree in financial accounting and a Master\u2019s degree in Business Administration, which support me in understanding and managing both the financial and strategic aspects of real estate transactions in my daily work.<\/p>\n<p class=\"p1\">At Nove Kinnisvara, in addition to leading the company, I am responsible for the agency\u2019s visibility and digital marketing \u2013 implementing various campaigns and developing our website to ensure information reaches clients quickly and effectively.<\/p>\n<p class=\"p1\">As a real estate agent, I deal with the sale and rental of both residential and commercial real estate, mainly in Tallinn and Harju County. I regularly attend real estate agent training courses, keep an eye on market information on a daily basis, and am a member of the Estonian Chamber of Real Estate Agents to stay up to date with developments in the field.<\/p>\n<p class=\"p1\">I am characterized by honesty, goodwill and thoroughness. I value professionalism and systematicity. I appreciate a respectful communication style and want the client to feel cared for and understood. I am not afraid of complex situations or responsibility - on the contrary, challenges inspire me to find smart and effective solutions.<\/p>\n<p class=\"p1\">In my free time, I enjoy golf and sailing, I love painting and photography, and I find inspiration in music.<\/p>\n<p class=\"p1\">If you are looking for a real estate partner who does their job with joy and heart, get in touch!<\/p>\t\t\t\t\t\t\t\t<\/div>\n\t\t\t\t<\/div>\n\t\t\t\t<section class=\"elementor-section elementor-inner-section elementor-element elementor-element-f3d436a elementor-section-boxed elementor-section-height-default elementor-section-height-default\" data-id=\"f3d436a\" data-element_type=\"section\" data-e-type=\"section\" data-settings=\"{&quot;background_background&quot;:&quot;classic&quot;}\">\n\t\t\t\t\t\t<div class=\"elementor-container elementor-column-gap-no\">\n\t\t\t\t\t<div class=\"elementor-column elementor-col-100 elementor-inner-column elementor-element elementor-element-9b44d17\" data-id=\"9b44d17\" data-element_type=\"column\" data-e-type=\"column\">\n\t\t\t<div class=\"elementor-widget-wrap elementor-element-populated\">\n\t\t\t\t\t\t<div class=\"elementor-element elementor-element-fde8bac elementor-widget elementor-widget-heading\" data-id=\"fde8bac\" data-element_type=\"widget\" data-e-type=\"widget\" data-widget_type=\"heading.default\">\n\t\t\t\t<div class=\"elementor-widget-container\">\n\t\t\t\t\t<h3 class=\"elementor-heading-title elementor-size-default\">Customer Feedback and Recommendations<\/h3>\t\t\t\t<\/div>\n\t\t\t\t<\/div>\n\t\t\t\t<div class=\"elementor-element elementor-element-d22d4b6 elementor-widget elementor-widget-text-editor\" data-id=\"d22d4b6\" data-element_type=\"widget\" data-e-type=\"widget\" data-widget_type=\"text-editor.default\">\n\t\t\t\t<div class=\"elementor-widget-container\">\n\t\t\t\t\t\t\t\t\t<p class=\"gmail-p2\"><strong>Liisa ja Enari<\/strong><br \/>We also want to thank you for all the time and energy you spent on us.\u00a0<span style=\"font-style: inherit; font-weight: inherit; background-color: var( --e-global-color-astglobalcolor4 ); color: var(--ast-global-color-3);\">Thank you very much for your very professional and prompt action! We will definitely recommend you to others.\u00a0<\/span><\/p><p class=\"translation-block\"><strong>Haigo<\/strong><br>The agent was friendly, helpful, and always available, and all questions were answered promptly. As a result, the entire process was smooth and efficient.<\/p><p>\u00a0<\/p>\t\t\t\t\t\t\t\t<\/div>\n\t\t\t\t<\/div>\n\t\t\t\t\t<\/div>\n\t\t<\/div>\n\t\t\t\t\t<\/div>\n\t\t<\/section>\n\t\t\t\t\t<\/div>\n\t\t<\/div>\n\t\t\t\t<div class=\"elementor-column elementor-col-50 elementor-top-column elementor-element elementor-element-8391c80\" data-id=\"8391c80\" data-element_type=\"column\" data-e-type=\"column\">\n\t\t\t<div class=\"elementor-widget-wrap elementor-element-populated\">\n\t\t\t\t\t\t<div class=\"elementor-element elementor-element-81cafaa elementor-widget elementor-widget-image\" data-id=\"81cafaa\" data-element_type=\"widget\" data-e-type=\"widget\" data-widget_type=\"image.default\">\n\t\t\t\t<div class=\"elementor-widget-container\">\n\t\t\t\t\t\t\t\t\t\t\t\t\t\t\t<img fetchpriority=\"high\" decoding=\"async\" width=\"768\" height=\"1152\" src=\"https:\/\/novekinnisvara.ee\/wp-content\/uploads\/2025\/10\/Untitled-768-x-1152-px-5.jpg\" class=\"attachment-full size-full wp-image-10100\" alt=\"\" srcset=\"https:\/\/novekinnisvara.ee\/wp-content\/uploads\/2025\/10\/Untitled-768-x-1152-px-5.jpg 768w, https:\/\/novekinnisvara.ee\/wp-content\/uploads\/2025\/10\/Untitled-768-x-1152-px-5-400x600.jpg 400w, https:\/\/novekinnisvara.ee\/wp-content\/uploads\/2025\/10\/Untitled-768-x-1152-px-5-683x1024.jpg 683w, https:\/\/novekinnisvara.ee\/wp-content\/uploads\/2025\/10\/Untitled-768-x-1152-px-5-8x12.jpg 8w\" sizes=\"(max-width: 768px) 100vw, 768px\" \/>\t\t\t\t\t\t\t\t\t\t\t\t\t\t\t<\/div>\n\t\t\t\t<\/div>\n\t\t\t\t\t<\/div>\n\t\t<\/div>\n\t\t\t\t\t<\/div>\n\t\t<\/section>\n\t\t\t\t<\/div>","protected":false},"excerpt":{"rendered":"<p>Maaklerid erika truuverk erika@novekinnisvara.ee +372 528 7060 Maaklerite registris&nbsp; Eesti Kinnisvaramaaklerite Koja liige Enne kinnisvarasektorisse siirdumist t\u00f6\u00f6tasin pikalt \u00c4rip\u00e4eva meediamajas, kus juhtisin m\u00fc\u00fcgiosakonda ja tellimiskeskust ning vedasin eest mitmeid \u00e4riarendusprojekte. T\u00f6\u00f6kogemus meediavaldkonnas andis mulle tugeva aluse strateegiliseks m\u00f5tlemiseks, uuenduslike lahenduste elluviimiseks, m\u00fc\u00fcgit\u00f6\u00f6ks ja inimestega suhtlemiseks. Oman finantsarvestuse alast k\u00f5rgharidust ning magistrikraadi \u00e4rijuhtimises, mis toetavad mind [&hellip;]<\/p>\n","protected":false},"author":1,"featured_media":0,"parent":0,"menu_order":1,"comment_status":"closed","ping_status":"closed","template":"","meta":{"_acf_changed":false,"_uag_custom_page_level_css":"","_uf_show_specific_survey":0,"_uf_disable_surveys":false,"site-sidebar-layout":"no-sidebar","site-content-layout":"page-builder","ast-site-content-layout":"full-width-container","site-content-style":"default","site-sidebar-style":"default","ast-global-header-display":"","ast-banner-title-visibility":"","ast-main-header-display":"","ast-hfb-above-header-display":"","ast-hfb-below-header-display":"","ast-hfb-mobile-header-display":"","site-post-title":"disabled","ast-breadcrumbs-content":"","ast-featured-img":"disabled","footer-sml-layout":"","ast-disable-related-posts":"","theme-transparent-header-meta":"default","adv-header-id-meta":"","stick-header-meta":"","header-above-stick-meta":"","header-main-stick-meta":"","header-below-stick-meta":"","astra-migrate-meta-layouts":"set","ast-page-background-enabled":"default","ast-page-background-meta":{"desktop":{"background-color":"","background-image":"","background-repeat":"repeat","background-position":"center center","background-size":"auto","background-attachment":"scroll","background-type":"","background-media":"","overlay-type":"","overlay-color":"","overlay-opacity":"","overlay-gradient":""},"tablet":{"background-color":"","background-image":"","background-repeat":"repeat","background-position":"center center","background-size":"auto","background-attachment":"scroll","background-type":"","background-media":"","overlay-type":"","overlay-color":"","overlay-opacity":"","overlay-gradient":""},"mobile":{"background-color":"","background-image":"","background-repeat":"repeat","background-position":"center center","background-size":"auto","background-attachment":"scroll","background-type":"","background-media":"","overlay-type":"","overlay-color":"","overlay-opacity":"","overlay-gradient":""}},"ast-content-background-meta":{"desktop":{"background-color":"var(--ast-global-color-5)","background-image":"","background-repeat":"repeat","background-position":"center center","background-size":"auto","background-attachment":"scroll","background-type":"","background-media":"","overlay-type":"","overlay-color":"","overlay-opacity":"","overlay-gradient":""},"tablet":{"background-color":"var(--ast-global-color-5)","background-image":"","background-repeat":"repeat","background-position":"center center","background-size":"auto","background-attachment":"scroll","background-type":"","background-media":"","overlay-type":"","overlay-color":"","overlay-opacity":"","overlay-gradient":""},"mobile":{"background-color":"var(--ast-global-color-5)","background-image":"","background-repeat":"repeat","background-position":"center center","background-size":"auto","background-attachment":"scroll","background-type":"","background-media":"","overlay-type":"","overlay-color":"","overlay-opacity":"","overlay-gradient":""}},"footnotes":""},"class_list":["post-5861","page","type-page","status-publish","hentry"],"acf":[],"aioseo_notices":[],"uagb_featured_image_src":{"full":false,"thumbnail":false,"medium":false,"medium_large":false,"large":false,"1536x1536":false,"2048x2048":false,"trp-custom-language-flag":false,"woocommerce_thumbnail":false,"woocommerce_single":false,"woocommerce_gallery_thumbnail":false},"uagb_author_info":{"display_name":"Erika Truuverk","author_link":"https:\/\/novekinnisvara.ee\/en\/author\/erika-truuverk\/"},"uagb_comment_info":0,"uagb_excerpt":"Maaklerid erika truuverk erika@novekinnisvara.ee +372 528 7060 Maaklerite registris&nbsp; Eesti Kinnisvaramaaklerite Koja liige Enne kinnisvarasektorisse siirdumist t\u00f6\u00f6tasin pikalt \u00c4rip\u00e4eva meediamajas, kus juhtisin m\u00fc\u00fcgiosakonda ja tellimiskeskust ning vedasin eest mitmeid \u00e4riarendusprojekte. T\u00f6\u00f6kogemus meediavaldkonnas andis mulle tugeva aluse strateegiliseks m\u00f5tlemiseks, uuenduslike lahenduste elluviimiseks, m\u00fc\u00fcgit\u00f6\u00f6ks ja inimestega suhtlemiseks. Oman finantsarvestuse alast k\u00f5rgharidust ning magistrikraadi \u00e4rijuhtimises, mis toetavad mind&hellip;","rttpg_featured_image_url":null,"rttpg_author":{"display_name":"Erika Truuverk","author_link":"https:\/\/novekinnisvara.ee\/en\/author\/erika-truuverk\/"},"rttpg_comment":0,"rttpg_category":null,"rttpg_excerpt":"Maaklerid erika truuverk erika@novekinnisvara.ee +372 528 7060 Maaklerite registris&nbsp; Eesti Kinnisvaramaaklerite Koja liige Enne kinnisvarasektorisse siirdumist t\u00f6\u00f6tasin pikalt \u00c4rip\u00e4eva meediamajas, kus juhtisin m\u00fc\u00fcgiosakonda ja tellimiskeskust ning vedasin eest mitmeid \u00e4riarendusprojekte. T\u00f6\u00f6kogemus meediavaldkonnas andis mulle tugeva aluse strateegiliseks m\u00f5tlemiseks, uuenduslike lahenduste elluviimiseks, m\u00fc\u00fcgit\u00f6\u00f6ks ja inimestega suhtlemiseks. Oman finantsarvestuse alast k\u00f5rgharidust ning magistrikraadi \u00e4rijuhtimises, mis toetavad mind&hellip;","_links":{"self":[{"href":"https:\/\/novekinnisvara.ee\/en\/wp-json\/wp\/v2\/pages\/5861","targetHints":{"allow":["GET"]}}],"collection":[{"href":"https:\/\/novekinnisvara.ee\/en\/wp-json\/wp\/v2\/pages"}],"about":[{"href":"https:\/\/novekinnisvara.ee\/en\/wp-json\/wp\/v2\/types\/page"}],"author":[{"embeddable":true,"href":"https:\/\/novekinnisvara.ee\/en\/wp-json\/wp\/v2\/users\/1"}],"replies":[{"embeddable":true,"href":"https:\/\/novekinnisvara.ee\/en\/wp-json\/wp\/v2\/comments?post=5861"}],"version-history":[{"count":12,"href":"https:\/\/novekinnisvara.ee\/en\/wp-json\/wp\/v2\/pages\/5861\/revisions"}],"predecessor-version":[{"id":12752,"href":"https:\/\/novekinnisvara.ee\/en\/wp-json\/wp\/v2\/pages\/5861\/revisions\/12752"}],"wp:attachment":[{"href":"https:\/\/novekinnisvara.ee\/en\/wp-json\/wp\/v2\/media?parent=5861"}],"curies":[{"name":"wp","href":"https:\/\/api.w.org\/{rel}","templated":true}]}}