{"id":5863,"date":"2025-04-02T08:57:32","date_gmt":"2025-04-02T08:57:32","guid":{"rendered":"https:\/\/novekinnisvara.ee\/?page_id=5863"},"modified":"2026-03-08T16:58:32","modified_gmt":"2026-03-08T14:58:32","slug":"anu-uuemois","status":"publish","type":"page","link":"https:\/\/novekinnisvara.ee\/en\/anu-uuemois\/","title":{"rendered":"Anu Uuem\u00f5is"},"content":{"rendered":"<div data-elementor-type=\"wp-page\" data-elementor-id=\"5863\" class=\"elementor elementor-5863\">\n\t\t\t\t<div class=\"elementor-element elementor-element-b706256 e-flex e-con-boxed e-con e-parent\" data-id=\"b706256\" data-element_type=\"container\" data-e-type=\"container\" data-settings=\"{&quot;background_background&quot;:&quot;classic&quot;}\">\n\t\t\t\t\t<div class=\"e-con-inner\">\n\t\t<div class=\"elementor-element elementor-element-ad1edaa e-con-full e-flex e-con e-child\" data-id=\"ad1edaa\" data-element_type=\"container\" data-e-type=\"container\">\n\t\t\t\t<div class=\"elementor-element elementor-element-43326f1 elementor-widget elementor-widget-heading\" data-id=\"43326f1\" data-element_type=\"widget\" data-e-type=\"widget\" data-widget_type=\"heading.default\">\n\t\t\t\t<div class=\"elementor-widget-container\">\n\t\t\t\t\t<h1 class=\"elementor-heading-title elementor-size-default\">Brokers<\/h1>\t\t\t\t<\/div>\n\t\t\t\t<\/div>\n\t\t\t\t<\/div>\n\t\t\t\t\t<\/div>\n\t\t\t\t<\/div>\n\t\t\t\t<section class=\"elementor-section elementor-top-section elementor-element elementor-element-zd7er4g elementor-reverse-mobile elementor-section-boxed elementor-section-height-default elementor-section-height-default\" data-id=\"zd7er4g\" data-element_type=\"section\" data-e-type=\"section\" data-settings=\"{&quot;background_background&quot;:&quot;classic&quot;}\">\n\t\t\t\t\t\t<div class=\"elementor-container elementor-column-gap-default\">\n\t\t\t\t\t<div class=\"elementor-column elementor-col-50 elementor-top-column elementor-element elementor-element-f25b8e3\" data-id=\"f25b8e3\" data-element_type=\"column\" data-e-type=\"column\">\n\t\t\t<div class=\"elementor-widget-wrap elementor-element-populated\">\n\t\t\t\t\t\t<div class=\"elementor-element elementor-element-d19f710 elementor-widget elementor-widget-heading\" data-id=\"d19f710\" data-element_type=\"widget\" data-e-type=\"widget\" data-widget_type=\"heading.default\">\n\t\t\t\t<div class=\"elementor-widget-container\">\n\t\t\t\t\t<h2 class=\"elementor-heading-title elementor-size-default\">anu uuem\u00f5is<\/h2>\t\t\t\t<\/div>\n\t\t\t\t<\/div>\n\t\t\t\t<div class=\"elementor-element elementor-element-a8b7992 elementor-widget__width-initial elementor-icon-list--layout-traditional elementor-list-item-link-full_width elementor-widget elementor-widget-icon-list\" data-id=\"a8b7992\" data-element_type=\"widget\" data-e-type=\"widget\" data-widget_type=\"icon-list.default\">\n\t\t\t\t<div class=\"elementor-widget-container\">\n\t\t\t\t\t\t\t<ul class=\"elementor-icon-list-items\">\n\t\t\t\t\t\t\t<li class=\"elementor-icon-list-item\">\n\t\t\t\t\t\t\t\t\t\t\t<a href=\"http:\/\/anu@novekinnisvara.ee\/en\/\" target=\"_blank\">\n\n\t\t\t\t\t\t\t\t\t\t\t\t<span class=\"elementor-icon-list-icon\">\n\t\t\t\t\t\t\t<i aria-hidden=\"true\" class=\"fas fa-envelope\"><\/i>\t\t\t\t\t\t<\/span>\n\t\t\t\t\t\t\t\t\t\t<span class=\"elementor-icon-list-text\">anu@novekinnisvara.ee<\/span>\n\t\t\t\t\t\t\t\t\t\t\t<\/a>\n\t\t\t\t\t\t\t\t\t<\/li>\n\t\t\t\t\t\t\t\t<li class=\"elementor-icon-list-item\">\n\t\t\t\t\t\t\t\t\t\t\t<a href=\"http:\/\/+372%205626%209607\">\n\n\t\t\t\t\t\t\t\t\t\t\t\t<span class=\"elementor-icon-list-icon\">\n\t\t\t\t\t\t\t<i aria-hidden=\"true\" class=\"fas fa-phone-square\"><\/i>\t\t\t\t\t\t<\/span>\n\t\t\t\t\t\t\t\t\t\t<span class=\"elementor-icon-list-text\">+372 5626 9607<\/span>\n\t\t\t\t\t\t\t\t\t\t\t<\/a>\n\t\t\t\t\t\t\t\t\t<\/li>\n\t\t\t\t\t\t<\/ul>\n\t\t\t\t\t\t<\/div>\n\t\t\t\t<\/div>\n\t\t\t\t<div class=\"elementor-element elementor-element-8b15ad4 elementor-widget__width-initial elementor-widget elementor-widget-text-editor\" data-id=\"8b15ad4\" data-element_type=\"widget\" data-e-type=\"widget\" data-widget_type=\"text-editor.default\">\n\t\t\t\t<div class=\"elementor-widget-container\">\n\t\t\t\t\t\t\t\t\t<p><span style=\"font-style: inherit; font-weight: inherit;\">Registered in the Real Estate Brokers Register, member of the Estonian Chamber of Real Estate Agents<\/span><\/p>\t\t\t\t\t\t\t\t<\/div>\n\t\t\t\t<\/div>\n\t\t\t\t<div class=\"elementor-element elementor-element-73a8420 elementor-widget elementor-widget-text-editor\" data-id=\"73a8420\" data-element_type=\"widget\" data-e-type=\"widget\" data-widget_type=\"text-editor.default\">\n\t\t\t\t<div class=\"elementor-widget-container\">\n\t\t\t\t\t\t\t\t\t<p>I love getting to know people and discovering their dreams, desires and needs. Working as a real estate agent, I offer my clients solutions to fulfill their dreams and desires. Whether it's a new home, the perfect office space, the best possible tenant or another delightful environment.<\/p><p>I have long-term management experience in the consulting and sales business. I have developed services and been responsible for continuously improving the quality of customer service. I have successfully conducted hundreds of negotiations to conclude agreements. In the 2024\/2025 academic year, I will participate in the in-service training of a real estate agent at the Tallinn School of Economics.\u00a0<\/p><p>Friends and acquaintances consider me a pleasant communicator and a very consistent person who works towards the goals I set. I have been playing golf actively for 10+ years and am a multiple Estonian champion in my age group. I have also represented Estonia at the European level.<\/p><p>I value thoroughness, accuracy, and adherence to agreements. I am empathetic and considerate to the maximum, I prioritize finding solutions, and I move towards them purposefully.<\/p>\t\t\t\t\t\t\t\t<\/div>\n\t\t\t\t<\/div>\n\t\t\t\t<section class=\"elementor-section elementor-inner-section elementor-element elementor-element-f3d436a elementor-section-boxed elementor-section-height-default elementor-section-height-default\" data-id=\"f3d436a\" data-element_type=\"section\" data-e-type=\"section\" data-settings=\"{&quot;background_background&quot;:&quot;classic&quot;}\">\n\t\t\t\t\t\t<div class=\"elementor-container elementor-column-gap-no\">\n\t\t\t\t\t<div class=\"elementor-column elementor-col-100 elementor-inner-column elementor-element elementor-element-9b44d17\" data-id=\"9b44d17\" data-element_type=\"column\" data-e-type=\"column\">\n\t\t\t<div class=\"elementor-widget-wrap elementor-element-populated\">\n\t\t\t\t\t\t<div class=\"elementor-element elementor-element-fde8bac elementor-widget elementor-widget-heading\" data-id=\"fde8bac\" data-element_type=\"widget\" data-e-type=\"widget\" data-widget_type=\"heading.default\">\n\t\t\t\t<div class=\"elementor-widget-container\">\n\t\t\t\t\t<h3 class=\"elementor-heading-title elementor-size-default\">recommendations<\/h3>\t\t\t\t<\/div>\n\t\t\t\t<\/div>\n\t\t\t\t<div class=\"elementor-element elementor-element-d22d4b6 elementor-widget elementor-widget-text-editor\" data-id=\"d22d4b6\" data-element_type=\"widget\" data-e-type=\"widget\" data-widget_type=\"text-editor.default\">\n\t\t\t\t<div class=\"elementor-widget-container\">\n\t\t\t\t\t\t\t\t\t<div><strong>Annika R\u00e4im<\/strong><\/div><p>Our family had a rather utopian desire regarding the need to find a nice, stylish, affordable apartment in Kalamaja, with optimal maintenance costs and where a young person could bake and make cakes.<\/p><p>Also, when I was already losing hope of finding office space that would meet the needs of our small organization and fit within the existing options, Anu came to our aid and found a suitable solution for us very quickly.\u00a0<\/p><p class=\"translation-block\">Anu is a real estate agent whose thoroughness, empathy, reliability in keeping promises, attention to detail, good taste, and pleasant communication skills not only helped fulfil my various wishes but also made the entire process smooth and enjoyable. This is not always a given in the real estate world \u2013 with Anu, it is!<\/p>\t\t\t\t\t\t\t\t<\/div>\n\t\t\t\t<\/div>\n\t\t\t\t\t<\/div>\n\t\t<\/div>\n\t\t\t\t\t<\/div>\n\t\t<\/section>\n\t\t\t\t\t<\/div>\n\t\t<\/div>\n\t\t\t\t<div class=\"elementor-column elementor-col-50 elementor-top-column elementor-element elementor-element-8391c80\" data-id=\"8391c80\" data-element_type=\"column\" data-e-type=\"column\">\n\t\t\t<div class=\"elementor-widget-wrap elementor-element-populated\">\n\t\t\t\t\t\t<div class=\"elementor-element elementor-element-81cafaa elementor-widget elementor-widget-image\" data-id=\"81cafaa\" data-element_type=\"widget\" data-e-type=\"widget\" data-widget_type=\"image.default\">\n\t\t\t\t<div class=\"elementor-widget-container\">\n\t\t\t\t\t\t\t\t\t\t\t\t\t\t\t<img fetchpriority=\"high\" decoding=\"async\" width=\"1365\" height=\"2048\" src=\"https:\/\/novekinnisvara.ee\/wp-content\/uploads\/2025\/10\/0G9A6563.jpg\" class=\"attachment-full size-full wp-image-10083\" alt=\"\" srcset=\"https:\/\/novekinnisvara.ee\/wp-content\/uploads\/2025\/10\/0G9A6563.jpg 1365w, https:\/\/novekinnisvara.ee\/wp-content\/uploads\/2025\/10\/0G9A6563-400x600.jpg 400w, https:\/\/novekinnisvara.ee\/wp-content\/uploads\/2025\/10\/0G9A6563-683x1024.jpg 683w, https:\/\/novekinnisvara.ee\/wp-content\/uploads\/2025\/10\/elementor\/thumbs\/0G9A6563-rjqf6zgpyf0nxlzj81j1geojguf3yzuq08h8f8al1c.jpg 768w, https:\/\/novekinnisvara.ee\/wp-content\/uploads\/2025\/10\/0G9A6563-1024x1536.jpg 1024w, https:\/\/novekinnisvara.ee\/wp-content\/uploads\/2025\/10\/0G9A6563-8x12.jpg 8w, https:\/\/novekinnisvara.ee\/wp-content\/uploads\/2025\/10\/0G9A6563-800x1200.jpg 800w\" sizes=\"(max-width: 1365px) 100vw, 1365px\" \/>\t\t\t\t\t\t\t\t\t\t\t\t\t\t\t<\/div>\n\t\t\t\t<\/div>\n\t\t\t\t\t<\/div>\n\t\t<\/div>\n\t\t\t\t\t<\/div>\n\t\t<\/section>\n\t\t\t\t<\/div>","protected":false},"excerpt":{"rendered":"<p>Maaklerid anu uuem\u00f5is anu@novekinnisvara.ee +372 5626 9607 Maaklerite registris, Eesti Kinnisvaramaaklerite Koja liige Mulle meeldib inimesi tundma \u00f5ppida ning avastada nende unistused, soovid ja vajadused. Maaklerina t\u00f6\u00f6tades pakun oma klientidele lahendusi nende unistuste ja soovide t\u00e4itmiseks. Olgu see uus kodu, ideaalne kontoripind, parim v\u00f5imalik \u00fc\u00fcrnik v\u00f5i muu r\u00f5\u00f5mustav keskkond. Mul on pikaajaline juhtimiskogemus konsultatsiooni- ja [&hellip;]<\/p>\n","protected":false},"author":1,"featured_media":0,"parent":0,"menu_order":1,"comment_status":"closed","ping_status":"closed","template":"","meta":{"_acf_changed":false,"_uag_custom_page_level_css":"","_uf_show_specific_survey":0,"_uf_disable_surveys":false,"site-sidebar-layout":"no-sidebar","site-content-layout":"page-builder","ast-site-content-layout":"full-width-container","site-content-style":"default","site-sidebar-style":"default","ast-global-header-display":"","ast-banner-title-visibility":"","ast-main-header-display":"","ast-hfb-above-header-display":"","ast-hfb-below-header-display":"","ast-hfb-mobile-header-display":"","site-post-title":"disabled","ast-breadcrumbs-content":"","ast-featured-img":"disabled","footer-sml-layout":"","ast-disable-related-posts":"","theme-transparent-header-meta":"default","adv-header-id-meta":"","stick-header-meta":"","header-above-stick-meta":"","header-main-stick-meta":"","header-below-stick-meta":"","astra-migrate-meta-layouts":"set","ast-page-background-enabled":"default","ast-page-background-meta":{"desktop":{"background-color":"","background-image":"","background-repeat":"repeat","background-position":"center center","background-size":"auto","background-attachment":"scroll","background-type":"","background-media":"","overlay-type":"","overlay-color":"","overlay-opacity":"","overlay-gradient":""},"tablet":{"background-color":"","background-image":"","background-repeat":"repeat","background-position":"center center","background-size":"auto","background-attachment":"scroll","background-type":"","background-media":"","overlay-type":"","overlay-color":"","overlay-opacity":"","overlay-gradient":""},"mobile":{"background-color":"","background-image":"","background-repeat":"repeat","background-position":"center center","background-size":"auto","background-attachment":"scroll","background-type":"","background-media":"","overlay-type":"","overlay-color":"","overlay-opacity":"","overlay-gradient":""}},"ast-content-background-meta":{"desktop":{"background-color":"var(--ast-global-color-5)","background-image":"","background-repeat":"repeat","background-position":"center center","background-size":"auto","background-attachment":"scroll","background-type":"","background-media":"","overlay-type":"","overlay-color":"","overlay-opacity":"","overlay-gradient":""},"tablet":{"background-color":"var(--ast-global-color-5)","background-image":"","background-repeat":"repeat","background-position":"center center","background-size":"auto","background-attachment":"scroll","background-type":"","background-media":"","overlay-type":"","overlay-color":"","overlay-opacity":"","overlay-gradient":""},"mobile":{"background-color":"var(--ast-global-color-5)","background-image":"","background-repeat":"repeat","background-position":"center center","background-size":"auto","background-attachment":"scroll","background-type":"","background-media":"","overlay-type":"","overlay-color":"","overlay-opacity":"","overlay-gradient":""}},"footnotes":""},"class_list":["post-5863","page","type-page","status-publish","hentry"],"acf":[],"aioseo_notices":[],"uagb_featured_image_src":{"full":false,"thumbnail":false,"medium":false,"medium_large":false,"large":false,"1536x1536":false,"2048x2048":false,"trp-custom-language-flag":false,"woocommerce_thumbnail":false,"woocommerce_single":false,"woocommerce_gallery_thumbnail":false},"uagb_author_info":{"display_name":"Erika Truuverk","author_link":"https:\/\/novekinnisvara.ee\/en\/author\/erika-truuverk\/"},"uagb_comment_info":0,"uagb_excerpt":"Maaklerid anu uuem\u00f5is anu@novekinnisvara.ee +372 5626 9607 Maaklerite registris, Eesti Kinnisvaramaaklerite Koja liige Mulle meeldib inimesi tundma \u00f5ppida ning avastada nende unistused, soovid ja vajadused. Maaklerina t\u00f6\u00f6tades pakun oma klientidele lahendusi nende unistuste ja soovide t\u00e4itmiseks. Olgu see uus kodu, ideaalne kontoripind, parim v\u00f5imalik \u00fc\u00fcrnik v\u00f5i muu r\u00f5\u00f5mustav keskkond. Mul on pikaajaline juhtimiskogemus konsultatsiooni- ja&hellip;","rttpg_featured_image_url":null,"rttpg_author":{"display_name":"Erika Truuverk","author_link":"https:\/\/novekinnisvara.ee\/en\/author\/erika-truuverk\/"},"rttpg_comment":0,"rttpg_category":null,"rttpg_excerpt":"Maaklerid anu uuem\u00f5is anu@novekinnisvara.ee +372 5626 9607 Maaklerite registris, Eesti Kinnisvaramaaklerite Koja liige Mulle meeldib inimesi tundma \u00f5ppida ning avastada nende unistused, soovid ja vajadused. Maaklerina t\u00f6\u00f6tades pakun oma klientidele lahendusi nende unistuste ja soovide t\u00e4itmiseks. Olgu see uus kodu, ideaalne kontoripind, parim v\u00f5imalik \u00fc\u00fcrnik v\u00f5i muu r\u00f5\u00f5mustav keskkond. Mul on pikaajaline juhtimiskogemus konsultatsiooni- ja&hellip;","_links":{"self":[{"href":"https:\/\/novekinnisvara.ee\/en\/wp-json\/wp\/v2\/pages\/5863","targetHints":{"allow":["GET"]}}],"collection":[{"href":"https:\/\/novekinnisvara.ee\/en\/wp-json\/wp\/v2\/pages"}],"about":[{"href":"https:\/\/novekinnisvara.ee\/en\/wp-json\/wp\/v2\/types\/page"}],"author":[{"embeddable":true,"href":"https:\/\/novekinnisvara.ee\/en\/wp-json\/wp\/v2\/users\/1"}],"replies":[{"embeddable":true,"href":"https:\/\/novekinnisvara.ee\/en\/wp-json\/wp\/v2\/comments?post=5863"}],"version-history":[{"count":12,"href":"https:\/\/novekinnisvara.ee\/en\/wp-json\/wp\/v2\/pages\/5863\/revisions"}],"predecessor-version":[{"id":12761,"href":"https:\/\/novekinnisvara.ee\/en\/wp-json\/wp\/v2\/pages\/5863\/revisions\/12761"}],"wp:attachment":[{"href":"https:\/\/novekinnisvara.ee\/en\/wp-json\/wp\/v2\/media?parent=5863"}],"curies":[{"name":"wp","href":"https:\/\/api.w.org\/{rel}","templated":true}]}}