{"id":5938,"date":"2025-04-02T19:01:42","date_gmt":"2025-04-02T19:01:42","guid":{"rendered":"https:\/\/novekinnisvara.ee\/?page_id=5938"},"modified":"2026-02-26T12:14:52","modified_gmt":"2026-02-26T10:14:52","slug":"tiina-laiverik","status":"publish","type":"page","link":"https:\/\/novekinnisvara.ee\/en\/tiina-laiverik\/","title":{"rendered":"Tiina Laiverik"},"content":{"rendered":"<div data-elementor-type=\"wp-page\" data-elementor-id=\"5938\" class=\"elementor elementor-5938\">\n\t\t\t\t<div class=\"elementor-element elementor-element-1f01822 e-flex e-con-boxed e-con e-parent\" data-id=\"1f01822\" data-element_type=\"container\" data-e-type=\"container\" data-settings=\"{&quot;background_background&quot;:&quot;classic&quot;}\">\n\t\t\t\t\t<div class=\"e-con-inner\">\n\t\t<div class=\"elementor-element elementor-element-e7269b9 e-con-full e-flex e-con e-child\" data-id=\"e7269b9\" data-element_type=\"container\" data-e-type=\"container\">\n\t\t\t\t<div class=\"elementor-element elementor-element-b05e2ff elementor-widget elementor-widget-heading\" data-id=\"b05e2ff\" data-element_type=\"widget\" data-e-type=\"widget\" data-widget_type=\"heading.default\">\n\t\t\t\t<div class=\"elementor-widget-container\">\n\t\t\t\t\t<h2 class=\"elementor-heading-title elementor-size-default\">Brokers<\/h2>\t\t\t\t<\/div>\n\t\t\t\t<\/div>\n\t\t\t\t<\/div>\n\t\t\t\t\t<\/div>\n\t\t\t\t<\/div>\n\t\t\t\t<section class=\"elementor-section elementor-top-section elementor-element elementor-element-zd7er4g elementor-reverse-mobile elementor-section-boxed elementor-section-height-default elementor-section-height-default\" data-id=\"zd7er4g\" data-element_type=\"section\" data-e-type=\"section\" data-settings=\"{&quot;background_background&quot;:&quot;classic&quot;}\">\n\t\t\t\t\t\t<div class=\"elementor-container elementor-column-gap-default\">\n\t\t\t\t\t<div class=\"elementor-column elementor-col-50 elementor-top-column elementor-element elementor-element-f25b8e3\" data-id=\"f25b8e3\" data-element_type=\"column\" data-e-type=\"column\">\n\t\t\t<div class=\"elementor-widget-wrap elementor-element-populated\">\n\t\t\t\t\t\t<div class=\"elementor-element elementor-element-d19f710 elementor-widget elementor-widget-heading\" data-id=\"d19f710\" data-element_type=\"widget\" data-e-type=\"widget\" data-widget_type=\"heading.default\">\n\t\t\t\t<div class=\"elementor-widget-container\">\n\t\t\t\t\t<h2 class=\"elementor-heading-title elementor-size-default\">tiina laiverik<\/h2>\t\t\t\t<\/div>\n\t\t\t\t<\/div>\n\t\t\t\t<div class=\"elementor-element elementor-element-618dae8 elementor-widget__width-initial elementor-icon-list--layout-traditional elementor-list-item-link-full_width elementor-widget elementor-widget-icon-list\" data-id=\"618dae8\" data-element_type=\"widget\" data-e-type=\"widget\" data-widget_type=\"icon-list.default\">\n\t\t\t\t<div class=\"elementor-widget-container\">\n\t\t\t\t\t\t\t<ul class=\"elementor-icon-list-items\">\n\t\t\t\t\t\t\t<li class=\"elementor-icon-list-item\">\n\t\t\t\t\t\t\t\t\t\t\t<a href=\"http:\/\/tiina.laiverik@novekinnisvara.ee\/en\/\" target=\"_blank\">\n\n\t\t\t\t\t\t\t\t\t\t\t\t<span class=\"elementor-icon-list-icon\">\n\t\t\t\t\t\t\t<i aria-hidden=\"true\" class=\"fas fa-envelope\"><\/i>\t\t\t\t\t\t<\/span>\n\t\t\t\t\t\t\t\t\t\t<span class=\"elementor-icon-list-text\">tiina.laiverik@novekinnisvara.ee<\/span>\n\t\t\t\t\t\t\t\t\t\t\t<\/a>\n\t\t\t\t\t\t\t\t\t<\/li>\n\t\t\t\t\t\t\t\t<li class=\"elementor-icon-list-item\">\n\t\t\t\t\t\t\t\t\t\t\t<a href=\"http:\/\/+372%20501%203600\">\n\n\t\t\t\t\t\t\t\t\t\t\t\t<span class=\"elementor-icon-list-icon\">\n\t\t\t\t\t\t\t<i aria-hidden=\"true\" class=\"fas fa-phone-square\"><\/i>\t\t\t\t\t\t<\/span>\n\t\t\t\t\t\t\t\t\t\t<span class=\"elementor-icon-list-text\">+372 501 3600<\/span>\n\t\t\t\t\t\t\t\t\t\t\t<\/a>\n\t\t\t\t\t\t\t\t\t<\/li>\n\t\t\t\t\t\t<\/ul>\n\t\t\t\t\t\t<\/div>\n\t\t\t\t<\/div>\n\t\t\t\t<div class=\"elementor-element elementor-element-479fe20 elementor-widget elementor-widget-text-editor\" data-id=\"479fe20\" data-element_type=\"widget\" data-e-type=\"widget\" data-widget_type=\"text-editor.default\">\n\t\t\t\t<div class=\"elementor-widget-container\">\n\t\t\t\t\t\t\t\t\t<p>My decision to start a career as a real estate agent came spontaneously, and I still enjoy this job every day. It's a job where no day is the same as the last, where the result and client satisfaction depend on me and my skills.<\/p><p>I have always been a good communicator and have considered communication skills and consistency to be important values. Previously, I have worked as a manager in private business for a long time. I have completed several advanced training courses in marketing and sales.<\/p><p>It is important to me to build and maintain good relationships. People mainly find their way to me through recommendations from satisfied customers.<\/p><p>In my free time, I enjoy music, reading, and sports. I am a big dog lover and spend a certain part of the day with my dog \u200b\u200bon a forest trail and exercising.<\/p><p>I am very grateful to be able to do the work I love.<\/p>\t\t\t\t\t\t\t\t<\/div>\n\t\t\t\t<\/div>\n\t\t\t\t\t<\/div>\n\t\t<\/div>\n\t\t\t\t<div class=\"elementor-column elementor-col-50 elementor-top-column elementor-element elementor-element-8391c80\" data-id=\"8391c80\" data-element_type=\"column\" data-e-type=\"column\">\n\t\t\t<div class=\"elementor-widget-wrap elementor-element-populated\">\n\t\t\t\t\t\t<div class=\"elementor-element elementor-element-81cafaa elementor-widget elementor-widget-image\" data-id=\"81cafaa\" data-element_type=\"widget\" data-e-type=\"widget\" data-widget_type=\"image.default\">\n\t\t\t\t<div class=\"elementor-widget-container\">\n\t\t\t\t\t\t\t\t\t\t\t\t\t\t\t<img fetchpriority=\"high\" decoding=\"async\" width=\"768\" height=\"1152\" src=\"https:\/\/novekinnisvara.ee\/wp-content\/uploads\/2025\/11\/Untitled-768-x-1152-px-1.png\" class=\"attachment-full size-full wp-image-10295\" alt=\"\" srcset=\"https:\/\/novekinnisvara.ee\/wp-content\/uploads\/2025\/11\/Untitled-768-x-1152-px-1.png 768w, https:\/\/novekinnisvara.ee\/wp-content\/uploads\/2025\/11\/Untitled-768-x-1152-px-1-400x600.png 400w, https:\/\/novekinnisvara.ee\/wp-content\/uploads\/2025\/11\/Untitled-768-x-1152-px-1-683x1024.png 683w, https:\/\/novekinnisvara.ee\/wp-content\/uploads\/2025\/11\/Untitled-768-x-1152-px-1-8x12.png 8w\" sizes=\"(max-width: 768px) 100vw, 768px\" \/>\t\t\t\t\t\t\t\t\t\t\t\t\t\t\t<\/div>\n\t\t\t\t<\/div>\n\t\t\t\t\t<\/div>\n\t\t<\/div>\n\t\t\t\t\t<\/div>\n\t\t<\/section>\n\t\t\t\t<\/div>","protected":false},"excerpt":{"rendered":"<p>Maaklerid tiina laiverik tiina.laiverik@novekinnisvara.ee +372 501 3600 Minu otsus alustada karj\u00e4\u00e4ri kinnisvaramaaklerina tuli spontaanselt ning ma endiselt naudin seda t\u00f6\u00f6d iga p\u00e4ev. See on t\u00f6\u00f6, kus \u00fckski p\u00e4ev pole eelmisele sarnane, kus tulemus ja kliendi rahulolu s\u00f5ltub minust ja minu oskustest. Olen olnud kogu aeg hea suhtleja ja pidanud suhtlemisoskust ja j\u00e4rjepidevust oluliseks v\u00e4\u00e4rtuseks. Eelnevalt [&hellip;]<\/p>\n","protected":false},"author":1,"featured_media":0,"parent":0,"menu_order":1,"comment_status":"closed","ping_status":"closed","template":"","meta":{"_acf_changed":false,"_uag_custom_page_level_css":"","_uf_show_specific_survey":0,"_uf_disable_surveys":false,"site-sidebar-layout":"no-sidebar","site-content-layout":"page-builder","ast-site-content-layout":"full-width-container","site-content-style":"default","site-sidebar-style":"default","ast-global-header-display":"","ast-banner-title-visibility":"","ast-main-header-display":"","ast-hfb-above-header-display":"","ast-hfb-below-header-display":"","ast-hfb-mobile-header-display":"","site-post-title":"disabled","ast-breadcrumbs-content":"","ast-featured-img":"disabled","footer-sml-layout":"","ast-disable-related-posts":"","theme-transparent-header-meta":"default","adv-header-id-meta":"","stick-header-meta":"","header-above-stick-meta":"","header-main-stick-meta":"","header-below-stick-meta":"","astra-migrate-meta-layouts":"set","ast-page-background-enabled":"default","ast-page-background-meta":{"desktop":{"background-color":"","background-image":"","background-repeat":"repeat","background-position":"center center","background-size":"auto","background-attachment":"scroll","background-type":"","background-media":"","overlay-type":"","overlay-color":"","overlay-opacity":"","overlay-gradient":""},"tablet":{"background-color":"","background-image":"","background-repeat":"repeat","background-position":"center center","background-size":"auto","background-attachment":"scroll","background-type":"","background-media":"","overlay-type":"","overlay-color":"","overlay-opacity":"","overlay-gradient":""},"mobile":{"background-color":"","background-image":"","background-repeat":"repeat","background-position":"center center","background-size":"auto","background-attachment":"scroll","background-type":"","background-media":"","overlay-type":"","overlay-color":"","overlay-opacity":"","overlay-gradient":""}},"ast-content-background-meta":{"desktop":{"background-color":"var(--ast-global-color-5)","background-image":"","background-repeat":"repeat","background-position":"center center","background-size":"auto","background-attachment":"scroll","background-type":"","background-media":"","overlay-type":"","overlay-color":"","overlay-opacity":"","overlay-gradient":""},"tablet":{"background-color":"var(--ast-global-color-5)","background-image":"","background-repeat":"repeat","background-position":"center center","background-size":"auto","background-attachment":"scroll","background-type":"","background-media":"","overlay-type":"","overlay-color":"","overlay-opacity":"","overlay-gradient":""},"mobile":{"background-color":"var(--ast-global-color-5)","background-image":"","background-repeat":"repeat","background-position":"center center","background-size":"auto","background-attachment":"scroll","background-type":"","background-media":"","overlay-type":"","overlay-color":"","overlay-opacity":"","overlay-gradient":""}},"footnotes":""},"class_list":["post-5938","page","type-page","status-publish","hentry"],"acf":[],"aioseo_notices":[],"uagb_featured_image_src":{"full":false,"thumbnail":false,"medium":false,"medium_large":false,"large":false,"1536x1536":false,"2048x2048":false,"trp-custom-language-flag":false,"woocommerce_thumbnail":false,"woocommerce_single":false,"woocommerce_gallery_thumbnail":false},"uagb_author_info":{"display_name":"Erika Truuverk","author_link":"https:\/\/novekinnisvara.ee\/en\/author\/erika-truuverk\/"},"uagb_comment_info":0,"uagb_excerpt":"Maaklerid tiina laiverik tiina.laiverik@novekinnisvara.ee +372 501 3600 Minu otsus alustada karj\u00e4\u00e4ri kinnisvaramaaklerina tuli spontaanselt ning ma endiselt naudin seda t\u00f6\u00f6d iga p\u00e4ev. See on t\u00f6\u00f6, kus \u00fckski p\u00e4ev pole eelmisele sarnane, kus tulemus ja kliendi rahulolu s\u00f5ltub minust ja minu oskustest. Olen olnud kogu aeg hea suhtleja ja pidanud suhtlemisoskust ja j\u00e4rjepidevust oluliseks v\u00e4\u00e4rtuseks. Eelnevalt&hellip;","rttpg_featured_image_url":null,"rttpg_author":{"display_name":"Erika Truuverk","author_link":"https:\/\/novekinnisvara.ee\/en\/author\/erika-truuverk\/"},"rttpg_comment":0,"rttpg_category":null,"rttpg_excerpt":"Maaklerid tiina laiverik tiina.laiverik@novekinnisvara.ee +372 501 3600 Minu otsus alustada karj\u00e4\u00e4ri kinnisvaramaaklerina tuli spontaanselt ning ma endiselt naudin seda t\u00f6\u00f6d iga p\u00e4ev. See on t\u00f6\u00f6, kus \u00fckski p\u00e4ev pole eelmisele sarnane, kus tulemus ja kliendi rahulolu s\u00f5ltub minust ja minu oskustest. Olen olnud kogu aeg hea suhtleja ja pidanud suhtlemisoskust ja j\u00e4rjepidevust oluliseks v\u00e4\u00e4rtuseks. Eelnevalt&hellip;","_links":{"self":[{"href":"https:\/\/novekinnisvara.ee\/en\/wp-json\/wp\/v2\/pages\/5938","targetHints":{"allow":["GET"]}}],"collection":[{"href":"https:\/\/novekinnisvara.ee\/en\/wp-json\/wp\/v2\/pages"}],"about":[{"href":"https:\/\/novekinnisvara.ee\/en\/wp-json\/wp\/v2\/types\/page"}],"author":[{"embeddable":true,"href":"https:\/\/novekinnisvara.ee\/en\/wp-json\/wp\/v2\/users\/1"}],"replies":[{"embeddable":true,"href":"https:\/\/novekinnisvara.ee\/en\/wp-json\/wp\/v2\/comments?post=5938"}],"version-history":[{"count":6,"href":"https:\/\/novekinnisvara.ee\/en\/wp-json\/wp\/v2\/pages\/5938\/revisions"}],"predecessor-version":[{"id":12167,"href":"https:\/\/novekinnisvara.ee\/en\/wp-json\/wp\/v2\/pages\/5938\/revisions\/12167"}],"wp:attachment":[{"href":"https:\/\/novekinnisvara.ee\/en\/wp-json\/wp\/v2\/media?parent=5938"}],"curies":[{"name":"wp","href":"https:\/\/api.w.org\/{rel}","templated":true}]}}