{"id":6089,"date":"2025-04-06T17:08:38","date_gmt":"2025-04-06T17:08:38","guid":{"rendered":"https:\/\/novekinnisvara.ee\/?page_id=6089"},"modified":"2025-06-09T09:16:55","modified_gmt":"2025-06-09T09:16:55","slug":"ostuesindusteenus","status":"publish","type":"page","link":"https:\/\/novekinnisvara.ee\/en\/ostuesindusteenus\/","title":{"rendered":"Ostuesindusteenus"},"content":{"rendered":"<div data-elementor-type=\"wp-post\" data-elementor-id=\"6089\" class=\"elementor elementor-6089\">\n\t\t\t\t\t\t<section class=\"elementor-section elementor-top-section elementor-element elementor-element-hzwrcpd elementor-section-boxed elementor-section-height-default elementor-section-height-default\" data-id=\"hzwrcpd\" data-element_type=\"section\" data-e-type=\"section\" data-settings=\"{&quot;background_background&quot;:&quot;classic&quot;}\">\n\t\t\t\t\t\t\t<div class=\"elementor-background-overlay\"><\/div>\n\t\t\t\t\t\t\t<div class=\"elementor-container elementor-column-gap-no\">\n\t\t\t\t\t<div class=\"elementor-column elementor-col-100 elementor-top-column elementor-element elementor-element-8d7b14e\" data-id=\"8d7b14e\" data-element_type=\"column\" data-e-type=\"column\">\n\t\t\t<div class=\"elementor-widget-wrap elementor-element-populated\">\n\t\t\t\t\t\t<div class=\"elementor-element elementor-element-aad21a7 elementor-widget elementor-widget-heading\" data-id=\"aad21a7\" data-element_type=\"widget\" data-e-type=\"widget\" data-widget_type=\"heading.default\">\n\t\t\t\t<div class=\"elementor-widget-container\">\n\t\t\t\t\t<h2 class=\"elementor-heading-title elementor-size-default\">ostuesindus<\/h2>\t\t\t\t<\/div>\n\t\t\t\t<\/div>\n\t\t\t\t\t<\/div>\n\t\t<\/div>\n\t\t\t\t\t<\/div>\n\t\t<\/section>\n\t\t<div class=\"elementor-element elementor-element-140f2ae e-flex e-con-boxed e-con e-parent\" data-id=\"140f2ae\" data-element_type=\"container\" data-e-type=\"container\" data-settings=\"{&quot;background_background&quot;:&quot;classic&quot;}\">\n\t\t\t\t\t<div class=\"e-con-inner\">\n\t\t\t\t<div class=\"elementor-element elementor-element-774a460 elementor-widget elementor-widget-heading\" data-id=\"774a460\" data-element_type=\"widget\" data-e-type=\"widget\" data-widget_type=\"heading.default\">\n\t\t\t\t<div class=\"elementor-widget-container\">\n\t\t\t\t\t<h2 class=\"elementor-heading-title elementor-size-default\">Buyer representation service<\/h2>\t\t\t\t<\/div>\n\t\t\t\t<\/div>\n\t\t\t\t\t<\/div>\n\t\t\t\t<\/div>\n\t\t\t\t<section class=\"elementor-section elementor-top-section elementor-element elementor-element-r6rwzxe elementor-section-content-middle elementor-section-boxed elementor-section-height-default elementor-section-height-default\" data-id=\"r6rwzxe\" data-element_type=\"section\" data-e-type=\"section\" data-settings=\"{&quot;background_background&quot;:&quot;classic&quot;}\">\n\t\t\t\t\t\t<div class=\"elementor-container elementor-column-gap-no\">\n\t\t\t\t\t<div class=\"elementor-column elementor-col-50 elementor-top-column elementor-element elementor-element-edd8e22\" data-id=\"edd8e22\" data-element_type=\"column\" data-e-type=\"column\">\n\t\t\t<div class=\"elementor-widget-wrap elementor-element-populated\">\n\t\t\t\t\t\t<div class=\"elementor-element elementor-element-6d5fa35 elementor-widget elementor-widget-image\" data-id=\"6d5fa35\" data-element_type=\"widget\" data-e-type=\"widget\" data-widget_type=\"image.default\">\n\t\t\t\t<div class=\"elementor-widget-container\">\n\t\t\t\t\t\t\t\t\t\t\t\t\t\t\t<img fetchpriority=\"high\" decoding=\"async\" width=\"683\" height=\"1024\" src=\"https:\/\/novekinnisvara.ee\/wp-content\/uploads\/2025\/04\/Black-and-White-Living-Room-Ideas-27-1-683x1024.jpg\" class=\"attachment-large size-large wp-image-6095\" alt=\"\" srcset=\"https:\/\/novekinnisvara.ee\/wp-content\/uploads\/2025\/04\/Black-and-White-Living-Room-Ideas-27-1-683x1024.jpg 683w, https:\/\/novekinnisvara.ee\/wp-content\/uploads\/2025\/04\/Black-and-White-Living-Room-Ideas-27-1-400x600.jpg 400w, https:\/\/novekinnisvara.ee\/wp-content\/uploads\/2025\/04\/Black-and-White-Living-Room-Ideas-27-1-768x1152.jpg 768w, https:\/\/novekinnisvara.ee\/wp-content\/uploads\/2025\/04\/Black-and-White-Living-Room-Ideas-27-1-1024x1536.jpg 1024w, https:\/\/novekinnisvara.ee\/wp-content\/uploads\/2025\/04\/Black-and-White-Living-Room-Ideas-27-1-8x12.jpg 8w, https:\/\/novekinnisvara.ee\/wp-content\/uploads\/2025\/04\/Black-and-White-Living-Room-Ideas-27-1-800x1200.jpg 800w, https:\/\/novekinnisvara.ee\/wp-content\/uploads\/2025\/04\/Black-and-White-Living-Room-Ideas-27-1.jpg 1365w\" sizes=\"(max-width: 683px) 100vw, 683px\" \/>\t\t\t\t\t\t\t\t\t\t\t\t\t\t\t<\/div>\n\t\t\t\t<\/div>\n\t\t\t\t\t<\/div>\n\t\t<\/div>\n\t\t\t\t<div class=\"elementor-column elementor-col-50 elementor-top-column elementor-element elementor-element-cb91d49\" data-id=\"cb91d49\" data-element_type=\"column\" data-e-type=\"column\">\n\t\t\t<div class=\"elementor-widget-wrap elementor-element-populated\">\n\t\t\t\t\t\t<div class=\"elementor-element elementor-element-8a91095 elementor-widget__width-initial elementor-widget elementor-widget-text-editor\" data-id=\"8a91095\" data-element_type=\"widget\" data-e-type=\"widget\" data-widget_type=\"text-editor.default\">\n\t\t\t\t<div class=\"elementor-widget-container\">\n\t\t\t\t\t\t\t\t\t<p class=\"p1\">Kui vajad kinnisvara soetamisel abi, on m\u00f5istlik kaaluda ostuesindusteenust.&nbsp;<\/p>\n<p class=\"p1\"><span style=\"color: var(--ast-global-color-3); font-style: inherit; font-weight: inherit;\"><br><\/span><\/p>\n<p class=\"p1\">Ostuesindusmaakleri t\u00f6\u00f6 juurde kuulub:<\/p>\n<ul>\n<li class=\"p1\"><span style=\"font-style: inherit; font-weight: inherit; color: var(--ast-global-color-3);\">kliendi soovide ja v\u00f5imaluste kaardistamine<\/span><\/li>\n<li class=\"p1\">hinnan\u00f5ustamine<\/li>\n<li class=\"p1\">kogu turu kaardistamine, et leida k\u00f5ige sobilikum pakkumine<\/li>\n<li class=\"p1\">esialgse valiku v\u00e4ljasorteerimine, mille hulgast klient huvipakkuvad objektid v\u00e4lja valib<\/li>\n<li class=\"p1\">suhtlemine m\u00fc\u00fcjate v\u00f5i m\u00fc\u00fcki vahendavate inimestega.<\/li>\n<li class=\"p1\">objekti dokumentatsiooni kontrollimine<\/li>\n<li class=\"p1\">objektide vaatamise organiseerimine ostjale sobival ajal<\/li>\n<li class=\"p1\">vajadusel hindaja ja\/v\u00f5i ehitusekspertide kaasamine<\/li>\n<li class=\"p1\">notariaalse tehingu ettevalmistamine, objekti \u00fcleandmise ja vastuv\u00f5tmise korraldamine.<\/li>\n<\/ul>\n<p class=\"p1\">Ostuesindusteenuse osutamiseks s\u00f5lmime lepingu, milles kirjeldame objektile esitatavad n\u00f5uded, hinna, ajaplaani ja maakleri teenustasu. Maakleri tasu s\u00f5ltub t\u00f6\u00f6mahust ning algab&nbsp; 500 eurost + km.<\/p>\t\t\t\t\t\t\t\t<\/div>\n\t\t\t\t<\/div>\n\t\t\t\t<div class=\"elementor-element elementor-element-1f29d07 elementor-mobile-align-center elementor-widget elementor-widget-button\" data-id=\"1f29d07\" data-element_type=\"widget\" data-e-type=\"widget\" data-widget_type=\"button.default\">\n\t\t\t\t<div class=\"elementor-widget-container\">\n\t\t\t\t\t\t\t\t\t<div class=\"elementor-button-wrapper\">\n\t\t\t\t\t<a class=\"elementor-button elementor-button-link elementor-size-sm\" href=\"https:\/\/novekinnisvara.ee\/en\/kontakt\/\">\n\t\t\t\t\t\t<span class=\"elementor-button-content-wrapper\">\n\t\t\t\t\t\t\t\t\t<span class=\"elementor-button-text\">Contact us<\/span>\n\t\t\t\t\t<\/span>\n\t\t\t\t\t<\/a>\n\t\t\t\t<\/div>\n\t\t\t\t\t\t\t\t<\/div>\n\t\t\t\t<\/div>\n\t\t\t\t\t<\/div>\n\t\t<\/div>\n\t\t\t\t\t<\/div>\n\t\t<\/section>\n\t\t\t\t<\/div>","protected":false},"excerpt":{"rendered":"<p>ostuesindus ostuesindusteenus Kui vajad kinnisvara soetamisel abi, on m\u00f5istlik kaaluda ostuesindusteenust.&nbsp; Ostuesindusmaakleri t\u00f6\u00f6 juurde kuulub: kliendi soovide ja v\u00f5imaluste kaardistamine hinnan\u00f5ustamine kogu turu kaardistamine, et leida k\u00f5ige sobilikum pakkumine esialgse valiku v\u00e4ljasorteerimine, mille hulgast klient huvipakkuvad objektid v\u00e4lja valib suhtlemine m\u00fc\u00fcjate v\u00f5i m\u00fc\u00fcki vahendavate inimestega. objekti dokumentatsiooni kontrollimine objektide vaatamise organiseerimine ostjale sobival ajal vajadusel [&hellip;]<\/p>\n","protected":false},"author":1,"featured_media":0,"parent":0,"menu_order":0,"comment_status":"closed","ping_status":"closed","template":"","meta":{"_acf_changed":false,"_uag_custom_page_level_css":"","_uf_show_specific_survey":0,"_uf_disable_surveys":false,"site-sidebar-layout":"no-sidebar","site-content-layout":"page-builder","ast-site-content-layout":"full-width-container","site-content-style":"unboxed","site-sidebar-style":"unboxed","ast-global-header-display":"","ast-banner-title-visibility":"","ast-main-header-display":"","ast-hfb-above-header-display":"","ast-hfb-below-header-display":"","ast-hfb-mobile-header-display":"","site-post-title":"disabled","ast-breadcrumbs-content":"disabled","ast-featured-img":"disabled","footer-sml-layout":"","ast-disable-related-posts":"","theme-transparent-header-meta":"enabled","adv-header-id-meta":"","stick-header-meta":"","header-above-stick-meta":"","header-main-stick-meta":"","header-below-stick-meta":"","astra-migrate-meta-layouts":"set","ast-page-background-enabled":"default","ast-page-background-meta":{"desktop":{"background-color":"","background-image":"","background-repeat":"repeat","background-position":"center center","background-size":"auto","background-attachment":"scroll","background-type":"","background-media":"","overlay-type":"","overlay-color":"","overlay-opacity":"","overlay-gradient":""},"tablet":{"background-color":"","background-image":"","background-repeat":"repeat","background-position":"center center","background-size":"auto","background-attachment":"scroll","background-type":"","background-media":"","overlay-type":"","overlay-color":"","overlay-opacity":"","overlay-gradient":""},"mobile":{"background-color":"","background-image":"","background-repeat":"repeat","background-position":"center center","background-size":"auto","background-attachment":"scroll","background-type":"","background-media":"","overlay-type":"","overlay-color":"","overlay-opacity":"","overlay-gradient":""}},"ast-content-background-meta":{"desktop":{"background-color":"var(--ast-global-color-5)","background-image":"","background-repeat":"repeat","background-position":"center center","background-size":"auto","background-attachment":"scroll","background-type":"","background-media":"","overlay-type":"","overlay-color":"","overlay-opacity":"","overlay-gradient":""},"tablet":{"background-color":"var(--ast-global-color-5)","background-image":"","background-repeat":"repeat","background-position":"center center","background-size":"auto","background-attachment":"scroll","background-type":"","background-media":"","overlay-type":"","overlay-color":"","overlay-opacity":"","overlay-gradient":""},"mobile":{"background-color":"var(--ast-global-color-5)","background-image":"","background-repeat":"repeat","background-position":"center center","background-size":"auto","background-attachment":"scroll","background-type":"","background-media":"","overlay-type":"","overlay-color":"","overlay-opacity":"","overlay-gradient":""}},"footnotes":""},"class_list":["post-6089","page","type-page","status-publish","hentry"],"acf":[],"aioseo_notices":[],"uagb_featured_image_src":{"full":false,"thumbnail":false,"medium":false,"medium_large":false,"large":false,"1536x1536":false,"2048x2048":false,"trp-custom-language-flag":false,"woocommerce_thumbnail":false,"woocommerce_single":false,"woocommerce_gallery_thumbnail":false},"uagb_author_info":{"display_name":"Erika Truuverk","author_link":"https:\/\/novekinnisvara.ee\/en\/author\/erika-truuverk\/"},"uagb_comment_info":0,"uagb_excerpt":"ostuesindus ostuesindusteenus Kui vajad kinnisvara soetamisel abi, on m\u00f5istlik kaaluda ostuesindusteenust.&nbsp; Ostuesindusmaakleri t\u00f6\u00f6 juurde kuulub: kliendi soovide ja v\u00f5imaluste kaardistamine hinnan\u00f5ustamine kogu turu kaardistamine, et leida k\u00f5ige sobilikum pakkumine esialgse valiku v\u00e4ljasorteerimine, mille hulgast klient huvipakkuvad objektid v\u00e4lja valib suhtlemine m\u00fc\u00fcjate v\u00f5i m\u00fc\u00fcki vahendavate inimestega. objekti dokumentatsiooni kontrollimine objektide vaatamise organiseerimine ostjale sobival ajal vajadusel&hellip;","rttpg_featured_image_url":null,"rttpg_author":{"display_name":"Erika Truuverk","author_link":"https:\/\/novekinnisvara.ee\/en\/author\/erika-truuverk\/"},"rttpg_comment":0,"rttpg_category":null,"rttpg_excerpt":"ostuesindus ostuesindusteenus Kui vajad kinnisvara soetamisel abi, on m\u00f5istlik kaaluda ostuesindusteenust.&nbsp; Ostuesindusmaakleri t\u00f6\u00f6 juurde kuulub: kliendi soovide ja v\u00f5imaluste kaardistamine hinnan\u00f5ustamine kogu turu kaardistamine, et leida k\u00f5ige sobilikum pakkumine esialgse valiku v\u00e4ljasorteerimine, mille hulgast klient huvipakkuvad objektid v\u00e4lja valib suhtlemine m\u00fc\u00fcjate v\u00f5i m\u00fc\u00fcki vahendavate inimestega. objekti dokumentatsiooni kontrollimine objektide vaatamise organiseerimine ostjale sobival ajal vajadusel&hellip;","_links":{"self":[{"href":"https:\/\/novekinnisvara.ee\/en\/wp-json\/wp\/v2\/pages\/6089","targetHints":{"allow":["GET"]}}],"collection":[{"href":"https:\/\/novekinnisvara.ee\/en\/wp-json\/wp\/v2\/pages"}],"about":[{"href":"https:\/\/novekinnisvara.ee\/en\/wp-json\/wp\/v2\/types\/page"}],"author":[{"embeddable":true,"href":"https:\/\/novekinnisvara.ee\/en\/wp-json\/wp\/v2\/users\/1"}],"replies":[{"embeddable":true,"href":"https:\/\/novekinnisvara.ee\/en\/wp-json\/wp\/v2\/comments?post=6089"}],"version-history":[{"count":0,"href":"https:\/\/novekinnisvara.ee\/en\/wp-json\/wp\/v2\/pages\/6089\/revisions"}],"wp:attachment":[{"href":"https:\/\/novekinnisvara.ee\/en\/wp-json\/wp\/v2\/media?parent=6089"}],"curies":[{"name":"wp","href":"https:\/\/api.w.org\/{rel}","templated":true}]}}