{"id":6105,"date":"2025-04-07T09:21:56","date_gmt":"2025-04-07T09:21:56","guid":{"rendered":"https:\/\/novekinnisvara.ee\/?page_id=6105"},"modified":"2025-06-09T09:16:03","modified_gmt":"2025-06-09T09:16:03","slug":"kinnisvara-uur","status":"publish","type":"page","link":"https:\/\/novekinnisvara.ee\/en\/kinnisvara-uur\/","title":{"rendered":"Kinnisvara \u00fc\u00fcr"},"content":{"rendered":"<div data-elementor-type=\"wp-post\" data-elementor-id=\"6105\" class=\"elementor elementor-6105\">\n\t\t\t\t\t\t<section class=\"elementor-section elementor-top-section elementor-element elementor-element-hzwrcpd elementor-section-boxed elementor-section-height-default elementor-section-height-default\" data-id=\"hzwrcpd\" data-element_type=\"section\" data-e-type=\"section\" data-settings=\"{&quot;background_background&quot;:&quot;classic&quot;}\">\n\t\t\t\t\t\t\t<div class=\"elementor-background-overlay\"><\/div>\n\t\t\t\t\t\t\t<div class=\"elementor-container elementor-column-gap-no\">\n\t\t\t\t\t<div class=\"elementor-column elementor-col-100 elementor-top-column elementor-element elementor-element-8d7b14e\" data-id=\"8d7b14e\" data-element_type=\"column\" data-e-type=\"column\">\n\t\t\t<div class=\"elementor-widget-wrap elementor-element-populated\">\n\t\t\t\t\t\t<div class=\"elementor-element elementor-element-aad21a7 elementor-widget elementor-widget-heading\" data-id=\"aad21a7\" data-element_type=\"widget\" data-e-type=\"widget\" data-widget_type=\"heading.default\">\n\t\t\t\t<div class=\"elementor-widget-container\">\n\t\t\t\t\t<h2 class=\"elementor-heading-title elementor-size-default\">\u00fc\u00fcriteenus<\/h2>\t\t\t\t<\/div>\n\t\t\t\t<\/div>\n\t\t\t\t\t<\/div>\n\t\t<\/div>\n\t\t\t\t\t<\/div>\n\t\t<\/section>\n\t\t<div class=\"elementor-element elementor-element-140f2ae e-flex e-con-boxed e-con e-parent\" data-id=\"140f2ae\" data-element_type=\"container\" data-e-type=\"container\" data-settings=\"{&quot;background_background&quot;:&quot;classic&quot;}\">\n\t\t\t\t\t<div class=\"e-con-inner\">\n\t\t\t\t<div class=\"elementor-element elementor-element-774a460 elementor-widget elementor-widget-heading\" data-id=\"774a460\" data-element_type=\"widget\" data-e-type=\"widget\" data-widget_type=\"heading.default\">\n\t\t\t\t<div class=\"elementor-widget-container\">\n\t\t\t\t\t<h2 class=\"elementor-heading-title elementor-size-default\">Rental agency service<\/h2>\t\t\t\t<\/div>\n\t\t\t\t<\/div>\n\t\t\t\t\t<\/div>\n\t\t\t\t<\/div>\n\t\t\t\t<section class=\"elementor-section elementor-top-section elementor-element elementor-element-r6rwzxe elementor-section-content-middle elementor-section-boxed elementor-section-height-default elementor-section-height-default\" data-id=\"r6rwzxe\" data-element_type=\"section\" data-e-type=\"section\" data-settings=\"{&quot;background_background&quot;:&quot;classic&quot;}\">\n\t\t\t\t\t\t<div class=\"elementor-container elementor-column-gap-no\">\n\t\t\t\t\t<div class=\"elementor-column elementor-col-50 elementor-top-column elementor-element elementor-element-edd8e22\" data-id=\"edd8e22\" data-element_type=\"column\" data-e-type=\"column\">\n\t\t\t<div class=\"elementor-widget-wrap elementor-element-populated\">\n\t\t\t\t\t\t<div class=\"elementor-element elementor-element-6d5fa35 elementor-widget elementor-widget-image\" data-id=\"6d5fa35\" data-element_type=\"widget\" data-e-type=\"widget\" data-widget_type=\"image.default\">\n\t\t\t\t<div class=\"elementor-widget-container\">\n\t\t\t\t\t\t\t\t\t\t\t\t\t\t\t<img fetchpriority=\"high\" decoding=\"async\" width=\"426\" height=\"640\" src=\"https:\/\/novekinnisvara.ee\/wp-content\/uploads\/2025\/04\/rocky-ledge-entry-with-view-lda-architecture-and-interiors-imge7716d2e0e287ccd_4-5935-1-096b4e9.jpg\" class=\"attachment-large size-large wp-image-6093\" alt=\"\" srcset=\"https:\/\/novekinnisvara.ee\/wp-content\/uploads\/2025\/04\/rocky-ledge-entry-with-view-lda-architecture-and-interiors-imge7716d2e0e287ccd_4-5935-1-096b4e9.jpg 426w, https:\/\/novekinnisvara.ee\/wp-content\/uploads\/2025\/04\/rocky-ledge-entry-with-view-lda-architecture-and-interiors-imge7716d2e0e287ccd_4-5935-1-096b4e9-399x600.jpg 399w, https:\/\/novekinnisvara.ee\/wp-content\/uploads\/2025\/04\/rocky-ledge-entry-with-view-lda-architecture-and-interiors-imge7716d2e0e287ccd_4-5935-1-096b4e9-8x12.jpg 8w\" sizes=\"(max-width: 426px) 100vw, 426px\" \/>\t\t\t\t\t\t\t\t\t\t\t\t\t\t\t<\/div>\n\t\t\t\t<\/div>\n\t\t\t\t\t<\/div>\n\t\t<\/div>\n\t\t\t\t<div class=\"elementor-column elementor-col-50 elementor-top-column elementor-element elementor-element-cb91d49\" data-id=\"cb91d49\" data-element_type=\"column\" data-e-type=\"column\">\n\t\t\t<div class=\"elementor-widget-wrap elementor-element-populated\">\n\t\t\t\t\t\t<div class=\"elementor-element elementor-element-8a91095 elementor-widget__width-initial elementor-widget elementor-widget-text-editor\" data-id=\"8a91095\" data-element_type=\"widget\" data-e-type=\"widget\" data-widget_type=\"text-editor.default\">\n\t\t\t\t<div class=\"elementor-widget-container\">\n\t\t\t\t\t\t\t\t\t<p>\u00dc\u00fcripinna leidmine ei tohiks olla loterii.\u00a0<span style=\"background-color: var( --e-global-color-astglobalcolor4 ); color: var(--ast-global-color-3); font-size: 1rem;\">Kogenud maakler seisab selle eest,\u00a0<\/span><span style=\"background-color: var( --e-global-color-astglobalcolor4 ); color: var(--ast-global-color-3); font-size: 1rem;\">et iga detail oleks paigas \u2013 alates usaldusv\u00e4\u00e4rsest \u00fc\u00fcripartnerist kuni usaldusv\u00e4\u00e4rse \u00fc\u00fcrilepinguni.<\/span><\/p><p><span style=\"background-color: var( --e-global-color-astglobalcolor4 ); color: var(--ast-global-color-3); font-size: 1rem;\">\u00a0<\/span><\/p><p>Meie teenuste hulka kuulub nii \u00e4ripindade kui elamispindade \u00fc\u00fcrivahendus. \u00c4ripindade osas on teeme koost\u00f6\u00f6d Eesti suurimate \u00e4rikinnisvara omanikega ning omame head \u00fclevaadet turu v\u00f5imalustest ja parimatest pakkumistest.<\/p><p><span style=\"color: var(--ast-global-color-3); font-style: inherit; font-weight: inherit;\">\u00a0<\/span><\/p><p>\u00c4ripinna \u00fc\u00fcrivahendusteenuse juurde kuulub:<\/p><ul><li><span style=\"font-style: inherit; font-weight: inherit; color: var(--ast-global-color-3);\">kliendi soovide ja v\u00f5imaluste kaardistamine<\/span><\/li><li>hinnan\u00f5ustamine<\/li><li>kogu turu kaardistamine, et leida k\u00f5ige sobilikumad pakkumised<\/li><li>esialgse valiku v\u00e4ljasorteerimine, mille hulgast klient huvipakkuvad objektid v\u00e4lja valib<\/li><li>objektide vaatamise organiseerimine<\/li><li><span style=\"font-style: inherit; font-weight: inherit; background-color: var( --e-global-color-astglobalcolor4 ); color: var(--ast-global-color-3);\">\u00fc\u00fcrilepingu tingimuste kokkuleppimine ja lepingu s\u00f5lmimise korraldamine.<\/span><\/li><\/ul><p>\u00c4ripinna \u00fc\u00fcrivahendusteenuse osutamiseks s\u00f5lmime lepingu, milles kirjeldame objektile esitatavad n\u00f5uded, ajaplaani ja maakleri teenustasu. Maakleri tasu on s\u00f5ltuvalt t\u00f6\u00f6mahu suurusest\u00a0 1-2 kuu \u00fc\u00fcrisumma, millele lisandub k\u00e4ibemaks.<\/p><p>Elamispinna \u00fc\u00fcrimisel aitame v\u00e4lja\u00fc\u00fcritavale elamispinnale leida sobiva \u00fc\u00fcrniku, tehes p\u00f5hjaliku taustakontrolli ning tagades korrektse \u00fc\u00fcrilepingu. Elamispinna \u00fc\u00fcrivahendusteenuse tasu on \u00fche kuu \u00fc\u00fcrisumma, millelle lisandub k\u00e4ibemaks.<\/p>\t\t\t\t\t\t\t\t<\/div>\n\t\t\t\t<\/div>\n\t\t\t\t<div class=\"elementor-element elementor-element-1f29d07 elementor-mobile-align-center elementor-widget elementor-widget-button\" data-id=\"1f29d07\" data-element_type=\"widget\" data-e-type=\"widget\" data-widget_type=\"button.default\">\n\t\t\t\t<div class=\"elementor-widget-container\">\n\t\t\t\t\t\t\t\t\t<div class=\"elementor-button-wrapper\">\n\t\t\t\t\t<a class=\"elementor-button elementor-button-link elementor-size-sm\" href=\"https:\/\/novekinnisvara.ee\/en\/kontakt\/\">\n\t\t\t\t\t\t<span class=\"elementor-button-content-wrapper\">\n\t\t\t\t\t\t\t\t\t<span class=\"elementor-button-text\">Contact us<\/span>\n\t\t\t\t\t<\/span>\n\t\t\t\t\t<\/a>\n\t\t\t\t<\/div>\n\t\t\t\t\t\t\t\t<\/div>\n\t\t\t\t<\/div>\n\t\t\t\t\t<\/div>\n\t\t<\/div>\n\t\t\t\t\t<\/div>\n\t\t<\/section>\n\t\t\t\t<\/div>","protected":false},"excerpt":{"rendered":"<p>\u00fc\u00fcriteenus \u00fc\u00fcrivahendusteenus \u00dc\u00fcripinna leidmine ei tohiks olla loterii.\u00a0Kogenud maakler seisab selle eest,\u00a0et iga detail oleks paigas \u2013 alates usaldusv\u00e4\u00e4rsest \u00fc\u00fcripartnerist kuni usaldusv\u00e4\u00e4rse \u00fc\u00fcrilepinguni. \u00a0 Meie teenuste hulka kuulub nii \u00e4ripindade kui elamispindade \u00fc\u00fcrivahendus. \u00c4ripindade osas on teeme koost\u00f6\u00f6d Eesti suurimate \u00e4rikinnisvara omanikega ning omame head \u00fclevaadet turu v\u00f5imalustest ja parimatest pakkumistest. \u00a0 \u00c4ripinna \u00fc\u00fcrivahendusteenuse juurde [&hellip;]<\/p>\n","protected":false},"author":1,"featured_media":0,"parent":0,"menu_order":0,"comment_status":"closed","ping_status":"closed","template":"","meta":{"_acf_changed":false,"_uag_custom_page_level_css":"","_uf_show_specific_survey":0,"_uf_disable_surveys":false,"site-sidebar-layout":"no-sidebar","site-content-layout":"page-builder","ast-site-content-layout":"full-width-container","site-content-style":"unboxed","site-sidebar-style":"unboxed","ast-global-header-display":"","ast-banner-title-visibility":"","ast-main-header-display":"","ast-hfb-above-header-display":"","ast-hfb-below-header-display":"","ast-hfb-mobile-header-display":"","site-post-title":"disabled","ast-breadcrumbs-content":"disabled","ast-featured-img":"disabled","footer-sml-layout":"","ast-disable-related-posts":"","theme-transparent-header-meta":"enabled","adv-header-id-meta":"","stick-header-meta":"","header-above-stick-meta":"","header-main-stick-meta":"","header-below-stick-meta":"","astra-migrate-meta-layouts":"set","ast-page-background-enabled":"default","ast-page-background-meta":{"desktop":{"background-color":"","background-image":"","background-repeat":"repeat","background-position":"center center","background-size":"auto","background-attachment":"scroll","background-type":"","background-media":"","overlay-type":"","overlay-color":"","overlay-opacity":"","overlay-gradient":""},"tablet":{"background-color":"","background-image":"","background-repeat":"repeat","background-position":"center center","background-size":"auto","background-attachment":"scroll","background-type":"","background-media":"","overlay-type":"","overlay-color":"","overlay-opacity":"","overlay-gradient":""},"mobile":{"background-color":"","background-image":"","background-repeat":"repeat","background-position":"center center","background-size":"auto","background-attachment":"scroll","background-type":"","background-media":"","overlay-type":"","overlay-color":"","overlay-opacity":"","overlay-gradient":""}},"ast-content-background-meta":{"desktop":{"background-color":"var(--ast-global-color-5)","background-image":"","background-repeat":"repeat","background-position":"center center","background-size":"auto","background-attachment":"scroll","background-type":"","background-media":"","overlay-type":"","overlay-color":"","overlay-opacity":"","overlay-gradient":""},"tablet":{"background-color":"var(--ast-global-color-5)","background-image":"","background-repeat":"repeat","background-position":"center center","background-size":"auto","background-attachment":"scroll","background-type":"","background-media":"","overlay-type":"","overlay-color":"","overlay-opacity":"","overlay-gradient":""},"mobile":{"background-color":"var(--ast-global-color-5)","background-image":"","background-repeat":"repeat","background-position":"center center","background-size":"auto","background-attachment":"scroll","background-type":"","background-media":"","overlay-type":"","overlay-color":"","overlay-opacity":"","overlay-gradient":""}},"footnotes":""},"class_list":["post-6105","page","type-page","status-publish","hentry"],"acf":[],"aioseo_notices":[],"uagb_featured_image_src":{"full":false,"thumbnail":false,"medium":false,"medium_large":false,"large":false,"1536x1536":false,"2048x2048":false,"trp-custom-language-flag":false,"woocommerce_thumbnail":false,"woocommerce_single":false,"woocommerce_gallery_thumbnail":false},"uagb_author_info":{"display_name":"Erika Truuverk","author_link":"https:\/\/novekinnisvara.ee\/en\/author\/erika-truuverk\/"},"uagb_comment_info":0,"uagb_excerpt":"\u00fc\u00fcriteenus \u00fc\u00fcrivahendusteenus \u00dc\u00fcripinna leidmine ei tohiks olla loterii.\u00a0Kogenud maakler seisab selle eest,\u00a0et iga detail oleks paigas \u2013 alates usaldusv\u00e4\u00e4rsest \u00fc\u00fcripartnerist kuni usaldusv\u00e4\u00e4rse \u00fc\u00fcrilepinguni. \u00a0 Meie teenuste hulka kuulub nii \u00e4ripindade kui elamispindade \u00fc\u00fcrivahendus. \u00c4ripindade osas on teeme koost\u00f6\u00f6d Eesti suurimate \u00e4rikinnisvara omanikega ning omame head \u00fclevaadet turu v\u00f5imalustest ja parimatest pakkumistest. \u00a0 \u00c4ripinna \u00fc\u00fcrivahendusteenuse juurde&hellip;","rttpg_featured_image_url":null,"rttpg_author":{"display_name":"Erika Truuverk","author_link":"https:\/\/novekinnisvara.ee\/en\/author\/erika-truuverk\/"},"rttpg_comment":0,"rttpg_category":null,"rttpg_excerpt":"\u00fc\u00fcriteenus \u00fc\u00fcrivahendusteenus \u00dc\u00fcripinna leidmine ei tohiks olla loterii.\u00a0Kogenud maakler seisab selle eest,\u00a0et iga detail oleks paigas \u2013 alates usaldusv\u00e4\u00e4rsest \u00fc\u00fcripartnerist kuni usaldusv\u00e4\u00e4rse \u00fc\u00fcrilepinguni. \u00a0 Meie teenuste hulka kuulub nii \u00e4ripindade kui elamispindade \u00fc\u00fcrivahendus. \u00c4ripindade osas on teeme koost\u00f6\u00f6d Eesti suurimate \u00e4rikinnisvara omanikega ning omame head \u00fclevaadet turu v\u00f5imalustest ja parimatest pakkumistest. \u00a0 \u00c4ripinna \u00fc\u00fcrivahendusteenuse juurde&hellip;","_links":{"self":[{"href":"https:\/\/novekinnisvara.ee\/en\/wp-json\/wp\/v2\/pages\/6105","targetHints":{"allow":["GET"]}}],"collection":[{"href":"https:\/\/novekinnisvara.ee\/en\/wp-json\/wp\/v2\/pages"}],"about":[{"href":"https:\/\/novekinnisvara.ee\/en\/wp-json\/wp\/v2\/types\/page"}],"author":[{"embeddable":true,"href":"https:\/\/novekinnisvara.ee\/en\/wp-json\/wp\/v2\/users\/1"}],"replies":[{"embeddable":true,"href":"https:\/\/novekinnisvara.ee\/en\/wp-json\/wp\/v2\/comments?post=6105"}],"version-history":[{"count":0,"href":"https:\/\/novekinnisvara.ee\/en\/wp-json\/wp\/v2\/pages\/6105\/revisions"}],"wp:attachment":[{"href":"https:\/\/novekinnisvara.ee\/en\/wp-json\/wp\/v2\/media?parent=6105"}],"curies":[{"name":"wp","href":"https:\/\/api.w.org\/{rel}","templated":true}]}}