{"id":6217,"date":"2025-04-14T12:04:29","date_gmt":"2025-04-14T12:04:29","guid":{"rendered":"https:\/\/novekinnisvara.ee\/?page_id=6217"},"modified":"2025-04-14T12:43:08","modified_gmt":"2025-04-14T12:43:08","slug":"estraveli-kinkekaardi-kampaania-tingimused","status":"publish","type":"page","link":"https:\/\/novekinnisvara.ee\/en\/estraveli-kinkekaardi-kampaania-tingimused\/","title":{"rendered":"Estraveli kinkekaardi kampaania tingimused"},"content":{"rendered":"<div data-elementor-type=\"wp-page\" data-elementor-id=\"6217\" class=\"elementor elementor-6217\">\n\t\t\t\t<div class=\"elementor-element elementor-element-2e1b56d9 e-flex e-con-boxed e-con e-parent\" data-id=\"2e1b56d9\" data-element_type=\"container\" data-e-type=\"container\">\n\t\t\t\t\t<div class=\"e-con-inner\">\n\t\t\t\t<div class=\"elementor-element elementor-element-5acf4984 elementor-widget elementor-widget-text-editor\" data-id=\"5acf4984\" data-element_type=\"widget\" data-e-type=\"widget\" data-widget_type=\"text-editor.default\">\n\t\t\t\t<div class=\"elementor-widget-container\">\n\t\t\t\t\t\t\t\t\t<p><strong>Estraveli kinkekaardi kampaania tingimused alates 14.04.2025.<\/strong><\/p>\n<p><!-- \/wp:paragraph --><\/p>\n<p><!-- wp:paragraph --><\/p>\n<p>K\u00e4esolevad kampaaniatingimused (edaspidi nimetatud \u201cTingimused\u201d) s\u00e4testavad p\u00f5him\u00f5tted, mille alusel Nove Kinnisvarab\u00fcroo O\u00dc osutab Estraveli kinkekaardi kampaania raames kinnisvara maaklerteenust (edaspidi nimetatud \u201cTeenus\u201c).<\/p>\n<p><span style=\"font-style: inherit; font-weight: inherit;\">Maaklerteenuse osutaja on Nove Kinnisvarab\u00fcroo O\u00dc, registrikoodiga 16822997, asukohaga Harju maakond, Tallinn,&nbsp; Lahepea 9-70, 10617 (edaspidi nimetatud Nove Kinnisvarab\u00fcroo).<\/span><\/p>\n<p><!-- \/wp:paragraph --><\/p>\n<p><!-- wp:paragraph --><\/p>\n<p>Teenuse saaja (edaspidi nimetatud \u201cKlient\u201c) on f\u00fc\u00fcsiline v\u00f5i juriidiline isik, kellega Nove Kinnisvarab\u00fcroo s\u00f5lmib ainuesinduslepingu maaklerteenuse osutamiseks (edaspidi nimetatud \u201cLeping\u201d).&nbsp;<span style=\"font-style: inherit; font-weight: inherit;\">Leping s\u00f5lmitakse kirjalikult taasesitatavas vormis ning kehtib t\u00e4htajatult.<\/span><\/p>\n<p><strong>LEPINGU S\u00d5LMIMINE<\/strong><\/p>\n<p>Nove Kinnisvarab\u00fcroo kingib 200 eurose Estraveli kinkekaardi 14.04.-30.04.25 toimuva sotsiaalmeedia kampaania raames Klientidele, kes 1) t\u00e4idavad kampaaniavormi ja kinnitavad soovi s\u00f5lmida Nove Kinnisvarab\u00fcrooga Lepingut m\u00fc\u00fcgiteenuse tellimiseks ja 2) s\u00f5lmivad t\u00e4htajatu Lepingu.<\/p>\n<p>Nove Kinnisvarab\u00fcr<span style=\"font-size: 1rem;\">o<\/span><span style=\"font-size: 1rem;\">o&nbsp;<\/span><span style=\"font-style: inherit; font-weight: inherit;\">j\u00e4tab endale \u00f5iguse<\/span><span style=\"font-size: 1rem; font-style: inherit; font-weight: inherit;\">&nbsp;keelduda Lepingu s\u00f5lmimisest p\u00f5hjendatud juhtudel, kui teenuse osutamine ei ole v\u00f5imalik teenuse kvaliteeti tagades.<\/span><\/p>\n<p>Nove Kinnisvarab\u00fcroo on keskendunud Tallinna ja Harjumaa Klientide teenindamisele, mist\u00f5ttu \u00fclej\u00e4\u00e4nud piirkondade Klientidega s\u00f5lmitakse Lepingud v\u00f5imaluste piires.&nbsp;<\/p>\n<p><strong>RESPONSIBILITY<\/strong><\/p>\n<p data-start=\"596\" data-end=\"704\">Kliendil ei ole \u00f5igust m\u00fc\u00fca v\u00f5i vahendada kinnisvara ise ega teiste maaklerite kaudu Lepingu kehtivuse ajal. Kui Klient leiab ise ostja, tuleb tal vastavalt Lepingule tasuda Nove Kinnisvarab\u00fcroole vahendustasu.<\/p><p data-start=\"596\" data-end=\"704\">Kui Klient katkestab \u00fchepoolselt Lepingu, esitab Nove Kinnisvarab\u00fcroo Kliendile arve 200 euro ulatuses ning t\u00e4iendavalt Lepingu katkestamise \u00fcldisi tingimusi arvesse v\u00f5ttes.<\/p>\n<p><\/p>\n<p><!-- \/wp:paragraph --><\/p>\n<p><!-- wp:paragraph --><\/p>\n<p><strong>CONFIDENTIALITY<\/strong><\/p>\n<p><!-- \/wp:paragraph --><\/p>\n<p><!-- wp:paragraph --><\/p>\n<p>Nove Kinnisvarab\u00fcroo is obliged to keep confidential any information it has received from the Client in connection with the provision of the Service, unless there is a direct obligation to disclose such information by law or if the Client has given consent (including in the Agreement) to disclose the information. The confidentiality obligation includes the fact of contacting Nove Kinnisvarab\u00fcroo to obtain the Service, the content of the Service and the amount of the Fee.<\/p>\n<p><!-- \/wp:paragraph --><\/p>\n<p><!-- wp:paragraph --><\/p>\n<p><strong>PERSONAL DATA<\/strong><\/p>\n<p><!-- \/wp:paragraph --><\/p>\n<p><!-- wp:paragraph --><\/p>\n<p>Nove Kinnisvarab\u00fcroo has the right to collect, store, use and process the personal data of the Client and persons directly related to them in accordance with applicable laws on the protection of personal data, including for the management of customer relationships, the fulfillment of legal obligations and marketing purposes.<span style=\"font-style: inherit; font-weight: inherit;\">&nbsp;<\/span><\/p>\n<p><!-- \/wp:quote --><\/p>\n<p><!-- wp:paragraph --><\/p>\n<p><\/p>\n<p><!-- \/wp:paragraph --><\/p>\t\t\t\t\t\t\t\t<\/div>\n\t\t\t\t<\/div>\n\t\t\t\t\t<\/div>\n\t\t\t\t<\/div>\n\t\t\t\t<\/div>","protected":false},"excerpt":{"rendered":"<p>Estraveli kinkekaardi kampaania tingimused alates 14.04.2025. K\u00e4esolevad kampaaniatingimused (edaspidi nimetatud \u201cTingimused\u201d) s\u00e4testavad p\u00f5him\u00f5tted, mille alusel Nove Kinnisvarab\u00fcroo O\u00dc osutab Estraveli kinkekaardi kampaania raames kinnisvara maaklerteenust (edaspidi nimetatud \u201cTeenus\u201c). Maaklerteenuse osutaja on Nove Kinnisvarab\u00fcroo O\u00dc, registrikoodiga 16822997, asukohaga Harju maakond, Tallinn,&nbsp; Lahepea 9-70, 10617 (edaspidi nimetatud Nove Kinnisvarab\u00fcroo). Teenuse saaja (edaspidi nimetatud \u201cKlient\u201c) on f\u00fc\u00fcsiline v\u00f5i [&hellip;]<\/p>\n","protected":false},"author":1,"featured_media":0,"parent":0,"menu_order":0,"comment_status":"closed","ping_status":"closed","template":"","meta":{"_acf_changed":false,"_uag_custom_page_level_css":"","_uf_show_specific_survey":0,"_uf_disable_surveys":false,"site-sidebar-layout":"default","site-content-layout":"default","ast-site-content-layout":"default","site-content-style":"default","site-sidebar-style":"default","ast-global-header-display":"","ast-banner-title-visibility":"","ast-main-header-display":"","ast-hfb-above-header-display":"","ast-hfb-below-header-display":"","ast-hfb-mobile-header-display":"","site-post-title":"","ast-breadcrumbs-content":"","ast-featured-img":"","footer-sml-layout":"","ast-disable-related-posts":"","theme-transparent-header-meta":"default","adv-header-id-meta":"","stick-header-meta":"","header-above-stick-meta":"","header-main-stick-meta":"","header-below-stick-meta":"","astra-migrate-meta-layouts":"default","ast-page-background-enabled":"default","ast-page-background-meta":{"desktop":{"background-color":"","background-image":"","background-repeat":"repeat","background-position":"center center","background-size":"auto","background-attachment":"scroll","background-type":"","background-media":"","overlay-type":"","overlay-color":"","overlay-opacity":"","overlay-gradient":""},"tablet":{"background-color":"","background-image":"","background-repeat":"repeat","background-position":"center center","background-size":"auto","background-attachment":"scroll","background-type":"","background-media":"","overlay-type":"","overlay-color":"","overlay-opacity":"","overlay-gradient":""},"mobile":{"background-color":"","background-image":"","background-repeat":"repeat","background-position":"center center","background-size":"auto","background-attachment":"scroll","background-type":"","background-media":"","overlay-type":"","overlay-color":"","overlay-opacity":"","overlay-gradient":""}},"ast-content-background-meta":{"desktop":{"background-color":"var(--ast-global-color-5)","background-image":"","background-repeat":"repeat","background-position":"center center","background-size":"auto","background-attachment":"scroll","background-type":"","background-media":"","overlay-type":"","overlay-color":"","overlay-opacity":"","overlay-gradient":""},"tablet":{"background-color":"var(--ast-global-color-5)","background-image":"","background-repeat":"repeat","background-position":"center center","background-size":"auto","background-attachment":"scroll","background-type":"","background-media":"","overlay-type":"","overlay-color":"","overlay-opacity":"","overlay-gradient":""},"mobile":{"background-color":"var(--ast-global-color-5)","background-image":"","background-repeat":"repeat","background-position":"center center","background-size":"auto","background-attachment":"scroll","background-type":"","background-media":"","overlay-type":"","overlay-color":"","overlay-opacity":"","overlay-gradient":""}},"footnotes":""},"class_list":["post-6217","page","type-page","status-publish","hentry"],"acf":[],"aioseo_notices":[],"uagb_featured_image_src":{"full":false,"thumbnail":false,"medium":false,"medium_large":false,"large":false,"1536x1536":false,"2048x2048":false,"trp-custom-language-flag":false,"woocommerce_thumbnail":false,"woocommerce_single":false,"woocommerce_gallery_thumbnail":false},"uagb_author_info":{"display_name":"Erika Truuverk","author_link":"https:\/\/novekinnisvara.ee\/en\/author\/erika-truuverk\/"},"uagb_comment_info":0,"uagb_excerpt":"Estraveli kinkekaardi kampaania tingimused alates 14.04.2025. K\u00e4esolevad kampaaniatingimused (edaspidi nimetatud \u201cTingimused\u201d) s\u00e4testavad p\u00f5him\u00f5tted, mille alusel Nove Kinnisvarab\u00fcroo O\u00dc osutab Estraveli kinkekaardi kampaania raames kinnisvara maaklerteenust (edaspidi nimetatud \u201cTeenus\u201c). Maaklerteenuse osutaja on Nove Kinnisvarab\u00fcroo O\u00dc, registrikoodiga 16822997, asukohaga Harju maakond, Tallinn,&nbsp; Lahepea 9-70, 10617 (edaspidi nimetatud Nove Kinnisvarab\u00fcroo). Teenuse saaja (edaspidi nimetatud \u201cKlient\u201c) on f\u00fc\u00fcsiline v\u00f5i&hellip;","rttpg_featured_image_url":null,"rttpg_author":{"display_name":"Erika Truuverk","author_link":"https:\/\/novekinnisvara.ee\/en\/author\/erika-truuverk\/"},"rttpg_comment":0,"rttpg_category":null,"rttpg_excerpt":"Estraveli kinkekaardi kampaania tingimused alates 14.04.2025. K\u00e4esolevad kampaaniatingimused (edaspidi nimetatud \u201cTingimused\u201d) s\u00e4testavad p\u00f5him\u00f5tted, mille alusel Nove Kinnisvarab\u00fcroo O\u00dc osutab Estraveli kinkekaardi kampaania raames kinnisvara maaklerteenust (edaspidi nimetatud \u201cTeenus\u201c). Maaklerteenuse osutaja on Nove Kinnisvarab\u00fcroo O\u00dc, registrikoodiga 16822997, asukohaga Harju maakond, Tallinn,&nbsp; Lahepea 9-70, 10617 (edaspidi nimetatud Nove Kinnisvarab\u00fcroo). Teenuse saaja (edaspidi nimetatud \u201cKlient\u201c) on f\u00fc\u00fcsiline v\u00f5i&hellip;","_links":{"self":[{"href":"https:\/\/novekinnisvara.ee\/en\/wp-json\/wp\/v2\/pages\/6217","targetHints":{"allow":["GET"]}}],"collection":[{"href":"https:\/\/novekinnisvara.ee\/en\/wp-json\/wp\/v2\/pages"}],"about":[{"href":"https:\/\/novekinnisvara.ee\/en\/wp-json\/wp\/v2\/types\/page"}],"author":[{"embeddable":true,"href":"https:\/\/novekinnisvara.ee\/en\/wp-json\/wp\/v2\/users\/1"}],"replies":[{"embeddable":true,"href":"https:\/\/novekinnisvara.ee\/en\/wp-json\/wp\/v2\/comments?post=6217"}],"version-history":[{"count":0,"href":"https:\/\/novekinnisvara.ee\/en\/wp-json\/wp\/v2\/pages\/6217\/revisions"}],"wp:attachment":[{"href":"https:\/\/novekinnisvara.ee\/en\/wp-json\/wp\/v2\/media?parent=6217"}],"curies":[{"name":"wp","href":"https:\/\/api.w.org\/{rel}","templated":true}]}}