{"id":6407,"date":"2025-04-23T22:13:45","date_gmt":"2025-04-23T22:13:45","guid":{"rendered":"https:\/\/novekinnisvara.ee\/?page_id=6407"},"modified":"2026-02-27T19:00:29","modified_gmt":"2026-02-27T17:00:29","slug":"blogi","status":"publish","type":"page","link":"https:\/\/novekinnisvara.ee\/en\/blogi\/","title":{"rendered":"Blog"},"content":{"rendered":"<div data-elementor-type=\"wp-page\" data-elementor-id=\"6407\" class=\"elementor elementor-6407\">\n\t\t\t\t<div class=\"elementor-element elementor-element-455c3d7 e-con-full e-flex e-con e-parent\" data-id=\"455c3d7\" data-element_type=\"container\" data-e-type=\"container\" data-settings=\"{&quot;background_background&quot;:&quot;classic&quot;}\">\n\t\t<div class=\"elementor-element elementor-element-2c18247 e-con-full e-flex e-con e-child\" data-id=\"2c18247\" data-element_type=\"container\" data-e-type=\"container\">\n\t\t\t\t<div class=\"elementor-element elementor-element-2e01492 elementor-widget elementor-widget-spacer\" data-id=\"2e01492\" data-element_type=\"widget\" data-e-type=\"widget\" data-widget_type=\"spacer.default\">\n\t\t\t\t<div class=\"elementor-widget-container\">\n\t\t\t\t\t\t\t<div class=\"elementor-spacer\">\n\t\t\t<div class=\"elementor-spacer-inner\"><\/div>\n\t\t<\/div>\n\t\t\t\t\t\t<\/div>\n\t\t\t\t<\/div>\n\t\t\t\t<div class=\"elementor-element elementor-element-221d33b elementor-widget-mobile__width-initial elementor-widget elementor-widget-heading\" data-id=\"221d33b\" data-element_type=\"widget\" data-e-type=\"widget\" data-widget_type=\"heading.default\">\n\t\t\t\t<div class=\"elementor-widget-container\">\n\t\t\t\t\t<h2 class=\"elementor-heading-title elementor-size-default\">Real Estate Blog<\/h2>\t\t\t\t<\/div>\n\t\t\t\t<\/div>\n\t\t\t\t<div class=\"elementor-element elementor-element-f77d199 elementor-widget elementor-widget-heading\" data-id=\"f77d199\" data-element_type=\"widget\" data-e-type=\"widget\" data-widget_type=\"heading.default\">\n\t\t\t\t<div class=\"elementor-widget-container\">\n\t\t\t\t\t<h2 class=\"elementor-heading-title elementor-size-default\">Real estate advice and market insights<\/h2>\t\t\t\t<\/div>\n\t\t\t\t<\/div>\n\t\t\t\t<div class=\"elementor-element elementor-element-95c69bd elementor-widget elementor-widget-spacer\" data-id=\"95c69bd\" data-element_type=\"widget\" data-e-type=\"widget\" data-widget_type=\"spacer.default\">\n\t\t\t\t<div class=\"elementor-widget-container\">\n\t\t\t\t\t\t\t<div class=\"elementor-spacer\">\n\t\t\t<div class=\"elementor-spacer-inner\"><\/div>\n\t\t<\/div>\n\t\t\t\t\t\t<\/div>\n\t\t\t\t<\/div>\n\t\t\t\t<\/div>\n\t\t\t\t<\/div>\n\t\t<div class=\"elementor-element elementor-element-b82d54f e-flex e-con-boxed e-con e-parent\" data-id=\"b82d54f\" data-element_type=\"container\" data-e-type=\"container\">\n\t\t\t\t\t<div class=\"e-con-inner\">\n\t\t\t\t<div class=\"elementor-element elementor-element-c9b8aaf img_hover_animation_img_no_effect meta-visibility-show title_position_default title_hover_border_default title-default meta_position_default readmore-btn-default-style grid-hover-overlay-type-always tpg-el-box-border-enable tpg-border-bottom-disable elementor-widget elementor-widget-tpg-list-layout\" data-id=\"c9b8aaf\" data-element_type=\"widget\" data-e-type=\"widget\" data-widget_type=\"tpg-list-layout.default\">\n\t\t\t\t<div class=\"elementor-widget-container\">\n\t\t\t\t\t\n        <div class=\"rt-container-fluid rt-tpg-container tpg-el-main-wrapper list-layout1-main\"\n             data-sc-id=\"elementor\"\n             id=\"rt-tpg-container-2526349881\"\n             data-layout=\"list-layout1\"\n             data-grid-style=\"tpg-even\"\n             data-el-settings=''\n             data-el-query=''\n             data-el-path=''\n        >\n\t\t\t            <div class='tpg-header-wrapper'>\n\t\t\t\t            <\/div>\n\n            <div data-title=\"Loading ...\" class=\"rt-row rt-content-loader list-layout1 tpg-even list-behaviour list-layout-wrapper\">\n\t\t\t\t\n<div class=\"rt-col-md-12 rt-col-sm-12 rt-col-xs-12 img_no_effect rt-list-item rt-grid-item\" data-id=\"12950\">\n\t<div class=\"rt-holder tpg-post-holder\">\n\t\t<div class=\"rt-detail rt-el-content-wrapper\">\n\t\t\t\t\t\t\t<div class=\"rt-img-holder tpg-el-image-wrap has-thumbnail\">\n\t\t\t\t\t<a data-id=\"12950\" href=\"https:\/\/novekinnisvara.ee\/en\/costa-del-sol\/\" class=\"tpg-post-link\" target=\"_self\">                        <img fetchpriority=\"high\" decoding=\"async\" src=\"https:\/\/novekinnisvara.ee\/wp-content\/uploads\/2026\/04\/05las-acacias-p14124349-dJoZJMLZontp9KE1-1024x768.jpg\"\n                             class=\"rt-img-responsive\"\n                             width=\"1024\"\n                             height=\"768\"\n                             alt=\"Costa del sol &#8211; koht, kuhu tullakse puhkusele ja j\u00e4\u00e4dakse elama\">\n\t\t\t\t\t\t\n\t\t\t\t\t\t\t\n\t\t<\/a>\n\t\t        <div class=\"overlay grid-hover-content\"><\/div>\n\t\t\t\t\t\t<\/div>\n\t\t\t\n\t\t\t<div class=\"post-right-content\">\n\t\t\t\t<div class=\"entry-title-wrapper\"><h3 class=\"entry-title\"><a data-id=\"12950\" href=\"https:\/\/novekinnisvara.ee\/en\/costa-del-sol\/\" class=\"tpg-post-link\" target=\"_self\">Costa del Sol \u2013 where you come for a holiday and end up staying<\/a><\/h3><\/div>\n\t\t\t\t\t\t\t\t\t<div class=\"post-meta-tags rt-el-post-meta\">\n\t\t\t\t\t\t            <span class='date'>\n\t\t\t\t<i class='far fa-calendar-alt'><\/i>\t\t\t\t                    <a href=\"https:\/\/novekinnisvara.ee\/en\/2026\/04\/03\/\">\n\t\t\t\t\t3. Apr 2026\t\t\t\t<\/a>\n\t\t\t\t\t\t\t<\/span>\n\t\t\t\t\t\t\t\t<\/div>\n\t\t\t\t\n\t\t\t\t\t\t\t\t\t<div class=\"tpg-excerpt tpg-el-excerpt\">\n\t\t\t\t\t\t\t\t\t\t\t\t\t<div class=\"tpg-excerpt-inner\">\n\t\t\t\t\t\t\t\tCosta del Sol is one of Europe\u2019s most desirable places to live, where a sunny climate, relaxed lifestyle, and beautiful surroundings come together.\t\t\t\t\t\t\t<\/div>\n\t\t\t\t\t\t\t\t\t\t\t\t\t\t\t\t\t<\/div>\n\t\t\t\t\n\t\t\t\t        <div class=\"post-footer\">\n            <div class=\"post-footer\">\n                <div class=\"read-more\">\n\t\t\t\t\t<a data-id=\"12950\" href=\"https:\/\/novekinnisvara.ee\/en\/costa-del-sol\/\" class=\"tpg-post-link\" target=\"_self\">Read more<\/a>                <\/div>\n            <\/div>\n        <\/div>\n\t\t\t\t\t<\/div>\n\t\t<\/div>\n\t<\/div>\n<\/div>\n\n<div class=\"rt-col-md-12 rt-col-sm-12 rt-col-xs-12 img_no_effect rt-list-item rt-grid-item\" data-id=\"12598\">\n\t<div class=\"rt-holder tpg-post-holder\">\n\t\t<div class=\"rt-detail rt-el-content-wrapper\">\n\t\t\t\t\t\t\t<div class=\"rt-img-holder tpg-el-image-wrap has-thumbnail\">\n\t\t\t\t\t<a data-id=\"12598\" href=\"https:\/\/novekinnisvara.ee\/en\/tallinna-kinnisvaraturg-2026-aasta-alguses\/\" class=\"tpg-post-link\" target=\"_self\">                        <img decoding=\"async\" src=\"https:\/\/novekinnisvara.ee\/wp-content\/uploads\/2026\/03\/alexander-kovalev-7YCs1Ir3MS0-unsplash-1024x683.jpg\"\n                             class=\"rt-img-responsive\"\n                             width=\"1024\"\n                             height=\"683\"\n                             alt=\"Tallinna kinnisvaraturg 2026. aasta alguses\">\n\t\t\t\t\t\t\n\t\t\t\t\t\t\t\n\t\t<\/a>\n\t\t        <div class=\"overlay grid-hover-content\"><\/div>\n\t\t\t\t\t\t<\/div>\n\t\t\t\n\t\t\t<div class=\"post-right-content\">\n\t\t\t\t<div class=\"entry-title-wrapper\"><h3 class=\"entry-title\"><a data-id=\"12598\" href=\"https:\/\/novekinnisvara.ee\/en\/tallinna-kinnisvaraturg-2026-aasta-alguses\/\" class=\"tpg-post-link\" target=\"_self\">Tallinn Real Estate Market Overview \u2013 Early 2026<\/a><\/h3><\/div>\n\t\t\t\t\t\t\t\t\t<div class=\"post-meta-tags rt-el-post-meta\">\n\t\t\t\t\t\t            <span class='date'>\n\t\t\t\t<i class='far fa-calendar-alt'><\/i>\t\t\t\t                    <a href=\"https:\/\/novekinnisvara.ee\/en\/2026\/03\/06\/\">\n\t\t\t\t\t6. Mar 2026\t\t\t\t<\/a>\n\t\t\t\t\t\t\t<\/span>\n\t\t\t\t\t\t\t\t<\/div>\n\t\t\t\t\n\t\t\t\t\t\t\t\t\t<div class=\"tpg-excerpt tpg-el-excerpt\">\n\t\t\t\t\t\t\t\t\t\t\t\t\t<div class=\"tpg-excerpt-inner\">\n\t\t\t\t\t\t\t\tTallinn Real Estate Market at the Beginning of 2026: Transaction Volume Declined, but Prices Remain Strong\nTallinn Real Estate Market Key Statistics \u2013 January\u2013February 2026\t\t\t\t\t\t\t<\/div>\n\t\t\t\t\t\t\t\t\t\t\t\t\t\t\t\t\t<\/div>\n\t\t\t\t\n\t\t\t\t        <div class=\"post-footer\">\n            <div class=\"post-footer\">\n                <div class=\"read-more\">\n\t\t\t\t\t<a data-id=\"12598\" href=\"https:\/\/novekinnisvara.ee\/en\/tallinna-kinnisvaraturg-2026-aasta-alguses\/\" class=\"tpg-post-link\" target=\"_self\">Read more<\/a>                <\/div>\n            <\/div>\n        <\/div>\n\t\t\t\t\t<\/div>\n\t\t<\/div>\n\t<\/div>\n<\/div>\n\n<div class=\"rt-col-md-12 rt-col-sm-12 rt-col-xs-12 img_no_effect rt-list-item rt-grid-item\" data-id=\"11167\">\n\t<div class=\"rt-holder tpg-post-holder\">\n\t\t<div class=\"rt-detail rt-el-content-wrapper\">\n\t\t\t\t\t\t\t<div class=\"rt-img-holder tpg-el-image-wrap has-thumbnail\">\n\t\t\t\t\t<a data-id=\"11167\" href=\"https:\/\/novekinnisvara.ee\/en\/marbella-ja-costa-del-soli-kinnisvaraturg-mis-tegelikult-toimub\/\" class=\"tpg-post-link\" target=\"_self\">                        <img decoding=\"async\" src=\"https:\/\/novekinnisvara.ee\/wp-content\/uploads\/2026\/01\/image0-1-2-1024x847.jpg\"\n                             class=\"rt-img-responsive\"\n                             width=\"1024\"\n                             height=\"847\"\n                             alt=\"Kas Costa del Soli kinnisvara on juba liiga kallis?\">\n\t\t\t\t\t\t\n\t\t\t\t\t\t\t\n\t\t<\/a>\n\t\t        <div class=\"overlay grid-hover-content\"><\/div>\n\t\t\t\t\t\t<\/div>\n\t\t\t\n\t\t\t<div class=\"post-right-content\">\n\t\t\t\t<div class=\"entry-title-wrapper\"><h3 class=\"entry-title\"><a data-id=\"11167\" href=\"https:\/\/novekinnisvara.ee\/en\/marbella-ja-costa-del-soli-kinnisvaraturg-mis-tegelikult-toimub\/\" class=\"tpg-post-link\" target=\"_self\">Is property on the Costa del Sol already too expensive?<\/a><\/h3><\/div>\n\t\t\t\t\t\t\t\t\t<div class=\"post-meta-tags rt-el-post-meta\">\n\t\t\t\t\t\t            <span class='date'>\n\t\t\t\t<i class='far fa-calendar-alt'><\/i>\t\t\t\t                    <a href=\"https:\/\/novekinnisvara.ee\/en\/2026\/01\/22\/\">\n\t\t\t\t\t22. Jan 2026\t\t\t\t<\/a>\n\t\t\t\t\t\t\t<\/span>\n\t\t\t\t\t\t\t\t<\/div>\n\t\t\t\t\n\t\t\t\t\t\t\t\t\t<div class=\"tpg-excerpt tpg-el-excerpt\">\n\t\t\t\t\t\t\t\t\t\t\t\t\t<div class=\"tpg-excerpt-inner\">\n\t\t\t\t\t\t\t\tThere are many different opinions about the Costa del Sol real estate market. It is often said that property prices here have already reached their peak...\t\t\t\t\t\t\t<\/div>\n\t\t\t\t\t\t\t\t\t\t\t\t\t\t\t\t\t<\/div>\n\t\t\t\t\n\t\t\t\t        <div class=\"post-footer\">\n            <div class=\"post-footer\">\n                <div class=\"read-more\">\n\t\t\t\t\t<a data-id=\"11167\" href=\"https:\/\/novekinnisvara.ee\/en\/marbella-ja-costa-del-soli-kinnisvaraturg-mis-tegelikult-toimub\/\" class=\"tpg-post-link\" target=\"_self\">Read more<\/a>                <\/div>\n            <\/div>\n        <\/div>\n\t\t\t\t\t<\/div>\n\t\t<\/div>\n\t<\/div>\n<\/div>\n\n<div class=\"rt-col-md-12 rt-col-sm-12 rt-col-xs-12 img_no_effect rt-list-item rt-grid-item\" data-id=\"10899\">\n\t<div class=\"rt-holder tpg-post-holder\">\n\t\t<div class=\"rt-detail rt-el-content-wrapper\">\n\t\t\t\t\t\t\t<div class=\"rt-img-holder tpg-el-image-wrap has-thumbnail\">\n\t\t\t\t\t<a data-id=\"10899\" href=\"https:\/\/novekinnisvara.ee\/en\/kuidas-aitab-ainuesindusleping-kinnisvara-paremini-muua\/\" class=\"tpg-post-link\" target=\"_self\">                        <img loading=\"lazy\" decoding=\"async\" src=\"https:\/\/novekinnisvara.ee\/wp-content\/uploads\/2026\/01\/iStock-1167579980-2-1024x703.jpg\"\n                             class=\"rt-img-responsive\"\n                             width=\"1024\"\n                             height=\"703\"\n                             alt=\"Kuidas aitab ainuesindusleping kinnisvara paremini m\u00fc\u00fca?\">\n\t\t\t\t\t\t\n\t\t\t\t\t\t\t\n\t\t<\/a>\n\t\t        <div class=\"overlay grid-hover-content\"><\/div>\n\t\t\t\t\t\t<\/div>\n\t\t\t\n\t\t\t<div class=\"post-right-content\">\n\t\t\t\t<div class=\"entry-title-wrapper\"><h3 class=\"entry-title\"><a data-id=\"10899\" href=\"https:\/\/novekinnisvara.ee\/en\/kuidas-aitab-ainuesindusleping-kinnisvara-paremini-muua\/\" class=\"tpg-post-link\" target=\"_self\">Why an Exclusive Listing Agreement Leads to a More Successful Property Sale?<\/a><\/h3><\/div>\n\t\t\t\t\t\t\t\t\t<div class=\"post-meta-tags rt-el-post-meta\">\n\t\t\t\t\t\t            <span class='date'>\n\t\t\t\t<i class='far fa-calendar-alt'><\/i>\t\t\t\t                    <a href=\"https:\/\/novekinnisvara.ee\/en\/2026\/01\/13\/\">\n\t\t\t\t\t13. Jan 2026\t\t\t\t<\/a>\n\t\t\t\t\t\t\t<\/span>\n\t\t\t\t\t\t\t\t<\/div>\n\t\t\t\t\n\t\t\t\t\t\t\t\t\t<div class=\"tpg-excerpt tpg-el-excerpt\">\n\t\t\t\t\t\t\t\t\t\t\t\t\t<div class=\"tpg-excerpt-inner\">\n\t\t\t\t\t\t\t\tClear cooperation is the foundation of successful real estate sales.\nA property sale delivers the best results when the cooperation between the client and the real estate agent is based on\u2026\t\t\t\t\t\t\t<\/div>\n\t\t\t\t\t\t\t\t\t\t\t\t\t\t\t\t\t<\/div>\n\t\t\t\t\n\t\t\t\t        <div class=\"post-footer\">\n            <div class=\"post-footer\">\n                <div class=\"read-more\">\n\t\t\t\t\t<a data-id=\"10899\" href=\"https:\/\/novekinnisvara.ee\/en\/kuidas-aitab-ainuesindusleping-kinnisvara-paremini-muua\/\" class=\"tpg-post-link\" target=\"_self\">Read more<\/a>                <\/div>\n            <\/div>\n        <\/div>\n\t\t\t\t\t<\/div>\n\t\t<\/div>\n\t<\/div>\n<\/div>\n\n<div class=\"rt-col-md-12 rt-col-sm-12 rt-col-xs-12 img_no_effect rt-list-item rt-grid-item\" data-id=\"10383\">\n\t<div class=\"rt-holder tpg-post-holder\">\n\t\t<div class=\"rt-detail rt-el-content-wrapper\">\n\t\t\t\t\t\t\t<div class=\"rt-img-holder tpg-el-image-wrap has-thumbnail\">\n\t\t\t\t\t<a data-id=\"10383\" href=\"https:\/\/novekinnisvara.ee\/en\/kas-oled-moelnud-kodust-voi-investeeringust-hispaanias-marbellas-voi-esteponas\/\" class=\"tpg-post-link\" target=\"_self\">                        <img loading=\"lazy\" decoding=\"async\" src=\"https:\/\/novekinnisvara.ee\/wp-content\/uploads\/2025\/12\/1-7980e48d732b6fc85c14b43b94d2aa54-1-2-1024x742.jpg\"\n                             class=\"rt-img-responsive\"\n                             width=\"1024\"\n                             height=\"742\"\n                             alt=\"Kas oled m\u00f5elnud kodust v\u00f5i investeeringust l\u00f5una-Hispaanias?\">\n\t\t\t\t\t\t\n\t\t\t\t\t\t\t\n\t\t<\/a>\n\t\t        <div class=\"overlay grid-hover-content\"><\/div>\n\t\t\t\t\t\t<\/div>\n\t\t\t\n\t\t\t<div class=\"post-right-content\">\n\t\t\t\t<div class=\"entry-title-wrapper\"><h3 class=\"entry-title\"><a data-id=\"10383\" href=\"https:\/\/novekinnisvara.ee\/en\/kas-oled-moelnud-kodust-voi-investeeringust-hispaanias-marbellas-voi-esteponas\/\" class=\"tpg-post-link\" target=\"_self\">Have you been thinking about a home or an investment in southern Spain?<\/a><\/h3><\/div>\n\t\t\t\t\t\t\t\t\t<div class=\"post-meta-tags rt-el-post-meta\">\n\t\t\t\t\t\t            <span class='date'>\n\t\t\t\t<i class='far fa-calendar-alt'><\/i>\t\t\t\t                    <a href=\"https:\/\/novekinnisvara.ee\/en\/2025\/12\/08\/\">\n\t\t\t\t\t8. Dec 2025\t\t\t\t<\/a>\n\t\t\t\t\t\t\t<\/span>\n\t\t\t\t\t\t\t\t<\/div>\n\t\t\t\t\n\t\t\t\t\t\t\t\t\t<div class=\"tpg-excerpt tpg-el-excerpt\">\n\t\t\t\t\t\t\t\t\t\t\t\t\t<div class=\"tpg-excerpt-inner\">\n\t\t\t\t\t\t\t\tHave you been thinking about a home or an investment in Spain \u2013 in Marbella or Estepona? We can help make it happen. Costa del Sol is one of Europe\u2019s most sought-after regions\u2026\t\t\t\t\t\t\t<\/div>\n\t\t\t\t\t\t\t\t\t\t\t\t\t\t\t\t\t<\/div>\n\t\t\t\t\n\t\t\t\t        <div class=\"post-footer\">\n            <div class=\"post-footer\">\n                <div class=\"read-more\">\n\t\t\t\t\t<a data-id=\"10383\" href=\"https:\/\/novekinnisvara.ee\/en\/kas-oled-moelnud-kodust-voi-investeeringust-hispaanias-marbellas-voi-esteponas\/\" class=\"tpg-post-link\" target=\"_self\">Read more<\/a>                <\/div>\n            <\/div>\n        <\/div>\n\t\t\t\t\t<\/div>\n\t\t<\/div>\n\t<\/div>\n<\/div>\n\n<div class=\"rt-col-md-12 rt-col-sm-12 rt-col-xs-12 img_no_effect rt-list-item rt-grid-item\" data-id=\"10156\">\n\t<div class=\"rt-holder tpg-post-holder\">\n\t\t<div class=\"rt-detail rt-el-content-wrapper\">\n\t\t\t\t\t\t\t<div class=\"rt-img-holder tpg-el-image-wrap has-thumbnail\">\n\t\t\t\t\t<a data-id=\"10156\" href=\"https:\/\/novekinnisvara.ee\/en\/miks-tasub-oma-kinnisvaratehing-usaldada-maakleri-hoolde\/\" class=\"tpg-post-link\" target=\"_self\">                        <img loading=\"lazy\" decoding=\"async\" src=\"https:\/\/novekinnisvara.ee\/wp-content\/uploads\/2025\/10\/0G9A6614-3-1024x890.jpg\"\n                             class=\"rt-img-responsive\"\n                             width=\"1024\"\n                             height=\"890\"\n                             alt=\"Miks tasub oma kinnisvaratehing usaldada maakleri hoolde?\">\n\t\t\t\t\t\t\n\t\t\t\t\t\t\t\n\t\t<\/a>\n\t\t        <div class=\"overlay grid-hover-content\"><\/div>\n\t\t\t\t\t\t<\/div>\n\t\t\t\n\t\t\t<div class=\"post-right-content\">\n\t\t\t\t<div class=\"entry-title-wrapper\"><h3 class=\"entry-title\"><a data-id=\"10156\" href=\"https:\/\/novekinnisvara.ee\/en\/miks-tasub-oma-kinnisvaratehing-usaldada-maakleri-hoolde\/\" class=\"tpg-post-link\" target=\"_self\">Why is it worth entrusting your real estate transaction to an agent?<\/a><\/h3><\/div>\n\t\t\t\t\t\t\t\t\t<div class=\"post-meta-tags rt-el-post-meta\">\n\t\t\t\t\t\t            <span class='date'>\n\t\t\t\t<i class='far fa-calendar-alt'><\/i>\t\t\t\t                    <a href=\"https:\/\/novekinnisvara.ee\/en\/2025\/10\/30\/\">\n\t\t\t\t\t30. Oct 2025\t\t\t\t<\/a>\n\t\t\t\t\t\t\t<\/span>\n\t\t\t\t\t\t\t\t<\/div>\n\t\t\t\t\n\t\t\t\t\t\t\t\t\t<div class=\"tpg-excerpt tpg-el-excerpt\">\n\t\t\t\t\t\t\t\t\t\t\t\t\t<div class=\"tpg-excerpt-inner\">\n\t\t\t\t\t\t\t\tWhy is it worth entrusting your real estate transaction to a professional agent?\nBuying or selling property is one of life\u2019s biggest decisions \u2014 it affects both\u2026\t\t\t\t\t\t\t<\/div>\n\t\t\t\t\t\t\t\t\t\t\t\t\t\t\t\t\t<\/div>\n\t\t\t\t\n\t\t\t\t        <div class=\"post-footer\">\n            <div class=\"post-footer\">\n                <div class=\"read-more\">\n\t\t\t\t\t<a data-id=\"10156\" href=\"https:\/\/novekinnisvara.ee\/en\/miks-tasub-oma-kinnisvaratehing-usaldada-maakleri-hoolde\/\" class=\"tpg-post-link\" target=\"_self\">Read more<\/a>                <\/div>\n            <\/div>\n        <\/div>\n\t\t\t\t\t<\/div>\n\t\t<\/div>\n\t<\/div>\n<\/div>\n            <\/div>\n\n\t\t\t<div class='rt-pagination-wrap' data-total-pages='3' data-posts-per-page='6' data-type='pagination'><div class=\"rt-pagination\"><ul class=\"pagination-list\"><li class=\"active\"><span>1<\/span><\/li><li><a data-paged='2' href='https:\/\/novekinnisvara.ee\/en\/wp-json\/wp\/v2\/pages\/6407\/page\/2\/'>2<\/a><\/li><li><a data-paged='3' href='https:\/\/novekinnisvara.ee\/en\/wp-json\/wp\/v2\/pages\/6407\/page\/3\/'>3<\/a><\/li><\/ul><\/div><\/div>\n        <\/div>\n\t\t\t\t\t\t<\/div>\n\t\t\t\t<\/div>\n\t\t\t\t\t<\/div>\n\t\t\t\t<\/div>\n\t\t\t\t<\/div>","protected":false},"excerpt":{"rendered":"<p>Kinnisvarablogi Kinnisvara n\u00f5uanded ja turu\u00fclevaated Marbella ja Costa del Soli kinnisvaraturg. mis tegelikult toimub? 22. jaan. 2026 Marbella ja Costa del Soli kinnisvaraturg. Mis tegelikult toimub? Marbella kinnisvaraturu kohta liigub endiselt palju arvamusi, mis ei p\u00f5hine mitte&#8230; Loe edasi Kuidas aitab ainuesindusleping kinnisvara paremini m\u00fc\u00fca? 13. jaan. 2026 SELGE KOOST\u00d6\u00d6 ON EDUKA KINNISVARAM\u00dc\u00dcGI ALUS \u00a0 [&hellip;]<\/p>\n","protected":false},"author":1,"featured_media":0,"parent":0,"menu_order":0,"comment_status":"closed","ping_status":"closed","template":"","meta":{"_acf_changed":false,"_uag_custom_page_level_css":"","_uf_show_specific_survey":0,"_uf_disable_surveys":false,"site-sidebar-layout":"no-sidebar","site-content-layout":"page-builder","ast-site-content-layout":"full-width-container","site-content-style":"default","site-sidebar-style":"default","ast-global-header-display":"","ast-banner-title-visibility":"","ast-main-header-display":"","ast-hfb-above-header-display":"","ast-hfb-below-header-display":"","ast-hfb-mobile-header-display":"","site-post-title":"disabled","ast-breadcrumbs-content":"","ast-featured-img":"disabled","footer-sml-layout":"","ast-disable-related-posts":"","theme-transparent-header-meta":"","adv-header-id-meta":"","stick-header-meta":"","header-above-stick-meta":"","header-main-stick-meta":"","header-below-stick-meta":"","astra-migrate-meta-layouts":"set","ast-page-background-enabled":"default","ast-page-background-meta":{"desktop":{"background-color":"","background-image":"","background-repeat":"repeat","background-position":"center center","background-size":"auto","background-attachment":"scroll","background-type":"","background-media":"","overlay-type":"","overlay-color":"","overlay-opacity":"","overlay-gradient":""},"tablet":{"background-color":"","background-image":"","background-repeat":"repeat","background-position":"center center","background-size":"auto","background-attachment":"scroll","background-type":"","background-media":"","overlay-type":"","overlay-color":"","overlay-opacity":"","overlay-gradient":""},"mobile":{"background-color":"","background-image":"","background-repeat":"repeat","background-position":"center center","background-size":"auto","background-attachment":"scroll","background-type":"","background-media":"","overlay-type":"","overlay-color":"","overlay-opacity":"","overlay-gradient":""}},"ast-content-background-meta":{"desktop":{"background-color":"var(--ast-global-color-5)","background-image":"","background-repeat":"repeat","background-position":"center center","background-size":"auto","background-attachment":"scroll","background-type":"","background-media":"","overlay-type":"","overlay-color":"","overlay-opacity":"","overlay-gradient":""},"tablet":{"background-color":"var(--ast-global-color-5)","background-image":"","background-repeat":"repeat","background-position":"center center","background-size":"auto","background-attachment":"scroll","background-type":"","background-media":"","overlay-type":"","overlay-color":"","overlay-opacity":"","overlay-gradient":""},"mobile":{"background-color":"var(--ast-global-color-5)","background-image":"","background-repeat":"repeat","background-position":"center center","background-size":"auto","background-attachment":"scroll","background-type":"","background-media":"","overlay-type":"","overlay-color":"","overlay-opacity":"","overlay-gradient":""}},"footnotes":""},"class_list":["post-6407","page","type-page","status-publish","hentry"],"acf":[],"aioseo_notices":[],"uagb_featured_image_src":{"full":false,"thumbnail":false,"medium":false,"medium_large":false,"large":false,"1536x1536":false,"2048x2048":false,"trp-custom-language-flag":false,"woocommerce_thumbnail":false,"woocommerce_single":false,"woocommerce_gallery_thumbnail":false},"uagb_author_info":{"display_name":"Erika Truuverk","author_link":"https:\/\/novekinnisvara.ee\/en\/author\/erika-truuverk\/"},"uagb_comment_info":0,"uagb_excerpt":"Kinnisvarablogi Kinnisvara n\u00f5uanded ja turu\u00fclevaated Marbella ja Costa del Soli kinnisvaraturg. mis tegelikult toimub? 22. jaan. 2026 Marbella ja Costa del Soli kinnisvaraturg. Mis tegelikult toimub? Marbella kinnisvaraturu kohta liigub endiselt palju arvamusi, mis ei p\u00f5hine mitte&#8230; Loe edasi Kuidas aitab ainuesindusleping kinnisvara paremini m\u00fc\u00fca? 13. jaan. 2026 SELGE KOOST\u00d6\u00d6 ON EDUKA KINNISVARAM\u00dc\u00dcGI ALUS \u00a0&hellip;","rttpg_featured_image_url":null,"rttpg_author":{"display_name":"Erika Truuverk","author_link":"https:\/\/novekinnisvara.ee\/en\/author\/erika-truuverk\/"},"rttpg_comment":0,"rttpg_category":"","rttpg_excerpt":"Kinnisvarablogi Kinnisvara n\u00f5uanded ja turu\u00fclevaated Marbella ja Costa del Soli kinnisvaraturg. mis tegelikult toimub? 22. jaan. 2026 Marbella ja Costa del Soli kinnisvaraturg. Mis tegelikult toimub? Marbella kinnisvaraturu kohta liigub endiselt palju arvamusi, mis ei p\u00f5hine mitte&#8230; Loe edasi Kuidas aitab ainuesindusleping kinnisvara paremini m\u00fc\u00fca? 13. jaan. 2026 SELGE KOOST\u00d6\u00d6 ON EDUKA KINNISVARAM\u00dc\u00dcGI ALUS \u00a0&hellip;","_links":{"self":[{"href":"https:\/\/novekinnisvara.ee\/en\/wp-json\/wp\/v2\/pages\/6407","targetHints":{"allow":["GET"]}}],"collection":[{"href":"https:\/\/novekinnisvara.ee\/en\/wp-json\/wp\/v2\/pages"}],"about":[{"href":"https:\/\/novekinnisvara.ee\/en\/wp-json\/wp\/v2\/types\/page"}],"author":[{"embeddable":true,"href":"https:\/\/novekinnisvara.ee\/en\/wp-json\/wp\/v2\/users\/1"}],"replies":[{"embeddable":true,"href":"https:\/\/novekinnisvara.ee\/en\/wp-json\/wp\/v2\/comments?post=6407"}],"version-history":[{"count":27,"href":"https:\/\/novekinnisvara.ee\/en\/wp-json\/wp\/v2\/pages\/6407\/revisions"}],"predecessor-version":[{"id":12518,"href":"https:\/\/novekinnisvara.ee\/en\/wp-json\/wp\/v2\/pages\/6407\/revisions\/12518"}],"wp:attachment":[{"href":"https:\/\/novekinnisvara.ee\/en\/wp-json\/wp\/v2\/media?parent=6407"}],"curies":[{"name":"wp","href":"https:\/\/api.w.org\/{rel}","templated":true}]}}