{"id":8200,"date":"2025-07-02T07:11:19","date_gmt":"2025-07-02T07:11:19","guid":{"rendered":"https:\/\/novekinnisvara.ee\/?page_id=8200"},"modified":"2025-08-11T08:24:43","modified_gmt":"2025-08-11T08:24:43","slug":"kinnisvara-costa-blancas","status":"publish","type":"page","link":"https:\/\/novekinnisvara.ee\/en\/kinnisvara-costa-blancas\/","title":{"rendered":"Kinnisvara Costa Blancas"},"content":{"rendered":"<div data-elementor-type=\"wp-post\" data-elementor-id=\"8200\" class=\"elementor elementor-8200\">\n\t\t\t\t<div class=\"elementor-element elementor-element-de9fc27 e-flex e-con-boxed e-con e-parent\" data-id=\"de9fc27\" data-element_type=\"container\" data-e-type=\"container\" data-settings=\"{&quot;background_background&quot;:&quot;classic&quot;}\">\n\t\t\t\t\t<div class=\"e-con-inner\">\n\t\t\t\t<div class=\"elementor-element elementor-element-be14a9a elementor-widget__width-initial elementor-widget elementor-widget-heading\" data-id=\"be14a9a\" data-element_type=\"widget\" data-e-type=\"widget\" data-widget_type=\"heading.default\">\n\t\t\t\t<div class=\"elementor-widget-container\">\n\t\t\t\t\t<h2 class=\"elementor-heading-title elementor-size-default\">COSTA BLANCA <\/h2>\t\t\t\t<\/div>\n\t\t\t\t<\/div>\n\t\t\t\t\t<\/div>\n\t\t\t\t<\/div>\n\t\t<div class=\"elementor-element elementor-element-615a35c e-flex e-con-boxed e-con e-parent\" data-id=\"615a35c\" data-element_type=\"container\" data-e-type=\"container\">\n\t\t\t\t\t<div class=\"e-con-inner\">\n\t\t\t\t<div class=\"elementor-element elementor-element-010da0f elementor-widget elementor-widget-spacer\" data-id=\"010da0f\" data-element_type=\"widget\" data-e-type=\"widget\" data-widget_type=\"spacer.default\">\n\t\t\t\t<div class=\"elementor-widget-container\">\n\t\t\t\t\t\t\t<div class=\"elementor-spacer\">\n\t\t\t<div class=\"elementor-spacer-inner\"><\/div>\n\t\t<\/div>\n\t\t\t\t\t\t<\/div>\n\t\t\t\t<\/div>\n\t\t\t\t<div class=\"elementor-element elementor-element-ce9d71a elementor-widget elementor-widget-heading\" data-id=\"ce9d71a\" data-element_type=\"widget\" data-e-type=\"widget\" data-widget_type=\"heading.default\">\n\t\t\t\t<div class=\"elementor-widget-container\">\n\t\t\t\t\t<h3 class=\"elementor-heading-title elementor-size-default\">Costa Blanca and Costa Calida \u2013 Sun, Sea, and Idyllic Coves<\/h3>\t\t\t\t<\/div>\n\t\t\t\t<\/div>\n\t\t\t\t<div class=\"elementor-element elementor-element-3507e5f elementor-widget elementor-widget-text-editor\" data-id=\"3507e5f\" data-element_type=\"widget\" data-e-type=\"widget\" data-widget_type=\"text-editor.default\">\n\t\t\t\t<div class=\"elementor-widget-container\">\n\t\t\t\t\t\t\t\t\t<p data-start=\"297\" data-end=\"588\">Costa Blanca and Costa C\u00e1lida are among Spain\u2019s most beloved destinations \u2013 with over 300 sunny days a year, long sandy beaches, crystal-clear coves, and a relaxed pace of life, they offer the perfect setting for a second home.<\/p><p data-start=\"590\" data-end=\"826\">In collaboration with our local, Estonian-speaking real estate agent Eliis Pliev, we help you find the right property safely and smoothly. We support you throughout the entire purchasing process \u2013 from finding the property to receiving the keys.<\/p><h4 data-start=\"833\" data-end=\"869\"><strong>Why choose Costa Blanca or Costa C\u00e1lida?<\/strong><\/h4><p data-start=\"873\" data-end=\"1035\"><strong>Sunny and healthy climate<\/strong>: with more than 300 sunny days a year, the region supports an active and healthy lifestyle \u2013 perfect for a winter home or year-round living.<\/p><p style=\"text-align: center;\" data-start=\"1039\" data-end=\"1213\"><strong>Beautiful beaches and lifestyle<\/strong>: white sandy beaches, crystal-clear sea, golf courses, marinas, and water sports offer opportunities for both relaxation and an active holiday.<\/p><p style=\"text-align: center;\" data-start=\"1217\" data-end=\"1245\"><strong>Affordable real estate:<\/strong>Property prices are more affordable compared to Tallinn and its surrounding areas.<\/p><h4 data-start=\"2213\" data-end=\"2258\"><strong>\u00a0Buying Property Is Easy<\/strong><\/h4><p data-start=\"2262\" data-end=\"2392\"><strong>An NIE number<\/strong> (Foreigner Identification Number) is required to buy property \u2013 our local partner will assist you in obtaining it.<\/p><p data-start=\"2398\" data-end=\"2532\"><strong>The notarial purchase<\/strong> is conducted safely under Spanish law at a notary office. All ownership changes are registered in the land registry.<\/p><h4 data-start=\"2767\" data-end=\"2812\"><strong>Estonian-Speaking Support and Local Assistance<\/strong><\/h4><p data-start=\"2816\" data-end=\"2970\"><strong>Property tours:\u00a0<\/strong>We arrange viewings of properties that interest you.<\/p><p data-start=\"2974\" data-end=\"3141\"><strong>Legal and documentation support:<\/strong>we work with lawyers and notaries to ensure a transparent and secure buying process.<\/p><p data-start=\"3145\" data-end=\"3295\"><strong>Services in Estonian:<\/strong>real estate agent Eliis Pliev is your contact person in Spain \u2013 she speaks Estonian and supports you throughout the entire purchase process.<\/p><h4 data-start=\"3302\" data-end=\"3352\"><strong>Are you interested?<\/strong><strong style=\"font-size: 1.17647rem; font-style: inherit;\">?<\/strong><\/h4><p data-start=\"3302\" data-end=\"3352\">Contact us and we\u2019ll be happy to tell you more!<\/p><p data-start=\"3354\" data-end=\"3472\">ELIIS PLIEV<br data-start=\"3372\" data-end=\"3375\" \/><a class=\"cursor-pointer\" rel=\"noopener\" data-start=\"3378\" data-end=\"3447\">eliis.pliev@novekinnisvara.ee<\/a><br data-start=\"3447\" data-end=\"3450\" \/>\u202f+34 744 780 785<\/p>\t\t\t\t\t\t\t\t<\/div>\n\t\t\t\t<\/div>\n\t\t\t\t\t<\/div>\n\t\t\t\t<\/div>\n\t\t<div class=\"elementor-element elementor-element-699c1d7 e-flex e-con-boxed e-con e-parent\" data-id=\"699c1d7\" data-element_type=\"container\" data-e-type=\"container\">\n\t\t\t\t\t<div class=\"e-con-inner\">\n\t\t\t\t<div class=\"elementor-element elementor-element-d11a636 elementor-align-center elementor-widget elementor-widget-button\" data-id=\"d11a636\" data-element_type=\"widget\" data-e-type=\"widget\" data-widget_type=\"button.default\">\n\t\t\t\t<div class=\"elementor-widget-container\">\n\t\t\t\t\t\t\t\t\t<div class=\"elementor-button-wrapper\">\n\t\t\t\t\t<a class=\"elementor-button elementor-button-link elementor-size-sm\" href=\"https:\/\/novekinnisvara.ee\/en\/kinnisvara-hispaanias\/\">\n\t\t\t\t\t\t<span class=\"elementor-button-content-wrapper\">\n\t\t\t\t\t\t\t\t\t<span class=\"elementor-button-text\">See our offers<\/span>\n\t\t\t\t\t<\/span>\n\t\t\t\t\t<\/a>\n\t\t\t\t<\/div>\n\t\t\t\t\t\t\t\t<\/div>\n\t\t\t\t<\/div>\n\t\t\t\t\t<\/div>\n\t\t\t\t<\/div>\n\t\t\t\t<\/div>","protected":false},"excerpt":{"rendered":"<p>COSTA BLANCA Costa Blanca ja Costa calida \u2013 p\u00e4ike, meri ja id\u00fcllilised lahesopid Costa Blanca ja Costa Calida on Hispaania armastatumaid sihtkohti \u2013 \u00fcle 300 p\u00e4ikesepaistelise p\u00e4eva aastas, pikad liivarannad, puhtad lahesopid ja muretu elur\u00fctm loovad ideaalse keskkonna teiseks koduks. Koost\u00f6\u00f6s meie kohaliku, eestikeelse kinnisvaramaakleri Eliis Plieviga aitame sul turvaliselt ja sujuvalt leida sobiva kodu. [&hellip;]<\/p>\n","protected":false},"author":1,"featured_media":0,"parent":0,"menu_order":0,"comment_status":"closed","ping_status":"closed","template":"","meta":{"_acf_changed":false,"_uag_custom_page_level_css":"","_uf_show_specific_survey":0,"_uf_disable_surveys":false,"site-sidebar-layout":"no-sidebar","site-content-layout":"page-builder","ast-site-content-layout":"full-width-container","site-content-style":"unboxed","site-sidebar-style":"unboxed","ast-global-header-display":"","ast-banner-title-visibility":"","ast-main-header-display":"","ast-hfb-above-header-display":"","ast-hfb-below-header-display":"","ast-hfb-mobile-header-display":"","site-post-title":"disabled","ast-breadcrumbs-content":"disabled","ast-featured-img":"disabled","footer-sml-layout":"","ast-disable-related-posts":"","theme-transparent-header-meta":"enabled","adv-header-id-meta":"","stick-header-meta":"","header-above-stick-meta":"","header-main-stick-meta":"","header-below-stick-meta":"","astra-migrate-meta-layouts":"set","ast-page-background-enabled":"default","ast-page-background-meta":{"desktop":{"background-color":"","background-image":"","background-repeat":"repeat","background-position":"center center","background-size":"auto","background-attachment":"scroll","background-type":"","background-media":"","overlay-type":"","overlay-color":"","overlay-opacity":"","overlay-gradient":""},"tablet":{"background-color":"","background-image":"","background-repeat":"repeat","background-position":"center center","background-size":"auto","background-attachment":"scroll","background-type":"","background-media":"","overlay-type":"","overlay-color":"","overlay-opacity":"","overlay-gradient":""},"mobile":{"background-color":"","background-image":"","background-repeat":"repeat","background-position":"center center","background-size":"auto","background-attachment":"scroll","background-type":"","background-media":"","overlay-type":"","overlay-color":"","overlay-opacity":"","overlay-gradient":""}},"ast-content-background-meta":{"desktop":{"background-color":"var(--ast-global-color-5)","background-image":"","background-repeat":"repeat","background-position":"center center","background-size":"auto","background-attachment":"scroll","background-type":"","background-media":"","overlay-type":"","overlay-color":"","overlay-opacity":"","overlay-gradient":""},"tablet":{"background-color":"var(--ast-global-color-5)","background-image":"","background-repeat":"repeat","background-position":"center center","background-size":"auto","background-attachment":"scroll","background-type":"","background-media":"","overlay-type":"","overlay-color":"","overlay-opacity":"","overlay-gradient":""},"mobile":{"background-color":"var(--ast-global-color-5)","background-image":"","background-repeat":"repeat","background-position":"center center","background-size":"auto","background-attachment":"scroll","background-type":"","background-media":"","overlay-type":"","overlay-color":"","overlay-opacity":"","overlay-gradient":""}},"footnotes":""},"class_list":["post-8200","page","type-page","status-publish","hentry"],"acf":[],"aioseo_notices":[],"uagb_featured_image_src":{"full":false,"thumbnail":false,"medium":false,"medium_large":false,"large":false,"1536x1536":false,"2048x2048":false,"trp-custom-language-flag":false,"woocommerce_thumbnail":false,"woocommerce_single":false,"woocommerce_gallery_thumbnail":false},"uagb_author_info":{"display_name":"Erika Truuverk","author_link":"https:\/\/novekinnisvara.ee\/en\/author\/erika-truuverk\/"},"uagb_comment_info":0,"uagb_excerpt":"COSTA BLANCA Costa Blanca ja Costa calida \u2013 p\u00e4ike, meri ja id\u00fcllilised lahesopid Costa Blanca ja Costa Calida on Hispaania armastatumaid sihtkohti \u2013 \u00fcle 300 p\u00e4ikesepaistelise p\u00e4eva aastas, pikad liivarannad, puhtad lahesopid ja muretu elur\u00fctm loovad ideaalse keskkonna teiseks koduks. Koost\u00f6\u00f6s meie kohaliku, eestikeelse kinnisvaramaakleri Eliis Plieviga aitame sul turvaliselt ja sujuvalt leida sobiva kodu.&hellip;","rttpg_featured_image_url":null,"rttpg_author":{"display_name":"Erika Truuverk","author_link":"https:\/\/novekinnisvara.ee\/en\/author\/erika-truuverk\/"},"rttpg_comment":0,"rttpg_category":null,"rttpg_excerpt":"COSTA BLANCA Costa Blanca ja Costa calida \u2013 p\u00e4ike, meri ja id\u00fcllilised lahesopid Costa Blanca ja Costa Calida on Hispaania armastatumaid sihtkohti \u2013 \u00fcle 300 p\u00e4ikesepaistelise p\u00e4eva aastas, pikad liivarannad, puhtad lahesopid ja muretu elur\u00fctm loovad ideaalse keskkonna teiseks koduks. Koost\u00f6\u00f6s meie kohaliku, eestikeelse kinnisvaramaakleri Eliis Plieviga aitame sul turvaliselt ja sujuvalt leida sobiva kodu.&hellip;","_links":{"self":[{"href":"https:\/\/novekinnisvara.ee\/en\/wp-json\/wp\/v2\/pages\/8200","targetHints":{"allow":["GET"]}}],"collection":[{"href":"https:\/\/novekinnisvara.ee\/en\/wp-json\/wp\/v2\/pages"}],"about":[{"href":"https:\/\/novekinnisvara.ee\/en\/wp-json\/wp\/v2\/types\/page"}],"author":[{"embeddable":true,"href":"https:\/\/novekinnisvara.ee\/en\/wp-json\/wp\/v2\/users\/1"}],"replies":[{"embeddable":true,"href":"https:\/\/novekinnisvara.ee\/en\/wp-json\/wp\/v2\/comments?post=8200"}],"version-history":[{"count":0,"href":"https:\/\/novekinnisvara.ee\/en\/wp-json\/wp\/v2\/pages\/8200\/revisions"}],"wp:attachment":[{"href":"https:\/\/novekinnisvara.ee\/en\/wp-json\/wp\/v2\/media?parent=8200"}],"curies":[{"name":"wp","href":"https:\/\/api.w.org\/{rel}","templated":true}]}}