{"id":8346,"date":"2025-07-10T09:02:30","date_gmt":"2025-07-10T09:02:30","guid":{"rendered":"https:\/\/novekinnisvara.ee\/?page_id=8346"},"modified":"2025-10-17T12:04:51","modified_gmt":"2025-10-17T12:04:51","slug":"kinnisvara-toscanas","status":"publish","type":"page","link":"https:\/\/novekinnisvara.ee\/en\/kinnisvara-toscanas\/","title":{"rendered":"Kinnisvara Toscanas"},"content":{"rendered":"\t\t<div data-elementor-type=\"wp-post\" data-elementor-id=\"8346\" class=\"elementor elementor-8346\">\n\t\t\t\t<div class=\"elementor-element elementor-element-de9fc27 e-flex e-con-boxed e-con e-parent\" data-id=\"de9fc27\" data-element_type=\"container\" data-e-type=\"container\" data-settings=\"{&quot;background_background&quot;:&quot;classic&quot;}\">\n\t\t\t\t\t<div class=\"e-con-inner\">\n\t\t\t\t<div class=\"elementor-element elementor-element-be14a9a elementor-widget__width-initial elementor-widget elementor-widget-heading\" data-id=\"be14a9a\" data-element_type=\"widget\" data-e-type=\"widget\" data-widget_type=\"heading.default\">\n\t\t\t\t<div class=\"elementor-widget-container\">\n\t\t\t\t\t<h2 class=\"elementor-heading-title elementor-size-default\">toscana<\/h2>\t\t\t\t<\/div>\n\t\t\t\t<\/div>\n\t\t\t\t\t<\/div>\n\t\t\t\t<\/div>\n\t\t<div class=\"elementor-element elementor-element-615a35c e-flex e-con-boxed e-con e-parent\" data-id=\"615a35c\" data-element_type=\"container\" data-e-type=\"container\">\n\t\t\t\t\t<div class=\"e-con-inner\">\n\t\t\t\t<div class=\"elementor-element elementor-element-010da0f elementor-widget elementor-widget-spacer\" data-id=\"010da0f\" data-element_type=\"widget\" data-e-type=\"widget\" data-widget_type=\"spacer.default\">\n\t\t\t\t<div class=\"elementor-widget-container\">\n\t\t\t\t\t\t\t<div class=\"elementor-spacer\">\n\t\t\t<div class=\"elementor-spacer-inner\"><\/div>\n\t\t<\/div>\n\t\t\t\t\t\t<\/div>\n\t\t\t\t<\/div>\n\t\t\t\t<div class=\"elementor-element elementor-element-ce9d71a elementor-widget elementor-widget-heading\" data-id=\"ce9d71a\" data-element_type=\"widget\" data-e-type=\"widget\" data-widget_type=\"heading.default\">\n\t\t\t\t<div class=\"elementor-widget-container\">\n\t\t\t\t\t<h3 class=\"elementor-heading-title elementor-size-default\">Kinnisvara Toscanas \u2013 itaalia elu parimas v\u00f5tmes<\/h3>\t\t\t\t<\/div>\n\t\t\t\t<\/div>\n\t\t\t\t<div class=\"elementor-element elementor-element-3507e5f elementor-widget elementor-widget-text-editor\" data-id=\"3507e5f\" data-element_type=\"widget\" data-e-type=\"widget\" data-widget_type=\"text-editor.default\">\n\t\t\t\t<div class=\"elementor-widget-container\">\n\t\t\t\t\t\t\t\t\t<p data-start=\"297\" data-end=\"588\">Toscana \u2013 piirkond, kus elu kulgeb aeglasemalt, p\u00e4ike paistab heldelt ja iga vaade meenutab postkaarti.\u00a0 Toscana on paik neile, kes hindavad ilu, rahu, kultuuri ja elukvaliteeti.<\/p><p data-start=\"590\" data-end=\"826\">Koost\u00f6\u00f6s meie kinnisvaramaakleri Margus Merimaga aitame sul turvaliselt ja sujuvalt leida sobiva kodu. Toetame sind kogu ostuprotsessi v\u00e4ltel \u2013 alates objekti leidmisest kuni v\u00f5tmete k\u00e4ttesaamiseni.<\/p><h4 data-start=\"833\" data-end=\"869\"><strong>Miks valida Toscana?<\/strong><\/h4><p data-start=\"873\" data-end=\"1035\"><strong>Ajalugu, esteetika ja aeglane elu \u2013 kodu, mis toidab hinge:<\/strong> elu keset viinamarjav\u00e4lju ja oliivisalusid. Ajaloolised majad, mis \u00fchendavad traditsiooni ja kaasaegse mugavuse. Autentne Itaalia elustiil \u2013 aeglane toit, \u00fchtehoidev kogukond, kultuuri- ja meelelahutus\u00fcritused.<\/p><p style=\"text-align: center;\" data-start=\"1039\" data-end=\"1213\"><strong data-start=\"1559\" data-end=\"1581\">\u00dchendus:<\/strong> hea lennu\u00fchendua Pisa ja Firenze lennujaamade kaudu, lihtne ligip\u00e4\u00e4s Tallinnast.<\/p><p style=\"text-align: center;\" data-start=\"1039\" data-end=\"1213\"><strong>Asukoht:<\/strong> v\u00f5imalus elada vaikses k\u00fclas ja samas j\u00f5uda kiiresti suurde linna v\u00f5i randa.<\/p><p style=\"text-align: center;\" data-start=\"1217\" data-end=\"1245\"><strong>Hinnatase:<\/strong> stabiilne ja v\u00e4\u00e4rtust hoidev kinnisvaraturg ja m\u00f5istlik hinnatase. Juunis 2025 oli Toscana korterite k<span class=\"relative -mx-px my-[-0.2rem] rounded px-px py-[0.2rem] transition-colors duration-100 ease-in-out\">eskmine hind on 2\u202f600\u202f\u20ac\/m\u00b2 ja majade hind 2475 \u202f\u20ac\/m\u00b2\u202f.<\/span><\/p><p data-start=\"1217\" data-end=\"1245\"><strong>Elustiil, mida ei saa m\u00f5\u00f5ta rahas: <\/strong>kohalik toit ja vein on maailmakuulsad \u2013 k\u00f5ikjal on v\u00e4ikesed restoranid ja kohalikud tootjad. Kunst ja kultuur \u2013 l\u00e4hikonnas Michelangelo, Leonardo ja Dante s\u00fcnnipaigad. Tervislik eluviis, rohkelt matkaradu ja vaikust \u2013 ideaalne rahu ja taastumise jaoks.<\/p><h4 data-start=\"2213\" data-end=\"2258\"><strong>Praktiline info ostjale<\/strong><\/h4><p data-start=\"2262\" data-end=\"2392\"><strong data-start=\"2428\" data-end=\"2481\">Kogu protsess toimub turvaliselt ja l\u00e4bipaistvalt<\/strong> \u2013 meie partner aitab dokumentide ettevalmistuses, notariaalses vormistamises ja suhtluses ametiasutustega.<\/p><p data-start=\"2398\" data-end=\"2532\">Ostmiseks on vajalik <strong data-start=\"2672\" data-end=\"2690\">Codice Fiscale<\/strong> (maksukood), mida saab meie partneri abiga.<\/p><h4 data-start=\"2767\" data-end=\"2812\"><strong>Eestikeelne abi ja kohapealne tugi<\/strong><\/h4><p data-start=\"2816\" data-end=\"2970\"><strong>Objektide k\u00fclastamine\u00a0Toscanas<\/strong>: aitame leida sobiva kinnisvara ja korraldame tutvumise objektidega.<\/p><p data-start=\"2974\" data-end=\"3141\"><strong>Abi juriidikas ja dokumentatsioonis<\/strong>: t\u00f6\u00f6tame koos juristide ja notaritega, kes tagavad ostuprotsessi l\u00e4bipaistvuse ja turvalisuse.<\/p><p data-start=\"3145\" data-end=\"3295\"><strong>Eestikeelsed teenused<\/strong>: Margus Merima on sinu kontaktisik Toscanas, kes r\u00e4\u00e4gib eesti keeles ning abistab kogu otsingu- ja ostuprotessi v\u00e4ltel.<\/p><p><strong>Soovid soetada kinnisvara Toscanas? <span style=\"font-size: 17px; font-style: inherit; color: #393c40; font-family: Roboto, sans-serif;\">V\u00f5ta \u00fchendust!<\/span><\/strong><\/p><p data-start=\"3354\" data-end=\"3472\"><strong>MARGUS MERIMA<\/strong><br data-start=\"3372\" data-end=\"3375\" \/><a class=\"cursor-pointer\" rel=\"noopener\" data-start=\"3378\" data-end=\"3447\">margus.merima@novekinnisvara.ee<\/a><br data-start=\"3447\" data-end=\"3450\" \/>\u202f+372 506 7201<\/p>\t\t\t\t\t\t\t\t<\/div>\n\t\t\t\t<\/div>\n\t\t\t\t\t<\/div>\n\t\t\t\t<\/div>\n\t\t<div class=\"elementor-element elementor-element-0e0d4c5 e-flex e-con-boxed e-con e-parent\" data-id=\"0e0d4c5\" data-element_type=\"container\" data-e-type=\"container\">\n\t\t\t\t\t<div class=\"e-con-inner\">\n\t\t\t\t<div class=\"elementor-element elementor-element-ba29845 elementor-align-center elementor-widget elementor-widget-button\" data-id=\"ba29845\" data-element_type=\"widget\" data-e-type=\"widget\" data-widget_type=\"button.default\">\n\t\t\t\t<div class=\"elementor-widget-container\">\n\t\t\t\t\t\t\t\t\t<div class=\"elementor-button-wrapper\">\n\t\t\t\t\t<a class=\"elementor-button elementor-button-link elementor-size-sm\" href=\"https:\/\/novekinnisvara.ee\/kinnisvara-itaalias\/\">\n\t\t\t\t\t\t<span class=\"elementor-button-content-wrapper\">\n\t\t\t\t\t\t\t\t\t<span class=\"elementor-button-text\">Toscana kinnisvara<\/span>\n\t\t\t\t\t<\/span>\n\t\t\t\t\t<\/a>\n\t\t\t\t<\/div>\n\t\t\t\t\t\t\t\t<\/div>\n\t\t\t\t<\/div>\n\t\t\t\t\t<\/div>\n\t\t\t\t<\/div>\n\t\t\t\t<\/div>\n\t\t","protected":false},"excerpt":{"rendered":"<p>toscana Kinnisvara Toscanas \u2013 itaalia elu parimas v\u00f5tmes Toscana \u2013 piirkond, kus elu kulgeb aeglasemalt, p\u00e4ike paistab heldelt ja iga vaade meenutab postkaarti.\u00a0 Toscana on paik neile, kes hindavad ilu, rahu, kultuuri ja elukvaliteeti. Koost\u00f6\u00f6s meie kinnisvaramaakleri Margus Merimaga aitame sul turvaliselt ja sujuvalt leida sobiva kodu. Toetame sind kogu ostuprotsessi v\u00e4ltel \u2013 alates objekti [&hellip;]<\/p>\n","protected":false},"author":1,"featured_media":0,"parent":0,"menu_order":0,"comment_status":"closed","ping_status":"closed","template":"","meta":{"_acf_changed":false,"_uag_custom_page_level_css":"","_uf_show_specific_survey":0,"_uf_disable_surveys":false,"site-sidebar-layout":"no-sidebar","site-content-layout":"page-builder","ast-site-content-layout":"full-width-container","site-content-style":"unboxed","site-sidebar-style":"unboxed","ast-global-header-display":"","ast-banner-title-visibility":"","ast-main-header-display":"","ast-hfb-above-header-display":"","ast-hfb-below-header-display":"","ast-hfb-mobile-header-display":"","site-post-title":"disabled","ast-breadcrumbs-content":"disabled","ast-featured-img":"disabled","footer-sml-layout":"","ast-disable-related-posts":"","theme-transparent-header-meta":"enabled","adv-header-id-meta":"","stick-header-meta":"","header-above-stick-meta":"","header-main-stick-meta":"","header-below-stick-meta":"","astra-migrate-meta-layouts":"set","ast-page-background-enabled":"default","ast-page-background-meta":{"desktop":{"background-color":"","background-image":"","background-repeat":"repeat","background-position":"center center","background-size":"auto","background-attachment":"scroll","background-type":"","background-media":"","overlay-type":"","overlay-color":"","overlay-opacity":"","overlay-gradient":""},"tablet":{"background-color":"","background-image":"","background-repeat":"repeat","background-position":"center center","background-size":"auto","background-attachment":"scroll","background-type":"","background-media":"","overlay-type":"","overlay-color":"","overlay-opacity":"","overlay-gradient":""},"mobile":{"background-color":"","background-image":"","background-repeat":"repeat","background-position":"center center","background-size":"auto","background-attachment":"scroll","background-type":"","background-media":"","overlay-type":"","overlay-color":"","overlay-opacity":"","overlay-gradient":""}},"ast-content-background-meta":{"desktop":{"background-color":"var(--ast-global-color-5)","background-image":"","background-repeat":"repeat","background-position":"center center","background-size":"auto","background-attachment":"scroll","background-type":"","background-media":"","overlay-type":"","overlay-color":"","overlay-opacity":"","overlay-gradient":""},"tablet":{"background-color":"var(--ast-global-color-5)","background-image":"","background-repeat":"repeat","background-position":"center center","background-size":"auto","background-attachment":"scroll","background-type":"","background-media":"","overlay-type":"","overlay-color":"","overlay-opacity":"","overlay-gradient":""},"mobile":{"background-color":"var(--ast-global-color-5)","background-image":"","background-repeat":"repeat","background-position":"center center","background-size":"auto","background-attachment":"scroll","background-type":"","background-media":"","overlay-type":"","overlay-color":"","overlay-opacity":"","overlay-gradient":""}},"footnotes":""},"class_list":["post-8346","page","type-page","status-publish","hentry"],"acf":[],"aioseo_notices":[],"uagb_featured_image_src":{"full":false,"thumbnail":false,"medium":false,"medium_large":false,"large":false,"1536x1536":false,"2048x2048":false,"trp-custom-language-flag":false,"woocommerce_thumbnail":false,"woocommerce_single":false,"woocommerce_gallery_thumbnail":false},"uagb_author_info":{"display_name":"Erika Truuverk","author_link":"https:\/\/novekinnisvara.ee\/en\/author\/erika-truuverk\/"},"uagb_comment_info":0,"uagb_excerpt":"toscana Kinnisvara Toscanas \u2013 itaalia elu parimas v\u00f5tmes Toscana \u2013 piirkond, kus elu kulgeb aeglasemalt, p\u00e4ike paistab heldelt ja iga vaade meenutab postkaarti.\u00a0 Toscana on paik neile, kes hindavad ilu, rahu, kultuuri ja elukvaliteeti. Koost\u00f6\u00f6s meie kinnisvaramaakleri Margus Merimaga aitame sul turvaliselt ja sujuvalt leida sobiva kodu. Toetame sind kogu ostuprotsessi v\u00e4ltel \u2013 alates objekti&hellip;","rttpg_featured_image_url":null,"rttpg_author":{"display_name":"Erika Truuverk","author_link":"https:\/\/novekinnisvara.ee\/en\/author\/erika-truuverk\/"},"rttpg_comment":0,"rttpg_category":null,"rttpg_excerpt":"toscana Kinnisvara Toscanas \u2013 itaalia elu parimas v\u00f5tmes Toscana \u2013 piirkond, kus elu kulgeb aeglasemalt, p\u00e4ike paistab heldelt ja iga vaade meenutab postkaarti.\u00a0 Toscana on paik neile, kes hindavad ilu, rahu, kultuuri ja elukvaliteeti. Koost\u00f6\u00f6s meie kinnisvaramaakleri Margus Merimaga aitame sul turvaliselt ja sujuvalt leida sobiva kodu. Toetame sind kogu ostuprotsessi v\u00e4ltel \u2013 alates objekti&hellip;","_links":{"self":[{"href":"https:\/\/novekinnisvara.ee\/en\/wp-json\/wp\/v2\/pages\/8346","targetHints":{"allow":["GET"]}}],"collection":[{"href":"https:\/\/novekinnisvara.ee\/en\/wp-json\/wp\/v2\/pages"}],"about":[{"href":"https:\/\/novekinnisvara.ee\/en\/wp-json\/wp\/v2\/types\/page"}],"author":[{"embeddable":true,"href":"https:\/\/novekinnisvara.ee\/en\/wp-json\/wp\/v2\/users\/1"}],"replies":[{"embeddable":true,"href":"https:\/\/novekinnisvara.ee\/en\/wp-json\/wp\/v2\/comments?post=8346"}],"version-history":[{"count":0,"href":"https:\/\/novekinnisvara.ee\/en\/wp-json\/wp\/v2\/pages\/8346\/revisions"}],"wp:attachment":[{"href":"https:\/\/novekinnisvara.ee\/en\/wp-json\/wp\/v2\/media?parent=8346"}],"curies":[{"name":"wp","href":"https:\/\/api.w.org\/{rel}","templated":true}]}}