{"id":8429,"date":"2025-07-16T12:56:33","date_gmt":"2025-07-16T12:56:33","guid":{"rendered":"https:\/\/novekinnisvara.ee\/?page_id=8429"},"modified":"2026-02-21T13:51:15","modified_gmt":"2026-02-21T11:51:15","slug":"hinnastamine","status":"publish","type":"page","link":"https:\/\/novekinnisvara.ee\/en\/hinnastamine\/","title":{"rendered":"Pricing"},"content":{"rendered":"<div data-elementor-type=\"wp-post\" data-elementor-id=\"8429\" class=\"elementor elementor-8429\">\n\t\t\t\t<div class=\"elementor-element elementor-element-615a35c e-flex e-con-boxed e-con e-parent\" data-id=\"615a35c\" data-element_type=\"container\" data-e-type=\"container\">\n\t\t\t\t\t<div class=\"e-con-inner\">\n\t\t\t\t<div class=\"elementor-element elementor-element-ce9d71a elementor-widget elementor-widget-heading\" data-id=\"ce9d71a\" data-element_type=\"widget\" data-e-type=\"widget\" data-widget_type=\"heading.default\">\n\t\t\t\t<div class=\"elementor-widget-container\">\n\t\t\t\t\t<h2 class=\"elementor-heading-title elementor-size-default\">order a free valuation<\/h2>\t\t\t\t<\/div>\n\t\t\t\t<\/div>\n\t\t\t\t<div class=\"elementor-element elementor-element-010da0f elementor-widget elementor-widget-spacer\" data-id=\"010da0f\" data-element_type=\"widget\" data-e-type=\"widget\" data-widget_type=\"spacer.default\">\n\t\t\t\t<div class=\"elementor-widget-container\">\n\t\t\t\t\t\t\t<div class=\"elementor-spacer\">\n\t\t\t<div class=\"elementor-spacer-inner\"><\/div>\n\t\t<\/div>\n\t\t\t\t\t\t<\/div>\n\t\t\t\t<\/div>\n\t\t\t\t<div class=\"elementor-element elementor-element-3507e5f elementor-widget elementor-widget-text-editor\" data-id=\"3507e5f\" data-element_type=\"widget\" data-e-type=\"widget\" data-widget_type=\"text-editor.default\">\n\t\t\t\t<div class=\"elementor-widget-container\">\n\t\t\t\t\t\t\t\t\t<p>Pakume tasuta konsultatsiooni kinnisvara seisukorra hindamiseks ja hinna m\u00e4\u00e4ramiseks.<\/p><p data-start=\"308\" data-end=\"509\">Tasuta konsultatsiooniga selgutame v\u00e4lja teie kinnsivara turuhinna ning arusaama kogu m\u00fc\u00fcgiprotsessi etappidest. Konsultatsioon ei kohusta klienti millekski ja sobib ka siis, kui m\u00fc\u00fck on plaanis tulevikus.\u00a0<\/p><h3 data-start=\"511\" data-end=\"545\">Mida konsultatsioon sisaldab?<\/h3><p data-start=\"547\" data-end=\"737\"><strong data-start=\"547\" data-end=\"575\">M\u00fc\u00fcgiolukorra anal\u00fc\u00fcsi<\/strong><br data-start=\"575\" data-end=\"578\" \/>Kaardistame m\u00fc\u00fcgiga seotud asjaolud: omandisuhted, juriidilised n\u00fcansid, dokumentatsiooni, maksustamise ja erijuhtumid (nt p\u00e4rimine, ettev\u00f5tte vara vms).<\/p><p data-start=\"909\" data-end=\"1123\"><strong data-start=\"909\" data-end=\"942\">M\u00fc\u00fcgitakistuste kaardistus<\/strong><br data-start=\"942\" data-end=\"945\" \/>Toome v\u00e4lja v\u00f5imalikud takistused, mis v\u00f5ivad ostjat k\u00f5hklema panna \u2013 alates tehnilistest puudustest kuni liiga pika vabanemisajani \u2013 ning anname soovitused nende k\u00f5rvaldamiseks.<\/p><p data-start=\"1125\" data-end=\"1313\"><strong data-start=\"1125\" data-end=\"1154\">Hinna m\u00e4\u00e4ramine ja m\u00fc\u00fcgiplaani koostamine<\/strong><br data-start=\"1154\" data-end=\"1157\" \/>Lepime kokku objekti m\u00fc\u00fcgihinna ning koostame personaalset l\u00e4henemist arvestava m\u00fc\u00fcgiplaani. Samuti tutvustame teenuseid, mis aitavad m\u00fc\u00fcki kiirendada ja tulemust parandada.<\/p><p>M\u00fc\u00fcgihinnangu tellimisega ei kaasne siduvaid kohustusi.<\/p><h3>Broneeri tasuta konsultatsioon juba t\u00e4na!<\/h3>\t\t\t\t\t\t\t\t<\/div>\n\t\t\t\t<\/div>\n\t\t\t\t<div class=\"elementor-element elementor-element-953f7c2 elementor-align-center elementor-widget elementor-widget-button\" data-id=\"953f7c2\" data-element_type=\"widget\" data-e-type=\"widget\" data-widget_type=\"button.default\">\n\t\t\t\t<div class=\"elementor-widget-container\">\n\t\t\t\t\t\t\t\t\t<div class=\"elementor-button-wrapper\">\n\t\t\t\t\t<a class=\"elementor-button elementor-button-link elementor-size-sm\" href=\"https:\/\/novekinnisvara.ee\/en\/privaatsustingimused\/\">\n\t\t\t\t\t\t<span class=\"elementor-button-content-wrapper\">\n\t\t\t\t\t\t\t\t\t<span class=\"elementor-button-text\">Privacy Terms<\/span>\n\t\t\t\t\t<\/span>\n\t\t\t\t\t<\/a>\n\t\t\t\t<\/div>\n\t\t\t\t\t\t\t\t<\/div>\n\t\t\t\t<\/div>\n\t\t\t\t<div class=\"elementor-element elementor-element-d56aec0 elementor-widget elementor-widget-spacer\" data-id=\"d56aec0\" data-element_type=\"widget\" data-e-type=\"widget\" data-widget_type=\"spacer.default\">\n\t\t\t\t<div class=\"elementor-widget-container\">\n\t\t\t\t\t\t\t<div class=\"elementor-spacer\">\n\t\t\t<div class=\"elementor-spacer-inner\"><\/div>\n\t\t<\/div>\n\t\t\t\t\t\t<\/div>\n\t\t\t\t<\/div>\n\t\t\t\t\t<\/div>\n\t\t\t\t<\/div>\n\t\t<div class=\"elementor-element elementor-element-91af575 e-con-full e-flex e-con e-parent\" data-id=\"91af575\" data-element_type=\"container\" data-e-type=\"container\">\n\t\t\t\t<div class=\"elementor-element elementor-element-dbcd5d3 elementor-widget elementor-widget-spacer\" data-id=\"dbcd5d3\" data-element_type=\"widget\" data-e-type=\"widget\" data-widget_type=\"spacer.default\">\n\t\t\t\t<div class=\"elementor-widget-container\">\n\t\t\t\t\t\t\t<div class=\"elementor-spacer\">\n\t\t\t<div class=\"elementor-spacer-inner\"><\/div>\n\t\t<\/div>\n\t\t\t\t\t\t<\/div>\n\t\t\t\t<\/div>\n\t\t\t\t<\/div>\n\t\t\t\t<\/div>","protected":false},"excerpt":{"rendered":"<p>tasuta M\u00fc\u00fcgihinnangu tellimine Pakume tasuta konsultatsiooni kinnisvara seisukorra hindamiseks ja hinna m\u00e4\u00e4ramiseks. Tasuta konsultatsiooniga selgutame v\u00e4lja teie kinnsivara turuhinna ning arusaama kogu m\u00fc\u00fcgiprotsessi etappidest. Konsultatsioon ei kohusta klienti millekski ja sobib ka siis, kui m\u00fc\u00fck on plaanis tulevikus.\u00a0 Mida konsultatsioon sisaldab? M\u00fc\u00fcgiolukorra anal\u00fc\u00fcsiKaardistame m\u00fc\u00fcgiga seotud asjaolud: omandisuhted, juriidilised n\u00fcansid, dokumentatsiooni, maksustamise ja erijuhtumid (nt p\u00e4rimine, [&hellip;]<\/p>\n","protected":false},"author":1,"featured_media":0,"parent":0,"menu_order":0,"comment_status":"closed","ping_status":"closed","template":"","meta":{"_acf_changed":false,"_uag_custom_page_level_css":"","_uf_show_specific_survey":0,"_uf_disable_surveys":false,"site-sidebar-layout":"no-sidebar","site-content-layout":"page-builder","ast-site-content-layout":"full-width-container","site-content-style":"unboxed","site-sidebar-style":"unboxed","ast-global-header-display":"","ast-banner-title-visibility":"","ast-main-header-display":"","ast-hfb-above-header-display":"","ast-hfb-below-header-display":"","ast-hfb-mobile-header-display":"","site-post-title":"disabled","ast-breadcrumbs-content":"disabled","ast-featured-img":"disabled","footer-sml-layout":"","ast-disable-related-posts":"","theme-transparent-header-meta":"enabled","adv-header-id-meta":"","stick-header-meta":"","header-above-stick-meta":"","header-main-stick-meta":"","header-below-stick-meta":"","astra-migrate-meta-layouts":"set","ast-page-background-enabled":"default","ast-page-background-meta":{"desktop":{"background-color":"","background-image":"","background-repeat":"repeat","background-position":"center center","background-size":"auto","background-attachment":"scroll","background-type":"","background-media":"","overlay-type":"","overlay-color":"","overlay-opacity":"","overlay-gradient":""},"tablet":{"background-color":"","background-image":"","background-repeat":"repeat","background-position":"center center","background-size":"auto","background-attachment":"scroll","background-type":"","background-media":"","overlay-type":"","overlay-color":"","overlay-opacity":"","overlay-gradient":""},"mobile":{"background-color":"","background-image":"","background-repeat":"repeat","background-position":"center center","background-size":"auto","background-attachment":"scroll","background-type":"","background-media":"","overlay-type":"","overlay-color":"","overlay-opacity":"","overlay-gradient":""}},"ast-content-background-meta":{"desktop":{"background-color":"var(--ast-global-color-5)","background-image":"","background-repeat":"repeat","background-position":"center center","background-size":"auto","background-attachment":"scroll","background-type":"","background-media":"","overlay-type":"","overlay-color":"","overlay-opacity":"","overlay-gradient":""},"tablet":{"background-color":"var(--ast-global-color-5)","background-image":"","background-repeat":"repeat","background-position":"center center","background-size":"auto","background-attachment":"scroll","background-type":"","background-media":"","overlay-type":"","overlay-color":"","overlay-opacity":"","overlay-gradient":""},"mobile":{"background-color":"var(--ast-global-color-5)","background-image":"","background-repeat":"repeat","background-position":"center center","background-size":"auto","background-attachment":"scroll","background-type":"","background-media":"","overlay-type":"","overlay-color":"","overlay-opacity":"","overlay-gradient":""}},"footnotes":""},"class_list":["post-8429","page","type-page","status-publish","hentry"],"acf":[],"aioseo_notices":[],"uagb_featured_image_src":{"full":false,"thumbnail":false,"medium":false,"medium_large":false,"large":false,"1536x1536":false,"2048x2048":false,"trp-custom-language-flag":false,"woocommerce_thumbnail":false,"woocommerce_single":false,"woocommerce_gallery_thumbnail":false},"uagb_author_info":{"display_name":"Erika Truuverk","author_link":"https:\/\/novekinnisvara.ee\/en\/author\/erika-truuverk\/"},"uagb_comment_info":0,"uagb_excerpt":"tasuta M\u00fc\u00fcgihinnangu tellimine Pakume tasuta konsultatsiooni kinnisvara seisukorra hindamiseks ja hinna m\u00e4\u00e4ramiseks. Tasuta konsultatsiooniga selgutame v\u00e4lja teie kinnsivara turuhinna ning arusaama kogu m\u00fc\u00fcgiprotsessi etappidest. Konsultatsioon ei kohusta klienti millekski ja sobib ka siis, kui m\u00fc\u00fck on plaanis tulevikus.\u00a0 Mida konsultatsioon sisaldab? M\u00fc\u00fcgiolukorra anal\u00fc\u00fcsiKaardistame m\u00fc\u00fcgiga seotud asjaolud: omandisuhted, juriidilised n\u00fcansid, dokumentatsiooni, maksustamise ja erijuhtumid (nt p\u00e4rimine,&hellip;","rttpg_featured_image_url":null,"rttpg_author":{"display_name":"Erika Truuverk","author_link":"https:\/\/novekinnisvara.ee\/en\/author\/erika-truuverk\/"},"rttpg_comment":0,"rttpg_category":null,"rttpg_excerpt":"tasuta M\u00fc\u00fcgihinnangu tellimine Pakume tasuta konsultatsiooni kinnisvara seisukorra hindamiseks ja hinna m\u00e4\u00e4ramiseks. Tasuta konsultatsiooniga selgutame v\u00e4lja teie kinnsivara turuhinna ning arusaama kogu m\u00fc\u00fcgiprotsessi etappidest. Konsultatsioon ei kohusta klienti millekski ja sobib ka siis, kui m\u00fc\u00fck on plaanis tulevikus.\u00a0 Mida konsultatsioon sisaldab? M\u00fc\u00fcgiolukorra anal\u00fc\u00fcsiKaardistame m\u00fc\u00fcgiga seotud asjaolud: omandisuhted, juriidilised n\u00fcansid, dokumentatsiooni, maksustamise ja erijuhtumid (nt p\u00e4rimine,&hellip;","_links":{"self":[{"href":"https:\/\/novekinnisvara.ee\/en\/wp-json\/wp\/v2\/pages\/8429","targetHints":{"allow":["GET"]}}],"collection":[{"href":"https:\/\/novekinnisvara.ee\/en\/wp-json\/wp\/v2\/pages"}],"about":[{"href":"https:\/\/novekinnisvara.ee\/en\/wp-json\/wp\/v2\/types\/page"}],"author":[{"embeddable":true,"href":"https:\/\/novekinnisvara.ee\/en\/wp-json\/wp\/v2\/users\/1"}],"replies":[{"embeddable":true,"href":"https:\/\/novekinnisvara.ee\/en\/wp-json\/wp\/v2\/comments?post=8429"}],"version-history":[{"count":7,"href":"https:\/\/novekinnisvara.ee\/en\/wp-json\/wp\/v2\/pages\/8429\/revisions"}],"predecessor-version":[{"id":11723,"href":"https:\/\/novekinnisvara.ee\/en\/wp-json\/wp\/v2\/pages\/8429\/revisions\/11723"}],"wp:attachment":[{"href":"https:\/\/novekinnisvara.ee\/en\/wp-json\/wp\/v2\/media?parent=8429"}],"curies":[{"name":"wp","href":"https:\/\/api.w.org\/{rel}","templated":true}]}}