{"id":10348,"date":"2025-12-04T10:25:20","date_gmt":"2025-12-04T10:25:20","guid":{"rendered":"https:\/\/novekinnisvara.ee\/?post_type=product&#038;p=10348"},"modified":"2025-12-04T11:34:48","modified_gmt":"2025-12-04T11:34:48","slug":"anda-uurile-aripind-70-m%c2%b2-keemia-tn-4-kristiine-tallinn","status":"publish","type":"product","link":"https:\/\/novekinnisvara.ee\/en\/product\/anda-uurile-aripind-70-m%c2%b2-keemia-tn-4-kristiine-tallinn\/","title":{"rendered":"For rent: commercial space 70 m\u00b2 \u2013 Keemia St 4, Kristiine, Tallinn"},"content":{"rendered":"<p>Office spaces for rent in the Kristiine district, located in the Keemia 4 commercial building. The location near the Hipodroom intersection ensures quick access to the city centre, Mustam\u00e4e, and other key areas of the city.<\/p>\n<p class=\"translation-block\">ROOM DESCRIPTION<br>\nThe office located on the second floor features frosted glass partition walls. The furniture shown in the photos \u2014 desk sets, rolling-door cabinets, and mobile drawer units \u2014 will remain for the tenant\u2019s use, providing a convenient opportunity to start working immediately.<br>\nThe premises also offer the possibility to install water connections.<\/p>\n<p class=\"translation-block\">AMENITIES AND TECHNOLOGY<br>\nSeveral parking options available in the area<br>\nExcellent public transport connections<br>\nThe building is equipped with an elevator<br>\n24\/7 access to the premises<br>\nModern mechanical ventilation<br>\nElectronic security system and video surveillance<br>\nThe room is vacant and ready for immediate use<\/p>\n<p class=\"translation-block\">ADDITIONAL OPTIONS IN THE BUILDING<br>\nIn addition, the same building offers other office spaces in various sizes.<br>\nStorage rooms in the basement level are also available for rent.<\/p>\n<p class=\"translation-block\">CONDITIONS<br>\nReasonably priced utility costs and VAT will be added to the rental price.<br>\nNo brokerage fee for the tenant.<\/p>\n<p>If you would like to visit it or need additional information, feel free to contact me!<\/p>","protected":false},"excerpt":{"rendered":"<p>Anda \u00fc\u00fcrile \u00e4ripind 70 m\u00b2 &#8211; Keemia tn 4, Kristiine, Tallinn<\/p>","protected":false},"featured_media":10349,"template":"","meta":{"_acf_changed":false,"_uag_custom_page_level_css":"","_uf_show_specific_survey":0,"_uf_disable_surveys":false,"site-sidebar-layout":"default","site-content-layout":"","ast-site-content-layout":"default","site-content-style":"default","site-sidebar-style":"default","ast-global-header-display":"","ast-banner-title-visibility":"","ast-main-header-display":"","ast-hfb-above-header-display":"","ast-hfb-below-header-display":"","ast-hfb-mobile-header-display":"","site-post-title":"","ast-breadcrumbs-content":"","ast-featured-img":"","footer-sml-layout":"","ast-disable-related-posts":"","theme-transparent-header-meta":"default","adv-header-id-meta":"","stick-header-meta":"","header-above-stick-meta":"","header-main-stick-meta":"","header-below-stick-meta":"","astra-migrate-meta-layouts":"set","ast-page-background-enabled":"default","ast-page-background-meta":{"desktop":{"background-color":"","background-image":"","background-repeat":"repeat","background-position":"center center","background-size":"auto","background-attachment":"scroll","background-type":"","background-media":"","overlay-type":"","overlay-color":"","overlay-opacity":"","overlay-gradient":""},"tablet":{"background-color":"","background-image":"","background-repeat":"repeat","background-position":"center center","background-size":"auto","background-attachment":"scroll","background-type":"","background-media":"","overlay-type":"","overlay-color":"","overlay-opacity":"","overlay-gradient":""},"mobile":{"background-color":"","background-image":"","background-repeat":"repeat","background-position":"center center","background-size":"auto","background-attachment":"scroll","background-type":"","background-media":"","overlay-type":"","overlay-color":"","overlay-opacity":"","overlay-gradient":""}},"ast-content-background-meta":{"desktop":{"background-color":"var(--ast-global-color-5)","background-image":"","background-repeat":"repeat","background-position":"center center","background-size":"auto","background-attachment":"scroll","background-type":"","background-media":"","overlay-type":"","overlay-color":"","overlay-opacity":"","overlay-gradient":""},"tablet":{"background-color":"var(--ast-global-color-5)","background-image":"","background-repeat":"repeat","background-position":"center center","background-size":"auto","background-attachment":"scroll","background-type":"","background-media":"","overlay-type":"","overlay-color":"","overlay-opacity":"","overlay-gradient":""},"mobile":{"background-color":"var(--ast-global-color-5)","background-image":"","background-repeat":"repeat","background-position":"center center","background-size":"auto","background-attachment":"scroll","background-type":"","background-media":"","overlay-type":"","overlay-color":"","overlay-opacity":"","overlay-gradient":""}}},"product_brand":[],"product_cat":[107,104],"product_tag":[],"class_list":{"0":"post-10348","1":"product","2":"type-product","3":"status-publish","4":"has-post-thumbnail","6":"product_cat-aripinnad-eesti","7":"product_cat-uur","8":"desktop-align-left","9":"tablet-align-left","10":"mobile-align-left","12":"first","13":"instock","14":"virtual","15":"purchasable","16":"product-type-simple"},"acf":[],"aioseo_notices":[],"uagb_featured_image_src":{"full":["https:\/\/novekinnisvara.ee\/wp-content\/uploads\/2025\/12\/Keemia-4-2-2.jpg",2048,1243,false],"thumbnail":["https:\/\/novekinnisvara.ee\/wp-content\/uploads\/2025\/12\/Keemia-4-2-2-400x400.jpg",400,400,true],"medium":["https:\/\/novekinnisvara.ee\/wp-content\/uploads\/2025\/12\/Keemia-4-2-2-600x364.jpg",600,364,true],"medium_large":["https:\/\/novekinnisvara.ee\/wp-content\/uploads\/2025\/12\/Keemia-4-2-2-768x466.jpg",768,466,true],"large":["https:\/\/novekinnisvara.ee\/wp-content\/uploads\/2025\/12\/Keemia-4-2-2-1024x622.jpg",1024,622,true],"1536x1536":["https:\/\/novekinnisvara.ee\/wp-content\/uploads\/2025\/12\/Keemia-4-2-2-1536x932.jpg",1536,932,true],"2048x2048":["https:\/\/novekinnisvara.ee\/wp-content\/uploads\/2025\/12\/Keemia-4-2-2.jpg",2048,1243,false],"trp-custom-language-flag":["https:\/\/novekinnisvara.ee\/wp-content\/uploads\/2025\/12\/Keemia-4-2-2-18x12.jpg",18,12,true],"woocommerce_thumbnail":["https:\/\/novekinnisvara.ee\/wp-content\/uploads\/2025\/12\/Keemia-4-2-2-400x300.jpg",400,300,true],"woocommerce_single":["https:\/\/novekinnisvara.ee\/wp-content\/uploads\/2025\/12\/Keemia-4-2-2-800x486.jpg",800,486,true],"woocommerce_gallery_thumbnail":["https:\/\/novekinnisvara.ee\/wp-content\/uploads\/2025\/12\/Keemia-4-2-2-100x100.jpg",100,100,true]},"uagb_author_info":{"display_name":"Erika Truuverk","author_link":"https:\/\/novekinnisvara.ee\/en\/author\/"},"uagb_comment_info":0,"uagb_excerpt":"Anda \u00fc\u00fcrile \u00e4ripind 70 m\u00b2 - Keemia tn 4, Kristiine, Tallinn","_links":{"self":[{"href":"https:\/\/novekinnisvara.ee\/en\/wp-json\/wp\/v2\/product\/10348","targetHints":{"allow":["GET"]}}],"collection":[{"href":"https:\/\/novekinnisvara.ee\/en\/wp-json\/wp\/v2\/product"}],"about":[{"href":"https:\/\/novekinnisvara.ee\/en\/wp-json\/wp\/v2\/types\/product"}],"wp:featuredmedia":[{"embeddable":true,"href":"https:\/\/novekinnisvara.ee\/en\/wp-json\/wp\/v2\/media\/10349"}],"wp:attachment":[{"href":"https:\/\/novekinnisvara.ee\/en\/wp-json\/wp\/v2\/media?parent=10348"}],"wp:term":[{"taxonomy":"product_brand","embeddable":true,"href":"https:\/\/novekinnisvara.ee\/en\/wp-json\/wp\/v2\/product_brand?post=10348"},{"taxonomy":"product_cat","embeddable":true,"href":"https:\/\/novekinnisvara.ee\/en\/wp-json\/wp\/v2\/product_cat?post=10348"},{"taxonomy":"product_tag","embeddable":true,"href":"https:\/\/novekinnisvara.ee\/en\/wp-json\/wp\/v2\/product_tag?post=10348"}],"curies":[{"name":"wp","href":"https:\/\/api.w.org\/{rel}","templated":true}]}}