{"id":10350,"date":"2025-12-07T19:02:10","date_gmt":"2025-12-07T19:02:10","guid":{"rendered":"https:\/\/novekinnisvara.ee\/?post_type=product&#038;p=10350"},"modified":"2025-12-07T19:08:23","modified_gmt":"2025-12-07T19:08:23","slug":"anda-uurile-aripind-84-5-m%c2%b2-keemia-tn-4-kristiine-tallinn","status":"publish","type":"product","link":"https:\/\/novekinnisvara.ee\/en\/product\/anda-uurile-aripind-84-5-m%c2%b2-keemia-tn-4-kristiine-tallinn\/","title":{"rendered":"For rent: commercial space 84.5 m\u00b2 \u2013 Keemia St 4, Kristiine, Tallinn"},"content":{"rendered":"<p>A well-maintained office space is available for rent in the Kristiine district, in the commercial building on Keemia Street. The location near the Hipodroomi intersection provides excellent access both to the city centre and to Mustam\u00e4e, ensuring convenient arrival for employees and clients alike.<\/p>\n<p class=\"translation-block\">DESCRIPTION OF THE OFFICE<br>\nThe office is located on the second floor of the building. The layout offers a balance between an open work environment and more private rooms. The frosted glass sliding doors visible in the photos allow the spaces to be conveniently separated when needed. The office also includes a kitchenette solution. The rooms have good natural light. Light-coloured walls make the interior feel spacious and neutral.<\/p>\n<p class=\"translation-block\">AMENITIES AND TECHNOLOGY<br>\nSeveral parking options available in the area<br>\nExcellent public transport connections<br>\nThe building is equipped with an elevator<br>\n24\/7 access to the premises<br>\nModern mechanical ventilation<br>\nElectronic security system and video surveillance<br>\nThe room is vacant and ready for immediate use<\/p>\n<p>The office space is vacant and ready for immediate move-in.<\/p>\n<p>ADDITIONAL OPTIONS IN THE BUILDING<br \/>\nThe same commercial building also offers other office spaces in various sizes. In addition, storage rooms are available for rent on the basement floor.<\/p>\n<p class=\"translation-block\">CONDITIONS<br>\nReasonably priced utility costs and VAT will be added to the rental price.<br>\nNo brokerage fee for the tenant.<\/p>\n<p>If you would like more information or wish to come and view the premises, feel free to let me know!<\/p>","protected":false},"excerpt":{"rendered":"<p>Anda \u00fc\u00fcrile \u00e4ripind 84,5m\u00b2 Keemia tn 4, Kristiine, Tallinn<\/p>","protected":false},"featured_media":10352,"template":"","meta":{"_acf_changed":false,"_uag_custom_page_level_css":"","_uf_show_specific_survey":0,"_uf_disable_surveys":false,"site-sidebar-layout":"default","site-content-layout":"","ast-site-content-layout":"default","site-content-style":"default","site-sidebar-style":"default","ast-global-header-display":"","ast-banner-title-visibility":"","ast-main-header-display":"","ast-hfb-above-header-display":"","ast-hfb-below-header-display":"","ast-hfb-mobile-header-display":"","site-post-title":"","ast-breadcrumbs-content":"","ast-featured-img":"","footer-sml-layout":"","ast-disable-related-posts":"","theme-transparent-header-meta":"default","adv-header-id-meta":"","stick-header-meta":"","header-above-stick-meta":"","header-main-stick-meta":"","header-below-stick-meta":"","astra-migrate-meta-layouts":"set","ast-page-background-enabled":"default","ast-page-background-meta":{"desktop":{"background-color":"","background-image":"","background-repeat":"repeat","background-position":"center center","background-size":"auto","background-attachment":"scroll","background-type":"","background-media":"","overlay-type":"","overlay-color":"","overlay-opacity":"","overlay-gradient":""},"tablet":{"background-color":"","background-image":"","background-repeat":"repeat","background-position":"center center","background-size":"auto","background-attachment":"scroll","background-type":"","background-media":"","overlay-type":"","overlay-color":"","overlay-opacity":"","overlay-gradient":""},"mobile":{"background-color":"","background-image":"","background-repeat":"repeat","background-position":"center center","background-size":"auto","background-attachment":"scroll","background-type":"","background-media":"","overlay-type":"","overlay-color":"","overlay-opacity":"","overlay-gradient":""}},"ast-content-background-meta":{"desktop":{"background-color":"var(--ast-global-color-5)","background-image":"","background-repeat":"repeat","background-position":"center center","background-size":"auto","background-attachment":"scroll","background-type":"","background-media":"","overlay-type":"","overlay-color":"","overlay-opacity":"","overlay-gradient":""},"tablet":{"background-color":"var(--ast-global-color-5)","background-image":"","background-repeat":"repeat","background-position":"center center","background-size":"auto","background-attachment":"scroll","background-type":"","background-media":"","overlay-type":"","overlay-color":"","overlay-opacity":"","overlay-gradient":""},"mobile":{"background-color":"var(--ast-global-color-5)","background-image":"","background-repeat":"repeat","background-position":"center center","background-size":"auto","background-attachment":"scroll","background-type":"","background-media":"","overlay-type":"","overlay-color":"","overlay-opacity":"","overlay-gradient":""}}},"product_brand":[],"product_cat":[107,104],"product_tag":[],"class_list":{"0":"post-10350","1":"product","2":"type-product","3":"status-publish","4":"has-post-thumbnail","6":"product_cat-aripinnad-eesti","7":"product_cat-uur","8":"desktop-align-left","9":"tablet-align-left","10":"mobile-align-left","12":"first","13":"instock","14":"virtual","15":"purchasable","16":"product-type-simple"},"acf":[],"aioseo_notices":[],"uagb_featured_image_src":{"full":["https:\/\/novekinnisvara.ee\/wp-content\/uploads\/2025\/12\/DSC08210.jpg",1920,1280,false],"thumbnail":["https:\/\/novekinnisvara.ee\/wp-content\/uploads\/2025\/12\/DSC08210-400x400.jpg",400,400,true],"medium":["https:\/\/novekinnisvara.ee\/wp-content\/uploads\/2025\/12\/DSC08210-600x400.jpg",600,400,true],"medium_large":["https:\/\/novekinnisvara.ee\/wp-content\/uploads\/2025\/12\/DSC08210-768x512.jpg",768,512,true],"large":["https:\/\/novekinnisvara.ee\/wp-content\/uploads\/2025\/12\/DSC08210-1024x683.jpg",1024,683,true],"1536x1536":["https:\/\/novekinnisvara.ee\/wp-content\/uploads\/2025\/12\/DSC08210-1536x1024.jpg",1536,1024,true],"2048x2048":["https:\/\/novekinnisvara.ee\/wp-content\/uploads\/2025\/12\/DSC08210.jpg",1920,1280,false],"trp-custom-language-flag":["https:\/\/novekinnisvara.ee\/wp-content\/uploads\/2025\/12\/DSC08210-18x12.jpg",18,12,true],"woocommerce_thumbnail":["https:\/\/novekinnisvara.ee\/wp-content\/uploads\/2025\/12\/DSC08210-400x300.jpg",400,300,true],"woocommerce_single":["https:\/\/novekinnisvara.ee\/wp-content\/uploads\/2025\/12\/DSC08210-800x533.jpg",800,533,true],"woocommerce_gallery_thumbnail":["https:\/\/novekinnisvara.ee\/wp-content\/uploads\/2025\/12\/DSC08210-100x100.jpg",100,100,true]},"uagb_author_info":{"display_name":"Erika Truuverk","author_link":"https:\/\/novekinnisvara.ee\/en\/author\/"},"uagb_comment_info":0,"uagb_excerpt":"Anda \u00fc\u00fcrile \u00e4ripind 84,5m\u00b2 Keemia tn 4, Kristiine, Tallinn","_links":{"self":[{"href":"https:\/\/novekinnisvara.ee\/en\/wp-json\/wp\/v2\/product\/10350","targetHints":{"allow":["GET"]}}],"collection":[{"href":"https:\/\/novekinnisvara.ee\/en\/wp-json\/wp\/v2\/product"}],"about":[{"href":"https:\/\/novekinnisvara.ee\/en\/wp-json\/wp\/v2\/types\/product"}],"wp:featuredmedia":[{"embeddable":true,"href":"https:\/\/novekinnisvara.ee\/en\/wp-json\/wp\/v2\/media\/10352"}],"wp:attachment":[{"href":"https:\/\/novekinnisvara.ee\/en\/wp-json\/wp\/v2\/media?parent=10350"}],"wp:term":[{"taxonomy":"product_brand","embeddable":true,"href":"https:\/\/novekinnisvara.ee\/en\/wp-json\/wp\/v2\/product_brand?post=10350"},{"taxonomy":"product_cat","embeddable":true,"href":"https:\/\/novekinnisvara.ee\/en\/wp-json\/wp\/v2\/product_cat?post=10350"},{"taxonomy":"product_tag","embeddable":true,"href":"https:\/\/novekinnisvara.ee\/en\/wp-json\/wp\/v2\/product_tag?post=10350"}],"curies":[{"name":"wp","href":"https:\/\/api.w.org\/{rel}","templated":true}]}}