{"id":10358,"date":"2025-12-08T10:56:00","date_gmt":"2025-12-08T10:56:00","guid":{"rendered":"https:\/\/novekinnisvara.ee\/?post_type=product&#038;p=10358"},"modified":"2025-12-15T09:34:19","modified_gmt":"2025-12-15T09:34:19","slug":"anda-uurile-aripind-1014-m%c2%b2-keemia-tn-4-kristiine-tallinn","status":"publish","type":"product","link":"https:\/\/novekinnisvara.ee\/en\/product\/anda-uurile-aripind-1014-m%c2%b2-keemia-tn-4-kristiine-tallinn\/","title":{"rendered":"For rent: pffice space 101.4 m\u00b2 \u2013 Keemia St 4, Kristiine, Tallinn"},"content":{"rendered":"<div id=\"object-extra-info\">\n<div class=\"description\">\n<div class=\"read-more-fade read-more read-more-opened\" data-show-more=\"18\" data-more-more=\"Loe edasi\" data-more-less=\"N\u00e4ita v\u00e4hem\">\n<p class=\"description-content translation-block\">For rent: office space in the Kristiine district, located at Keemia 4 in a commercial building.<br>\nThe space measures 81.9 m\u00b2 (plus a shared area of 19.17 m\u00b2). The office is situated on the third floor.<br>\nThe location is near the Paldiski Road and Mustam\u00e4e Road Hipodroom intersection, ensuring good accessibility by both car and public transport.<br>\nThe office features an open layout. As an added benefit, a built-in soundproof room is available for private calls.<br>\nShared restrooms and a shower are available on the floor.<br><\/p>\n<p class=\"translation-block\">MENITIES AND TECHNOLOGY<br>\nVarious parking options available in the area<br>\nGood public transport connections<br>\n24\/7 access to the premises<br>\nEfficient and modern mechanical ventilation in the building<br>\nAir conditioning<br>\nThe building is equipped with an elevator<br>\nElectronic security system<br>\nElectronic video surveillance on the premises<br>\nThe rental space is vacant and ready for immediate use.<br><\/p>\n<p class=\"translation-block\">ADDITIONAL OPTIONS IN THE BUILDING<br>\nIn addition, the same building offers other office spaces in various sizes.<br>\nStorage rooms in the basement level are also available for rent.<\/p>\n<p class=\"translation-block\">CONDITIONS<br>\nReasonably priced utility costs and VAT will be added to the rental price.<br>\nNo brokerage fee for the tenant.<\/p>\n<p>If you would like to visit it or need additional information, feel free to contact me!<\/p>\n<\/div>\n<div class=\"read-more-wrap\"><\/div>\n<\/div>\n<div><\/div>\n<\/div>\n<div id=\"brokerContactCard\" class=\"vCard contact single\"><\/div>","protected":false},"excerpt":{"rendered":"<p>For rent: pffice space 101.4 m\u00b2 \u2013 Keemia St 4, Kristiine, Tallinn<\/p>","protected":false},"featured_media":10360,"template":"","meta":{"_acf_changed":false,"_uag_custom_page_level_css":"","_uf_show_specific_survey":0,"_uf_disable_surveys":false,"site-sidebar-layout":"default","site-content-layout":"","ast-site-content-layout":"default","site-content-style":"default","site-sidebar-style":"default","ast-global-header-display":"","ast-banner-title-visibility":"","ast-main-header-display":"","ast-hfb-above-header-display":"","ast-hfb-below-header-display":"","ast-hfb-mobile-header-display":"","site-post-title":"","ast-breadcrumbs-content":"","ast-featured-img":"","footer-sml-layout":"","ast-disable-related-posts":"","theme-transparent-header-meta":"default","adv-header-id-meta":"","stick-header-meta":"","header-above-stick-meta":"","header-main-stick-meta":"","header-below-stick-meta":"","astra-migrate-meta-layouts":"set","ast-page-background-enabled":"default","ast-page-background-meta":{"desktop":{"background-color":"","background-image":"","background-repeat":"repeat","background-position":"center center","background-size":"auto","background-attachment":"scroll","background-type":"","background-media":"","overlay-type":"","overlay-color":"","overlay-opacity":"","overlay-gradient":""},"tablet":{"background-color":"","background-image":"","background-repeat":"repeat","background-position":"center center","background-size":"auto","background-attachment":"scroll","background-type":"","background-media":"","overlay-type":"","overlay-color":"","overlay-opacity":"","overlay-gradient":""},"mobile":{"background-color":"","background-image":"","background-repeat":"repeat","background-position":"center center","background-size":"auto","background-attachment":"scroll","background-type":"","background-media":"","overlay-type":"","overlay-color":"","overlay-opacity":"","overlay-gradient":""}},"ast-content-background-meta":{"desktop":{"background-color":"var(--ast-global-color-5)","background-image":"","background-repeat":"repeat","background-position":"center center","background-size":"auto","background-attachment":"scroll","background-type":"","background-media":"","overlay-type":"","overlay-color":"","overlay-opacity":"","overlay-gradient":""},"tablet":{"background-color":"var(--ast-global-color-5)","background-image":"","background-repeat":"repeat","background-position":"center center","background-size":"auto","background-attachment":"scroll","background-type":"","background-media":"","overlay-type":"","overlay-color":"","overlay-opacity":"","overlay-gradient":""},"mobile":{"background-color":"var(--ast-global-color-5)","background-image":"","background-repeat":"repeat","background-position":"center center","background-size":"auto","background-attachment":"scroll","background-type":"","background-media":"","overlay-type":"","overlay-color":"","overlay-opacity":"","overlay-gradient":""}}},"product_brand":[],"product_cat":[107,104],"product_tag":[],"class_list":{"0":"post-10358","1":"product","2":"type-product","3":"status-publish","4":"has-post-thumbnail","6":"product_cat-aripinnad-eesti","7":"product_cat-uur","8":"desktop-align-left","9":"tablet-align-left","10":"mobile-align-left","12":"first","13":"instock","14":"virtual","15":"purchasable","16":"product-type-simple"},"acf":[],"aioseo_notices":[],"uagb_featured_image_src":{"full":["https:\/\/novekinnisvara.ee\/wp-content\/uploads\/2025\/12\/DSC08249.jpg",1920,1280,false],"thumbnail":["https:\/\/novekinnisvara.ee\/wp-content\/uploads\/2025\/12\/DSC08249-400x400.jpg",400,400,true],"medium":["https:\/\/novekinnisvara.ee\/wp-content\/uploads\/2025\/12\/DSC08249-600x400.jpg",600,400,true],"medium_large":["https:\/\/novekinnisvara.ee\/wp-content\/uploads\/2025\/12\/DSC08249-768x512.jpg",768,512,true],"large":["https:\/\/novekinnisvara.ee\/wp-content\/uploads\/2025\/12\/DSC08249-1024x683.jpg",1024,683,true],"1536x1536":["https:\/\/novekinnisvara.ee\/wp-content\/uploads\/2025\/12\/DSC08249-1536x1024.jpg",1536,1024,true],"2048x2048":["https:\/\/novekinnisvara.ee\/wp-content\/uploads\/2025\/12\/DSC08249.jpg",1920,1280,false],"trp-custom-language-flag":["https:\/\/novekinnisvara.ee\/wp-content\/uploads\/2025\/12\/DSC08249-18x12.jpg",18,12,true],"woocommerce_thumbnail":["https:\/\/novekinnisvara.ee\/wp-content\/uploads\/2025\/12\/DSC08249-400x300.jpg",400,300,true],"woocommerce_single":["https:\/\/novekinnisvara.ee\/wp-content\/uploads\/2025\/12\/DSC08249-800x533.jpg",800,533,true],"woocommerce_gallery_thumbnail":["https:\/\/novekinnisvara.ee\/wp-content\/uploads\/2025\/12\/DSC08249-100x100.jpg",100,100,true]},"uagb_author_info":{"display_name":"Anu Uuem\u00f5is","author_link":"https:\/\/novekinnisvara.ee\/en\/author\/"},"uagb_comment_info":0,"uagb_excerpt":"Anda \u00fc\u00fcrile \u00e4ripind 101,4 m\u00b2 Keemia tn 4, Kristiine, Tallinn","_links":{"self":[{"href":"https:\/\/novekinnisvara.ee\/en\/wp-json\/wp\/v2\/product\/10358","targetHints":{"allow":["GET"]}}],"collection":[{"href":"https:\/\/novekinnisvara.ee\/en\/wp-json\/wp\/v2\/product"}],"about":[{"href":"https:\/\/novekinnisvara.ee\/en\/wp-json\/wp\/v2\/types\/product"}],"wp:featuredmedia":[{"embeddable":true,"href":"https:\/\/novekinnisvara.ee\/en\/wp-json\/wp\/v2\/media\/10360"}],"wp:attachment":[{"href":"https:\/\/novekinnisvara.ee\/en\/wp-json\/wp\/v2\/media?parent=10358"}],"wp:term":[{"taxonomy":"product_brand","embeddable":true,"href":"https:\/\/novekinnisvara.ee\/en\/wp-json\/wp\/v2\/product_brand?post=10358"},{"taxonomy":"product_cat","embeddable":true,"href":"https:\/\/novekinnisvara.ee\/en\/wp-json\/wp\/v2\/product_cat?post=10358"},{"taxonomy":"product_tag","embeddable":true,"href":"https:\/\/novekinnisvara.ee\/en\/wp-json\/wp\/v2\/product_tag?post=10358"}],"curies":[{"name":"wp","href":"https:\/\/api.w.org\/{rel}","templated":true}]}}