{"id":10372,"date":"2025-12-08T11:44:03","date_gmt":"2025-12-08T11:44:03","guid":{"rendered":"https:\/\/novekinnisvara.ee\/?post_type=product&#038;p=10372"},"modified":"2025-12-15T09:38:33","modified_gmt":"2025-12-15T09:38:33","slug":"anda-uurile-aripind-2556-m%c2%b2-metalli-tn-3-kristiine-tallinn","status":"publish","type":"product","link":"https:\/\/novekinnisvara.ee\/en\/product\/anda-uurile-aripind-2556-m%c2%b2-metalli-tn-3-kristiine-tallinn\/","title":{"rendered":"For rent: Office space 255,6m\u00b2 Metalli St 4, Kristiine, Tallinn"},"content":{"rendered":"<div id=\"object-extra-info\">\n<div class=\"description\">\n<div class=\"read-more-fade read-more read-more-opened\" data-show-more=\"18\" data-more-more=\"Loe edasi\" data-more-less=\"N\u00e4ita v\u00e4hem\">\n<p class=\"description-content\">For rent: a spacious office space in the Kristiine district, located in a modern commercial building completed in 2015 at Metalli 3.<\/p>\n<p>LOCATION<\/p>\n<p>The building is located right next to the Hipodroom intersection, ensuring convenient access to the city centre, Mustam\u00e4e, Haabersti, and Kristiine. Bus stops are situated nearby. The surroundings are calm and green, featuring both residential buildings and office properties.<\/p>\n<p>DESCRIPTION<\/p>\n<p>Neljandal korrusel paiknev 255,6 m\u00b2 suurune b\u00fcroopind on avar ja valgusk\u00fcllane t\u00e4nu maast laeni akendele ning k\u00f5rgele laele. Planeering on funktsionaalne ja toetab efektiivset t\u00f6\u00f6korraldust:<br \/>\n&#8211; 2 avatud t\u00f6\u00f6ala<br \/>\n&#8211; 2 eraldiseisvat v\u00e4iksemat t\u00f6\u00f6ruumi<br \/>\n&#8211; n\u00f5upidamisruum<br \/>\n&#8211; sisustatud k\u00f6\u00f6ginurk<br \/>\n&#8211; panipaik\/arhiiviruum<br \/>\n&#8211; WC<\/p>\n<p>MUGAVUSED JA EELISED<br \/>\n&#8211; kaasaegne sundventilatsioon soojustagastusega<br \/>\n&#8211; jahutuss\u00fcsteem mugavaks sisekliimaks<br \/>\n&#8211; kaugk\u00fcte<br \/>\n&#8211; maast laeni aknad loomuliku valguse tagamiseks<br \/>\n&#8211; kvaliteetne sanitaartehnika<br \/>\n&#8211; ruumidesse 24\/7 ligip\u00e4\u00e4s<br \/>\n&#8211; v\u00e4ljaehitatud elektrooniline valves\u00fcsteem<br \/>\n&#8211; territooriumil toimiv videovalve<br \/>\n&#8211; lift<br \/>\n&#8211; v\u00f5imalus \u00fc\u00fcrida kindlaid parkimiskohti majaaluses garaa\u017eis<br \/>\n&#8211; erinevad parkimisv\u00f5imalused maja vahetus l\u00e4heduses<br \/>\n&#8211; jalgrattaparkla<\/p>\n<p>Other office spaces of various sizes are also available in the commercial building, allowing you to choose a larger or smaller solution within the same property if needed.<\/p>\n<p class=\"translation-block\">TERMS<br>\nThe office space is vacant and ready for immediate use.<br>\nReasonably priced ancillary costs and VAT will be added to the rent.<br>\nNo brokerage fee is charged to the tenant.<br><\/p>\n<p>If you would like to visit the space or request additional information, feel free to contact me!<\/p>\n<\/div>\n<\/div>\n<\/div>","protected":false},"excerpt":{"rendered":"<p>For rent: Office space 255,6m\u00b2 Metalli St 4, Kristiine, Tallinn<\/p>","protected":false},"featured_media":10381,"template":"","meta":{"_acf_changed":false,"_uag_custom_page_level_css":"","_uf_show_specific_survey":0,"_uf_disable_surveys":false,"site-sidebar-layout":"default","site-content-layout":"","ast-site-content-layout":"default","site-content-style":"default","site-sidebar-style":"default","ast-global-header-display":"","ast-banner-title-visibility":"","ast-main-header-display":"","ast-hfb-above-header-display":"","ast-hfb-below-header-display":"","ast-hfb-mobile-header-display":"","site-post-title":"","ast-breadcrumbs-content":"","ast-featured-img":"","footer-sml-layout":"","ast-disable-related-posts":"","theme-transparent-header-meta":"default","adv-header-id-meta":"","stick-header-meta":"","header-above-stick-meta":"","header-main-stick-meta":"","header-below-stick-meta":"","astra-migrate-meta-layouts":"set","ast-page-background-enabled":"default","ast-page-background-meta":{"desktop":{"background-color":"","background-image":"","background-repeat":"repeat","background-position":"center center","background-size":"auto","background-attachment":"scroll","background-type":"","background-media":"","overlay-type":"","overlay-color":"","overlay-opacity":"","overlay-gradient":""},"tablet":{"background-color":"","background-image":"","background-repeat":"repeat","background-position":"center center","background-size":"auto","background-attachment":"scroll","background-type":"","background-media":"","overlay-type":"","overlay-color":"","overlay-opacity":"","overlay-gradient":""},"mobile":{"background-color":"","background-image":"","background-repeat":"repeat","background-position":"center center","background-size":"auto","background-attachment":"scroll","background-type":"","background-media":"","overlay-type":"","overlay-color":"","overlay-opacity":"","overlay-gradient":""}},"ast-content-background-meta":{"desktop":{"background-color":"var(--ast-global-color-5)","background-image":"","background-repeat":"repeat","background-position":"center center","background-size":"auto","background-attachment":"scroll","background-type":"","background-media":"","overlay-type":"","overlay-color":"","overlay-opacity":"","overlay-gradient":""},"tablet":{"background-color":"var(--ast-global-color-5)","background-image":"","background-repeat":"repeat","background-position":"center center","background-size":"auto","background-attachment":"scroll","background-type":"","background-media":"","overlay-type":"","overlay-color":"","overlay-opacity":"","overlay-gradient":""},"mobile":{"background-color":"var(--ast-global-color-5)","background-image":"","background-repeat":"repeat","background-position":"center center","background-size":"auto","background-attachment":"scroll","background-type":"","background-media":"","overlay-type":"","overlay-color":"","overlay-opacity":"","overlay-gradient":""}}},"product_brand":[],"product_cat":[107,104],"product_tag":[],"class_list":{"0":"post-10372","1":"product","2":"type-product","3":"status-publish","4":"has-post-thumbnail","6":"product_cat-aripinnad-eesti","7":"product_cat-uur","8":"desktop-align-left","9":"tablet-align-left","10":"mobile-align-left","12":"first","13":"instock","14":"virtual","15":"purchasable","16":"product-type-simple"},"acf":[],"aioseo_notices":[],"uagb_featured_image_src":{"full":["https:\/\/novekinnisvara.ee\/wp-content\/uploads\/2025\/12\/DSC08510.jpg",1920,1280,false],"thumbnail":["https:\/\/novekinnisvara.ee\/wp-content\/uploads\/2025\/12\/DSC08510-400x400.jpg",400,400,true],"medium":["https:\/\/novekinnisvara.ee\/wp-content\/uploads\/2025\/12\/DSC08510-600x400.jpg",600,400,true],"medium_large":["https:\/\/novekinnisvara.ee\/wp-content\/uploads\/2025\/12\/DSC08510-768x512.jpg",768,512,true],"large":["https:\/\/novekinnisvara.ee\/wp-content\/uploads\/2025\/12\/DSC08510-1024x683.jpg",1024,683,true],"1536x1536":["https:\/\/novekinnisvara.ee\/wp-content\/uploads\/2025\/12\/DSC08510-1536x1024.jpg",1536,1024,true],"2048x2048":["https:\/\/novekinnisvara.ee\/wp-content\/uploads\/2025\/12\/DSC08510.jpg",1920,1280,false],"trp-custom-language-flag":["https:\/\/novekinnisvara.ee\/wp-content\/uploads\/2025\/12\/DSC08510-18x12.jpg",18,12,true],"woocommerce_thumbnail":["https:\/\/novekinnisvara.ee\/wp-content\/uploads\/2025\/12\/DSC08510-400x300.jpg",400,300,true],"woocommerce_single":["https:\/\/novekinnisvara.ee\/wp-content\/uploads\/2025\/12\/DSC08510-800x533.jpg",800,533,true],"woocommerce_gallery_thumbnail":["https:\/\/novekinnisvara.ee\/wp-content\/uploads\/2025\/12\/DSC08510-100x100.jpg",100,100,true]},"uagb_author_info":{"display_name":"Anu Uuem\u00f5is","author_link":"https:\/\/novekinnisvara.ee\/en\/author\/"},"uagb_comment_info":0,"uagb_excerpt":"Anda \u00fc\u00fcrile \u00e4ripind 255,6 m\u00b2 Metalli tn 3, Kristiine, Tallinn","_links":{"self":[{"href":"https:\/\/novekinnisvara.ee\/en\/wp-json\/wp\/v2\/product\/10372","targetHints":{"allow":["GET"]}}],"collection":[{"href":"https:\/\/novekinnisvara.ee\/en\/wp-json\/wp\/v2\/product"}],"about":[{"href":"https:\/\/novekinnisvara.ee\/en\/wp-json\/wp\/v2\/types\/product"}],"wp:featuredmedia":[{"embeddable":true,"href":"https:\/\/novekinnisvara.ee\/en\/wp-json\/wp\/v2\/media\/10381"}],"wp:attachment":[{"href":"https:\/\/novekinnisvara.ee\/en\/wp-json\/wp\/v2\/media?parent=10372"}],"wp:term":[{"taxonomy":"product_brand","embeddable":true,"href":"https:\/\/novekinnisvara.ee\/en\/wp-json\/wp\/v2\/product_brand?post=10372"},{"taxonomy":"product_cat","embeddable":true,"href":"https:\/\/novekinnisvara.ee\/en\/wp-json\/wp\/v2\/product_cat?post=10372"},{"taxonomy":"product_tag","embeddable":true,"href":"https:\/\/novekinnisvara.ee\/en\/wp-json\/wp\/v2\/product_tag?post=10372"}],"curies":[{"name":"wp","href":"https:\/\/api.w.org\/{rel}","templated":true}]}}