{"id":10479,"date":"2025-12-10T13:52:47","date_gmt":"2025-12-10T13:52:47","guid":{"rendered":"https:\/\/novekinnisvara.ee\/?post_type=product&#038;p=10479"},"modified":"2025-12-10T15:34:22","modified_gmt":"2025-12-10T15:34:22","slug":"anda-uurile-aripind-3969-m%c2%b2-metall-tn-3-kristiine-tallinn","status":"publish","type":"product","link":"https:\/\/novekinnisvara.ee\/en\/product\/anda-uurile-aripind-3969-m%c2%b2-metall-tn-3-kristiine-tallinn\/","title":{"rendered":"For rent: commercial space 396,9 m\u00b2 \u2013 Metalli St 4, Kristiine, Tallinn"},"content":{"rendered":"<p>For rent: a spacious and bright commercial space on the 2nd floor of Metalli Maja.<\/p>\n<p>Metalli Maja is a modern commercial building with a B energy class, located near the Hipodroom intersection\u2014a rapidly developing area home to numerous technology and service companies.<\/p>\n<p>LAYOUT<br \/>\nThis is a commercial space with a functional layout, measuring 396.9 m\u00b2.<\/p>\n<p class=\"translation-block\">DESCRIPTION<br>\n\u2022 Glass-enclosed offices \/ meeting rooms<br>\n\u2022 Large windows providing natural light<br>\n\u2022 Prepared for kitchenette installation<br>\n\u2022 Private utility rooms<\/p>\n<p class=\"translation-block\">ADDITIONAL BENEFITS<br>\n\u2022 Various parking options available in the area<br>\n\u2022 Bicycle parking<br>\n\u2022 24\/7 access to the premises<br>\n\u2022 Possibility for outdoor advertising<br>\n\u2022 Efficient and modern mechanical ventilation and cooling<br>\n\u2022 Installed electronic security system<br>\n\u2022 The rental space is vacant and ready for immediate move-in<\/p>\n<p class=\"translation-block\">Utility costs and VAT will be added to the rental price.<br>\nNo brokerage fee is charged to the tenant.<\/p>\n<p>Other office spaces of varying sizes are also available in the building and surrounding area\u2014feel free to ask for more information!<br \/>\nFeel free to get in touch\u2014I\u2019ll gladly provide more information and arrange a viewing.<\/p>","protected":false},"excerpt":{"rendered":"<p>Anda \u00fc\u00fcrile \u00e4ripind 396,9 m\u00b2 &#8211; Metall tn 3, Kristiine, Tallinn<\/p>","protected":false},"featured_media":10484,"template":"","meta":{"_acf_changed":false,"_uag_custom_page_level_css":"","_uf_show_specific_survey":0,"_uf_disable_surveys":false,"site-sidebar-layout":"default","site-content-layout":"","ast-site-content-layout":"default","site-content-style":"default","site-sidebar-style":"default","ast-global-header-display":"","ast-banner-title-visibility":"","ast-main-header-display":"","ast-hfb-above-header-display":"","ast-hfb-below-header-display":"","ast-hfb-mobile-header-display":"","site-post-title":"","ast-breadcrumbs-content":"","ast-featured-img":"","footer-sml-layout":"","ast-disable-related-posts":"","theme-transparent-header-meta":"default","adv-header-id-meta":"","stick-header-meta":"","header-above-stick-meta":"","header-main-stick-meta":"","header-below-stick-meta":"","astra-migrate-meta-layouts":"set","ast-page-background-enabled":"default","ast-page-background-meta":{"desktop":{"background-color":"","background-image":"","background-repeat":"repeat","background-position":"center center","background-size":"auto","background-attachment":"scroll","background-type":"","background-media":"","overlay-type":"","overlay-color":"","overlay-opacity":"","overlay-gradient":""},"tablet":{"background-color":"","background-image":"","background-repeat":"repeat","background-position":"center center","background-size":"auto","background-attachment":"scroll","background-type":"","background-media":"","overlay-type":"","overlay-color":"","overlay-opacity":"","overlay-gradient":""},"mobile":{"background-color":"","background-image":"","background-repeat":"repeat","background-position":"center center","background-size":"auto","background-attachment":"scroll","background-type":"","background-media":"","overlay-type":"","overlay-color":"","overlay-opacity":"","overlay-gradient":""}},"ast-content-background-meta":{"desktop":{"background-color":"var(--ast-global-color-5)","background-image":"","background-repeat":"repeat","background-position":"center center","background-size":"auto","background-attachment":"scroll","background-type":"","background-media":"","overlay-type":"","overlay-color":"","overlay-opacity":"","overlay-gradient":""},"tablet":{"background-color":"var(--ast-global-color-5)","background-image":"","background-repeat":"repeat","background-position":"center center","background-size":"auto","background-attachment":"scroll","background-type":"","background-media":"","overlay-type":"","overlay-color":"","overlay-opacity":"","overlay-gradient":""},"mobile":{"background-color":"var(--ast-global-color-5)","background-image":"","background-repeat":"repeat","background-position":"center center","background-size":"auto","background-attachment":"scroll","background-type":"","background-media":"","overlay-type":"","overlay-color":"","overlay-opacity":"","overlay-gradient":""}}},"product_brand":[],"product_cat":[107,104],"product_tag":[],"class_list":{"0":"post-10479","1":"product","2":"type-product","3":"status-publish","4":"has-post-thumbnail","6":"product_cat-aripinnad-eesti","7":"product_cat-uur","8":"desktop-align-left","9":"tablet-align-left","10":"mobile-align-left","12":"first","13":"instock","14":"virtual","15":"purchasable","16":"product-type-simple"},"acf":[],"aioseo_notices":[],"uagb_featured_image_src":{"full":["https:\/\/novekinnisvara.ee\/wp-content\/uploads\/2025\/12\/DSC08534.jpg",1920,1280,false],"thumbnail":["https:\/\/novekinnisvara.ee\/wp-content\/uploads\/2025\/12\/DSC08534-400x400.jpg",400,400,true],"medium":["https:\/\/novekinnisvara.ee\/wp-content\/uploads\/2025\/12\/DSC08534-600x400.jpg",600,400,true],"medium_large":["https:\/\/novekinnisvara.ee\/wp-content\/uploads\/2025\/12\/DSC08534-768x512.jpg",768,512,true],"large":["https:\/\/novekinnisvara.ee\/wp-content\/uploads\/2025\/12\/DSC08534-1024x683.jpg",1024,683,true],"1536x1536":["https:\/\/novekinnisvara.ee\/wp-content\/uploads\/2025\/12\/DSC08534-1536x1024.jpg",1536,1024,true],"2048x2048":["https:\/\/novekinnisvara.ee\/wp-content\/uploads\/2025\/12\/DSC08534.jpg",1920,1280,false],"trp-custom-language-flag":["https:\/\/novekinnisvara.ee\/wp-content\/uploads\/2025\/12\/DSC08534-18x12.jpg",18,12,true],"woocommerce_thumbnail":["https:\/\/novekinnisvara.ee\/wp-content\/uploads\/2025\/12\/DSC08534-400x300.jpg",400,300,true],"woocommerce_single":["https:\/\/novekinnisvara.ee\/wp-content\/uploads\/2025\/12\/DSC08534-800x533.jpg",800,533,true],"woocommerce_gallery_thumbnail":["https:\/\/novekinnisvara.ee\/wp-content\/uploads\/2025\/12\/DSC08534-100x100.jpg",100,100,true]},"uagb_author_info":{"display_name":"Anu Uuem\u00f5is","author_link":"https:\/\/novekinnisvara.ee\/en\/author\/"},"uagb_comment_info":0,"uagb_excerpt":"Anda \u00fc\u00fcrile \u00e4ripind 396,9 m\u00b2 - Metall tn 3, Kristiine, Tallinn","_links":{"self":[{"href":"https:\/\/novekinnisvara.ee\/en\/wp-json\/wp\/v2\/product\/10479","targetHints":{"allow":["GET"]}}],"collection":[{"href":"https:\/\/novekinnisvara.ee\/en\/wp-json\/wp\/v2\/product"}],"about":[{"href":"https:\/\/novekinnisvara.ee\/en\/wp-json\/wp\/v2\/types\/product"}],"wp:featuredmedia":[{"embeddable":true,"href":"https:\/\/novekinnisvara.ee\/en\/wp-json\/wp\/v2\/media\/10484"}],"wp:attachment":[{"href":"https:\/\/novekinnisvara.ee\/en\/wp-json\/wp\/v2\/media?parent=10479"}],"wp:term":[{"taxonomy":"product_brand","embeddable":true,"href":"https:\/\/novekinnisvara.ee\/en\/wp-json\/wp\/v2\/product_brand?post=10479"},{"taxonomy":"product_cat","embeddable":true,"href":"https:\/\/novekinnisvara.ee\/en\/wp-json\/wp\/v2\/product_cat?post=10479"},{"taxonomy":"product_tag","embeddable":true,"href":"https:\/\/novekinnisvara.ee\/en\/wp-json\/wp\/v2\/product_tag?post=10479"}],"curies":[{"name":"wp","href":"https:\/\/api.w.org\/{rel}","templated":true}]}}