{"id":10616,"date":"2025-12-18T13:29:54","date_gmt":"2025-12-18T13:29:54","guid":{"rendered":"https:\/\/novekinnisvara.ee\/?post_type=product&#038;p=10616"},"modified":"2026-01-21T11:25:08","modified_gmt":"2026-01-21T11:25:08","slug":"muua-arimaa-aasa-tn-1-kohila-raplamaa","status":"publish","type":"product","link":"https:\/\/novekinnisvara.ee\/en\/product\/muua-arimaa-aasa-tn-1-kohila-raplamaa\/","title":{"rendered":"Business\/Commercial Land for Sale \u2013 Aasa Street 1, Kohila, Rapla County"},"content":{"rendered":"<p>A property with a valid detailed plan has come onto the market, allowing the development of a commercial, service, logistics, office, or multi-purpose business building.<\/p>\n<p class=\"translation-block\">LOCATION AND ACCESS\nThe plot is located on the eastern edge of Kohila borough, in close proximity to Urge village, in a highly visible area.\nDirect access to the Tallinn\u2013Rapla\u2013T\u00fcri road and the Kernu\u2013Kohila road ensures excellent connectivity to Tallinn, Rapla, as well as the P\u00e4rnu\u2013Tartu direction. The centre of Kohila is approximately 700 metres away.<\/p>\n<p>KRUNDI P\u00d5HIANDMED<br \/>\nSihtotstarve: \u00e4rimaa 100%.<br \/>\nSuurus: 9562 m\u00b2.<br \/>\nAsukoht: Kohila alevi idaserv, hea n\u00e4htavus ja ligip\u00e4\u00e4s.<br \/>\nKommunikatsioonid: elektri-, vee-, kanalisatsiooni- ja sidev\u00f5rkude liitumisv\u00f5imalused on olemas.<br \/>\n\u00c4\u00e4rimaa hoonestusmaht:<br \/>\n&#8211; kuni 3000 m\u00b2 ehitusalust pinda<br \/>\n&#8211; kuni 3 korrust<br \/>\n&#8211; maksimaalne k\u00f5rgus 15 m.<\/p>\n<p>The detailed plan allows for the development of a commercial, service, office, or other business building, with architectural and technical solutions to be specified through the design conditions. The area is under development, with residential plots located in the surrounding vicinity.<\/p>\n<p class=\"translation-block\">Why is this plot attractive?<br>\nExcellent accessibility and a strong logistical location<br>\nGrowing local population and a developing residential area<br>\nValid detailed plan \u2013 construction can start immediately<br>\nSuitable for a shopping centre, service building, showroom or office<br>\nConvenient distance from Tallinn and Rapla<\/p>\n<p class=\"translation-block\">SALE PRICE INCLUDES<br>\n\u2022 central water and sewer connection points<br>\n\u2022 telecommunications and electricity connections at the plot boundary<br>\n\u2022 completed street infrastructure<br>\n\u2022 VAT<\/p>\n<p>If you are looking for a well-accessible commercial land plot in a developing area, this offering is well worth considering.<\/p>\n<p>I will be happy to provide additional information and arrange a viewing.<\/p>\n<p class=\"description-content\">","protected":false},"excerpt":{"rendered":"<p>M\u00fc\u00fca \u00e4rimaa &#8211; Aasa tn 1, Urge, Kohila vald, Raplamaa<\/p>","protected":false},"featured_media":11121,"template":"","meta":{"_acf_changed":false,"_uag_custom_page_level_css":"","_uf_show_specific_survey":0,"_uf_disable_surveys":false,"site-sidebar-layout":"default","site-content-layout":"","ast-site-content-layout":"default","site-content-style":"default","site-sidebar-style":"default","ast-global-header-display":"","ast-banner-title-visibility":"","ast-main-header-display":"","ast-hfb-above-header-display":"","ast-hfb-below-header-display":"","ast-hfb-mobile-header-display":"","site-post-title":"","ast-breadcrumbs-content":"","ast-featured-img":"","footer-sml-layout":"","ast-disable-related-posts":"","theme-transparent-header-meta":"default","adv-header-id-meta":"","stick-header-meta":"","header-above-stick-meta":"","header-main-stick-meta":"","header-below-stick-meta":"","astra-migrate-meta-layouts":"set","ast-page-background-enabled":"default","ast-page-background-meta":{"desktop":{"background-color":"","background-image":"","background-repeat":"repeat","background-position":"center center","background-size":"auto","background-attachment":"scroll","background-type":"","background-media":"","overlay-type":"","overlay-color":"","overlay-opacity":"","overlay-gradient":""},"tablet":{"background-color":"","background-image":"","background-repeat":"repeat","background-position":"center center","background-size":"auto","background-attachment":"scroll","background-type":"","background-media":"","overlay-type":"","overlay-color":"","overlay-opacity":"","overlay-gradient":""},"mobile":{"background-color":"","background-image":"","background-repeat":"repeat","background-position":"center center","background-size":"auto","background-attachment":"scroll","background-type":"","background-media":"","overlay-type":"","overlay-color":"","overlay-opacity":"","overlay-gradient":""}},"ast-content-background-meta":{"desktop":{"background-color":"var(--ast-global-color-5)","background-image":"","background-repeat":"repeat","background-position":"center center","background-size":"auto","background-attachment":"scroll","background-type":"","background-media":"","overlay-type":"","overlay-color":"","overlay-opacity":"","overlay-gradient":""},"tablet":{"background-color":"var(--ast-global-color-5)","background-image":"","background-repeat":"repeat","background-position":"center center","background-size":"auto","background-attachment":"scroll","background-type":"","background-media":"","overlay-type":"","overlay-color":"","overlay-opacity":"","overlay-gradient":""},"mobile":{"background-color":"var(--ast-global-color-5)","background-image":"","background-repeat":"repeat","background-position":"center center","background-size":"auto","background-attachment":"scroll","background-type":"","background-media":"","overlay-type":"","overlay-color":"","overlay-opacity":"","overlay-gradient":""}}},"product_brand":[],"product_cat":[129,105,103],"product_tag":[],"class_list":{"0":"post-10616","1":"product","2":"type-product","3":"status-publish","4":"has-post-thumbnail","6":"product_cat-maa","7":"product_cat-majad-eesti","8":"product_cat-muuk","9":"desktop-align-left","10":"tablet-align-left","11":"mobile-align-left","13":"first","14":"instock","15":"virtual","16":"purchasable","17":"product-type-simple"},"acf":[],"aioseo_notices":[],"uagb_featured_image_src":{"full":["https:\/\/novekinnisvara.ee\/wp-content\/uploads\/2025\/12\/3M4A9850-2.jpg",2048,1365,false],"thumbnail":["https:\/\/novekinnisvara.ee\/wp-content\/uploads\/2025\/12\/3M4A9850-2-400x400.jpg",400,400,true],"medium":["https:\/\/novekinnisvara.ee\/wp-content\/uploads\/2025\/12\/3M4A9850-2-600x400.jpg",600,400,true],"medium_large":["https:\/\/novekinnisvara.ee\/wp-content\/uploads\/2025\/12\/3M4A9850-2-768x512.jpg",768,512,true],"large":["https:\/\/novekinnisvara.ee\/wp-content\/uploads\/2025\/12\/3M4A9850-2-1024x683.jpg",1024,683,true],"1536x1536":["https:\/\/novekinnisvara.ee\/wp-content\/uploads\/2025\/12\/3M4A9850-2-1536x1024.jpg",1536,1024,true],"2048x2048":["https:\/\/novekinnisvara.ee\/wp-content\/uploads\/2025\/12\/3M4A9850-2.jpg",2048,1365,false],"trp-custom-language-flag":["https:\/\/novekinnisvara.ee\/wp-content\/uploads\/2025\/12\/3M4A9850-2-18x12.jpg",18,12,true],"woocommerce_thumbnail":["https:\/\/novekinnisvara.ee\/wp-content\/uploads\/2025\/12\/3M4A9850-2-400x300.jpg",400,300,true],"woocommerce_single":["https:\/\/novekinnisvara.ee\/wp-content\/uploads\/2025\/12\/3M4A9850-2-800x533.jpg",800,533,true],"woocommerce_gallery_thumbnail":["https:\/\/novekinnisvara.ee\/wp-content\/uploads\/2025\/12\/3M4A9850-2-100x100.jpg",100,100,true]},"uagb_author_info":{"display_name":"Erika Truuverk","author_link":"https:\/\/novekinnisvara.ee\/en\/author\/"},"uagb_comment_info":0,"uagb_excerpt":"M\u00fc\u00fca \u00e4rimaa - Aasa tn 1, Urge, Kohila vald, Raplamaa","_links":{"self":[{"href":"https:\/\/novekinnisvara.ee\/en\/wp-json\/wp\/v2\/product\/10616","targetHints":{"allow":["GET"]}}],"collection":[{"href":"https:\/\/novekinnisvara.ee\/en\/wp-json\/wp\/v2\/product"}],"about":[{"href":"https:\/\/novekinnisvara.ee\/en\/wp-json\/wp\/v2\/types\/product"}],"wp:featuredmedia":[{"embeddable":true,"href":"https:\/\/novekinnisvara.ee\/en\/wp-json\/wp\/v2\/media\/11121"}],"wp:attachment":[{"href":"https:\/\/novekinnisvara.ee\/en\/wp-json\/wp\/v2\/media?parent=10616"}],"wp:term":[{"taxonomy":"product_brand","embeddable":true,"href":"https:\/\/novekinnisvara.ee\/en\/wp-json\/wp\/v2\/product_brand?post=10616"},{"taxonomy":"product_cat","embeddable":true,"href":"https:\/\/novekinnisvara.ee\/en\/wp-json\/wp\/v2\/product_cat?post=10616"},{"taxonomy":"product_tag","embeddable":true,"href":"https:\/\/novekinnisvara.ee\/en\/wp-json\/wp\/v2\/product_tag?post=10616"}],"curies":[{"name":"wp","href":"https:\/\/api.w.org\/{rel}","templated":true}]}}