{"id":11229,"date":"2026-01-27T20:54:25","date_gmt":"2026-01-27T20:54:25","guid":{"rendered":"https:\/\/novekinnisvara.ee\/?post_type=product&#038;p=11229"},"modified":"2026-01-31T17:55:26","modified_gmt":"2026-01-31T17:55:26","slug":"malaga-provints-mijas-costa-renoveeritud-ridaelamu-golfivaljaku-aares","status":"publish","type":"product","link":"https:\/\/novekinnisvara.ee\/en\/product\/malaga-provints-mijas-costa-renoveeritud-ridaelamu-golfivaljaku-aares\/","title":{"rendered":"M\u00e1laga Province, Mijas Costa \u2013 renovated townhouse next to a golf course"},"content":{"rendered":"<p data-start=\"449\" data-end=\"761\">For sale is a stylish and thoroughly renovated townhouse in the prestigious Mijas Golf area, right next to the golf course. This is a high-quality property with a valid tourist licence for short-term rentals, making it an excellent choice both as a holiday home and as a profitable investment.<\/p>\n<p data-start=\"763\" data-end=\"970\">The home is located in a secure and gated residential complex, surrounded by well-maintained green areas and a tropical garden. All everyday amenities, public transport and golf courses are within walking distance.<\/p>\n<p data-start=\"995\" data-end=\"1067\">The townhouse is spread over two floors and a spacious basement level:<\/p>\n<ul data-start=\"1068\" data-end=\"1329\">\n<li data-start=\"1068\" data-end=\"1114\">\n<p data-start=\"1070\" data-end=\"1114\">2 spacious bedrooms on the upper floor<\/p>\n<\/li>\n<li data-start=\"1115\" data-end=\"1165\">\n<p data-start=\"1117\" data-end=\"1165\">2 modern bathrooms + guest toilet<\/p>\n<\/li>\n<li data-start=\"1166\" data-end=\"1329\">\n<p data-start=\"1168\" data-end=\"1211\">Large renovated basement level featuring:<\/p>\n<ul data-start=\"1214\" data-end=\"1329\">\n<li data-start=\"1214\" data-end=\"1234\">\n<p data-start=\"1216\" data-end=\"1234\">separate bathroom<\/p>\n<\/li>\n<li data-start=\"1237\" data-end=\"1248\">\n<p data-start=\"1239\" data-end=\"1248\">living room<\/p>\n<\/li>\n<li data-start=\"1251\" data-end=\"1329\">\n<p data-start=\"1253\" data-end=\"1329\">office room<br data-start=\"1264\" data-end=\"1267\" \/>(easily adaptable into a third bedroom if needed)<\/p>\n<\/li>\n<\/ul>\n<\/li>\n<\/ul>\n<p data-start=\"1331\" data-end=\"1471\">On the ground floor there is a modern kitchen, an entrance hall with a guest WC, and a bright living and dining area with direct access to the beautiful communal garden.<\/p>\n<p data-start=\"1473\" data-end=\"1500\">Amenities and finishes<\/p>\n<ul data-start=\"1501\" data-end=\"1645\">\n<li data-start=\"1501\" data-end=\"1530\">\n<p data-start=\"1503\" data-end=\"1530\">Built-in wardrobes<\/p>\n<\/li>\n<li data-start=\"1531\" data-end=\"1552\">\n<p data-start=\"1533\" data-end=\"1552\">Double-glazed windows<\/p>\n<\/li>\n<li data-start=\"1553\" data-end=\"1561\">\n<p data-start=\"1555\" data-end=\"1561\">WiFi<\/p>\n<\/li>\n<li data-start=\"1562\" data-end=\"1593\">\n<p data-start=\"1564\" data-end=\"1593\">Private and quiet location<\/p>\n<\/li>\n<li data-start=\"1594\" data-end=\"1645\">\n<p data-start=\"1596\" data-end=\"1645\">Furniture, furnishings and appliances are included in the price<\/p>\n<\/li>\n<\/ul>\n<p data-start=\"1647\" data-end=\"1662\">Common areas<\/p>\n<ul data-start=\"1663\" data-end=\"1743\">\n<li data-start=\"1663\" data-end=\"1687\">\n<p data-start=\"1665\" data-end=\"1687\">Communal swimming pool<\/p>\n<\/li>\n<li data-start=\"1688\" data-end=\"1706\">\n<p data-start=\"1690\" data-end=\"1706\">Well-maintained gardens<\/p>\n<\/li>\n<li data-start=\"1707\" data-end=\"1743\">\n<p data-start=\"1709\" data-end=\"1743\">Secure and peaceful living environment<\/p>\n<\/li>\n<\/ul>\n<p data-start=\"1745\" data-end=\"1756\">Location<\/p>\n<ul data-start=\"1757\" data-end=\"2087\">\n<li data-start=\"1757\" data-end=\"1839\">\n<p data-start=\"1759\" data-end=\"1839\">Mijas Golf \u2013 two 18-hole golf courses and a driving range in the immediate vicinity<\/p>\n<\/li>\n<li data-start=\"1840\" data-end=\"1921\">\n<p data-start=\"1842\" data-end=\"1921\">Bus stop right next to the urbanisation (connections to Fuengirola and Entrerr\u00edos)<\/p>\n<\/li>\n<li data-start=\"1922\" data-end=\"1962\">\n<p data-start=\"1924\" data-end=\"1962\">Shops, restaurants and bars nearby<\/p>\n<\/li>\n<li data-start=\"1963\" data-end=\"2001\">\n<p data-start=\"1965\" data-end=\"2001\">7 minutes to La Cala de Mijas<\/p>\n<\/li>\n<li data-start=\"2002\" data-end=\"2033\">\n<p data-start=\"2004\" data-end=\"2033\">5 minutes to Fuengirola<\/p>\n<\/li>\n<li data-start=\"2034\" data-end=\"2087\">\n<p data-start=\"2036\" data-end=\"2087\">Close to Hotel Tamisa Golf and the luxury La Zambra Resort<\/p>\n<\/li>\n<\/ul>\n<p data-start=\"2089\" data-end=\"2110\"><strong>Ideal for:<\/strong><\/p>\n<ul>\n<li data-start=\"2111\" data-end=\"2219\">holiday home<\/li>\n<li data-start=\"2111\" data-end=\"2219\">permanent residence<\/li>\n<li data-start=\"2111\" data-end=\"2219\">Suitable for both short-term and long-term rental.<\/li>\n<\/ul>\n<p data-start=\"2111\" data-end=\"2219\" class=\"translation-block\">IBI: \u20ac484 \/ year<br>\nCommunity fee: \u20ac176 \/ month<br>\nWaste collection tax: \u20ac77 \/ year<\/p>\n<p data-start=\"2321\" data-end=\"2422\">The property is available for viewing at short notice and the owner is open to offers.<\/p>\n<p data-start=\"606\" data-end=\"972\"><span style=\"font-size: 16px;\">Reference:<\/span>: R5157442<\/p>\n<p data-start=\"2164\" data-end=\"2241\">","protected":false},"excerpt":{"rendered":"<p>M\u00e1laga Province, Mijas Costa \u2013 renovated townhouse next to a golf course<\/p>","protected":false},"featured_media":11230,"template":"","meta":{"_acf_changed":false,"_uag_custom_page_level_css":"","_uf_show_specific_survey":0,"_uf_disable_surveys":false,"site-sidebar-layout":"default","site-content-layout":"","ast-site-content-layout":"default","site-content-style":"default","site-sidebar-style":"default","ast-global-header-display":"","ast-banner-title-visibility":"","ast-main-header-display":"","ast-hfb-above-header-display":"","ast-hfb-below-header-display":"","ast-hfb-mobile-header-display":"","site-post-title":"","ast-breadcrumbs-content":"","ast-featured-img":"","footer-sml-layout":"","ast-disable-related-posts":"","theme-transparent-header-meta":"default","adv-header-id-meta":"","stick-header-meta":"","header-above-stick-meta":"","header-main-stick-meta":"","header-below-stick-meta":"","astra-migrate-meta-layouts":"set","ast-page-background-enabled":"default","ast-page-background-meta":{"desktop":{"background-color":"","background-image":"","background-repeat":"repeat","background-position":"center center","background-size":"auto","background-attachment":"scroll","background-type":"","background-media":"","overlay-type":"","overlay-color":"","overlay-opacity":"","overlay-gradient":""},"tablet":{"background-color":"","background-image":"","background-repeat":"repeat","background-position":"center center","background-size":"auto","background-attachment":"scroll","background-type":"","background-media":"","overlay-type":"","overlay-color":"","overlay-opacity":"","overlay-gradient":""},"mobile":{"background-color":"","background-image":"","background-repeat":"repeat","background-position":"center center","background-size":"auto","background-attachment":"scroll","background-type":"","background-media":"","overlay-type":"","overlay-color":"","overlay-opacity":"","overlay-gradient":""}},"ast-content-background-meta":{"desktop":{"background-color":"var(--ast-global-color-5)","background-image":"","background-repeat":"repeat","background-position":"center center","background-size":"auto","background-attachment":"scroll","background-type":"","background-media":"","overlay-type":"","overlay-color":"","overlay-opacity":"","overlay-gradient":""},"tablet":{"background-color":"var(--ast-global-color-5)","background-image":"","background-repeat":"repeat","background-position":"center center","background-size":"auto","background-attachment":"scroll","background-type":"","background-media":"","overlay-type":"","overlay-color":"","overlay-opacity":"","overlay-gradient":""},"mobile":{"background-color":"var(--ast-global-color-5)","background-image":"","background-repeat":"repeat","background-position":"center center","background-size":"auto","background-attachment":"scroll","background-type":"","background-media":"","overlay-type":"","overlay-color":"","overlay-opacity":"","overlay-gradient":""}}},"product_brand":[],"product_cat":[146,103],"product_tag":[],"class_list":{"0":"post-11229","1":"product","2":"type-product","3":"status-publish","4":"has-post-thumbnail","6":"product_cat-majad-hispaania","7":"product_cat-muuk","8":"desktop-align-left","9":"tablet-align-left","10":"mobile-align-left","12":"first","13":"instock","14":"virtual","15":"purchasable","16":"product-type-simple"},"acf":[],"aioseo_notices":[],"uagb_featured_image_src":{"full":["https:\/\/novekinnisvara.ee\/wp-content\/uploads\/2026\/01\/1-7980e48d732b6fc85c14b43b94d2aa54-2.jpg",1200,800,false],"thumbnail":["https:\/\/novekinnisvara.ee\/wp-content\/uploads\/2026\/01\/1-7980e48d732b6fc85c14b43b94d2aa54-2-400x400.jpg",400,400,true],"medium":["https:\/\/novekinnisvara.ee\/wp-content\/uploads\/2026\/01\/1-7980e48d732b6fc85c14b43b94d2aa54-2-600x400.jpg",600,400,true],"medium_large":["https:\/\/novekinnisvara.ee\/wp-content\/uploads\/2026\/01\/1-7980e48d732b6fc85c14b43b94d2aa54-2-768x512.jpg",768,512,true],"large":["https:\/\/novekinnisvara.ee\/wp-content\/uploads\/2026\/01\/1-7980e48d732b6fc85c14b43b94d2aa54-2-1024x683.jpg",1024,683,true],"1536x1536":["https:\/\/novekinnisvara.ee\/wp-content\/uploads\/2026\/01\/1-7980e48d732b6fc85c14b43b94d2aa54-2.jpg",1200,800,false],"2048x2048":["https:\/\/novekinnisvara.ee\/wp-content\/uploads\/2026\/01\/1-7980e48d732b6fc85c14b43b94d2aa54-2.jpg",1200,800,false],"trp-custom-language-flag":["https:\/\/novekinnisvara.ee\/wp-content\/uploads\/2026\/01\/1-7980e48d732b6fc85c14b43b94d2aa54-2-18x12.jpg",18,12,true],"woocommerce_thumbnail":["https:\/\/novekinnisvara.ee\/wp-content\/uploads\/2026\/01\/1-7980e48d732b6fc85c14b43b94d2aa54-2-400x300.jpg",400,300,true],"woocommerce_single":["https:\/\/novekinnisvara.ee\/wp-content\/uploads\/2026\/01\/1-7980e48d732b6fc85c14b43b94d2aa54-2-800x533.jpg",800,533,true],"woocommerce_gallery_thumbnail":["https:\/\/novekinnisvara.ee\/wp-content\/uploads\/2026\/01\/1-7980e48d732b6fc85c14b43b94d2aa54-2-100x100.jpg",100,100,true]},"uagb_author_info":{"display_name":"Erika Truuverk","author_link":"https:\/\/novekinnisvara.ee\/en\/author\/"},"uagb_comment_info":0,"uagb_excerpt":"M\u00e1laga provints, Mijas Costa \u2013 renoveeritud ridaelamu golfiv\u00e4ljaku \u00e4\u00e4res","_links":{"self":[{"href":"https:\/\/novekinnisvara.ee\/en\/wp-json\/wp\/v2\/product\/11229","targetHints":{"allow":["GET"]}}],"collection":[{"href":"https:\/\/novekinnisvara.ee\/en\/wp-json\/wp\/v2\/product"}],"about":[{"href":"https:\/\/novekinnisvara.ee\/en\/wp-json\/wp\/v2\/types\/product"}],"wp:featuredmedia":[{"embeddable":true,"href":"https:\/\/novekinnisvara.ee\/en\/wp-json\/wp\/v2\/media\/11230"}],"wp:attachment":[{"href":"https:\/\/novekinnisvara.ee\/en\/wp-json\/wp\/v2\/media?parent=11229"}],"wp:term":[{"taxonomy":"product_brand","embeddable":true,"href":"https:\/\/novekinnisvara.ee\/en\/wp-json\/wp\/v2\/product_brand?post=11229"},{"taxonomy":"product_cat","embeddable":true,"href":"https:\/\/novekinnisvara.ee\/en\/wp-json\/wp\/v2\/product_cat?post=11229"},{"taxonomy":"product_tag","embeddable":true,"href":"https:\/\/novekinnisvara.ee\/en\/wp-json\/wp\/v2\/product_tag?post=11229"}],"curies":[{"name":"wp","href":"https:\/\/api.w.org\/{rel}","templated":true}]}}