{"id":11376,"date":"2026-01-27T22:10:15","date_gmt":"2026-01-27T22:10:15","guid":{"rendered":"https:\/\/novekinnisvara.ee\/?post_type=product&#038;p=11376"},"modified":"2026-01-27T22:20:48","modified_gmt":"2026-01-27T22:20:48","slug":"anda-uurile-aripind-buroo-68-6-m%c2%b2-metalli-tn-3-kristiine","status":"publish","type":"product","link":"https:\/\/novekinnisvara.ee\/en\/product\/anda-uurile-aripind-buroo-68-6-m%c2%b2-metalli-tn-3-kristiine\/","title":{"rendered":"For rent: Office space 68.6 m\u00b2 Metalli 3, Kristiine, Tallinn"},"content":{"rendered":"<p class=\"translation-block\">For rent: a modern and private 80.5 m\u00b2 office space on the second floor of the Metalli Maja commercial building. Ideal for a company that values a contemporary work environment and excellent accessibility.<\/p>\n<p>Metalli Maja is a modern commercial building with a B energy class, located near the Hipodroom intersection\u2014a rapidly developing area home to numerous technology and service companies.<\/p>\n<p class=\"translation-block\">ROOM DESCRIPTION<br>\n\u2022 Two spacious and bright workrooms<br>\n\u2022 Shared common area<br>\n\u2022 Shared meeting room<br>\n\u2022 Option to additionally rent a 4.2 m\u00b2 storage space<\/p>\n<p>MUGAVUSED JA TEHNILINE VARUSTUS<br \/>\n\u2022 Erinevad parkimisv\u00f5imalused hoone l\u00e4hi\u00fcmbruses<br \/>\n\u2022 Jalgrattaparkla<br \/>\n\u2022 24\/7 ligip\u00e4\u00e4s hoonesse<br \/>\n\u2022 V\u00e4lireklaami paigaldamise v\u00f5imalus<br \/>\n\u2022 Kaasaegne sundventilatsioon ja jahutus<br \/>\n\u2022 Elektrooniline valves\u00fcsteem<br \/>\n\u2022 Pind on vaba ja valmis koheseks kasutamiseks<\/p>\n<p>LOCATION<br \/>\nKristiine linnaosas, Hipodroomi ristmiku vahetus l\u00e4heduses. Mugav ja kiire \u00fchendus kesklinna, Mustam\u00e4e ning teiste linnaosadega. L\u00e4hedal asuvad bussipeatused tagavad hea ligip\u00e4\u00e4su nii t\u00f6\u00f6tajatele kui klientidele.<\/p>\n<p class=\"translation-block\">Utility costs and VAT will be added to the rental price.<br>\nNo brokerage fee is charged to the tenant.<\/p>\n<p class=\"translation-block\">Special offer:<br>\n\u2022 When signing the lease agreement before 28.02.2026, a -50% discount applies to the rent for the first three months<br>\n6 \u20ac\/m\u00b2 + VAT.<br>\n\u2022 From the fourth month, the rent is 12 \u20ac\/m\u00b2 + VAT.<\/p>\n<p>Other office spaces of various sizes are also available in the building and surrounding area.<\/p>\n<p>If interested, I will gladly provide additional information and arrange a viewing. Get in touch!<\/p>","protected":false},"excerpt":{"rendered":"<p>Anda \u00fc\u00fcrile \u00e4ripind, b\u00fcroo, 68.6\u00a0m\u00b2 &#8211; Metalli tn 3, Kristiine<\/p>","protected":false},"featured_media":11391,"template":"","meta":{"_acf_changed":false,"_uag_custom_page_level_css":"","_uf_show_specific_survey":0,"_uf_disable_surveys":false,"site-sidebar-layout":"default","site-content-layout":"","ast-site-content-layout":"default","site-content-style":"default","site-sidebar-style":"default","ast-global-header-display":"","ast-banner-title-visibility":"","ast-main-header-display":"","ast-hfb-above-header-display":"","ast-hfb-below-header-display":"","ast-hfb-mobile-header-display":"","site-post-title":"","ast-breadcrumbs-content":"","ast-featured-img":"","footer-sml-layout":"","ast-disable-related-posts":"","theme-transparent-header-meta":"default","adv-header-id-meta":"","stick-header-meta":"","header-above-stick-meta":"","header-main-stick-meta":"","header-below-stick-meta":"","astra-migrate-meta-layouts":"set","ast-page-background-enabled":"default","ast-page-background-meta":{"desktop":{"background-color":"","background-image":"","background-repeat":"repeat","background-position":"center center","background-size":"auto","background-attachment":"scroll","background-type":"","background-media":"","overlay-type":"","overlay-color":"","overlay-opacity":"","overlay-gradient":""},"tablet":{"background-color":"","background-image":"","background-repeat":"repeat","background-position":"center center","background-size":"auto","background-attachment":"scroll","background-type":"","background-media":"","overlay-type":"","overlay-color":"","overlay-opacity":"","overlay-gradient":""},"mobile":{"background-color":"","background-image":"","background-repeat":"repeat","background-position":"center center","background-size":"auto","background-attachment":"scroll","background-type":"","background-media":"","overlay-type":"","overlay-color":"","overlay-opacity":"","overlay-gradient":""}},"ast-content-background-meta":{"desktop":{"background-color":"var(--ast-global-color-5)","background-image":"","background-repeat":"repeat","background-position":"center center","background-size":"auto","background-attachment":"scroll","background-type":"","background-media":"","overlay-type":"","overlay-color":"","overlay-opacity":"","overlay-gradient":""},"tablet":{"background-color":"var(--ast-global-color-5)","background-image":"","background-repeat":"repeat","background-position":"center center","background-size":"auto","background-attachment":"scroll","background-type":"","background-media":"","overlay-type":"","overlay-color":"","overlay-opacity":"","overlay-gradient":""},"mobile":{"background-color":"var(--ast-global-color-5)","background-image":"","background-repeat":"repeat","background-position":"center center","background-size":"auto","background-attachment":"scroll","background-type":"","background-media":"","overlay-type":"","overlay-color":"","overlay-opacity":"","overlay-gradient":""}}},"product_brand":[],"product_cat":[107,104],"product_tag":[],"class_list":{"0":"post-11376","1":"product","2":"type-product","3":"status-publish","4":"has-post-thumbnail","6":"product_cat-aripinnad-eesti","7":"product_cat-uur","8":"desktop-align-left","9":"tablet-align-left","10":"mobile-align-left","12":"first","13":"instock","14":"virtual","15":"purchasable","16":"product-type-simple"},"acf":[],"aioseo_notices":[],"uagb_featured_image_src":{"full":["https:\/\/novekinnisvara.ee\/wp-content\/uploads\/2026\/01\/222_0386.jpg",2048,1536,false],"thumbnail":["https:\/\/novekinnisvara.ee\/wp-content\/uploads\/2026\/01\/222_0386-400x400.jpg",400,400,true],"medium":["https:\/\/novekinnisvara.ee\/wp-content\/uploads\/2026\/01\/222_0386-600x450.jpg",600,450,true],"medium_large":["https:\/\/novekinnisvara.ee\/wp-content\/uploads\/2026\/01\/222_0386-768x576.jpg",768,576,true],"large":["https:\/\/novekinnisvara.ee\/wp-content\/uploads\/2026\/01\/222_0386-1024x768.jpg",1024,768,true],"1536x1536":["https:\/\/novekinnisvara.ee\/wp-content\/uploads\/2026\/01\/222_0386-1536x1152.jpg",1536,1152,true],"2048x2048":["https:\/\/novekinnisvara.ee\/wp-content\/uploads\/2026\/01\/222_0386.jpg",2048,1536,false],"trp-custom-language-flag":["https:\/\/novekinnisvara.ee\/wp-content\/uploads\/2026\/01\/222_0386-16x12.jpg",16,12,true],"woocommerce_thumbnail":["https:\/\/novekinnisvara.ee\/wp-content\/uploads\/2026\/01\/222_0386-400x300.jpg",400,300,true],"woocommerce_single":["https:\/\/novekinnisvara.ee\/wp-content\/uploads\/2026\/01\/222_0386-800x600.jpg",800,600,true],"woocommerce_gallery_thumbnail":["https:\/\/novekinnisvara.ee\/wp-content\/uploads\/2026\/01\/222_0386-100x100.jpg",100,100,true]},"uagb_author_info":{"display_name":"Erika Truuverk","author_link":"https:\/\/novekinnisvara.ee\/en\/author\/"},"uagb_comment_info":0,"uagb_excerpt":"Anda \u00fc\u00fcrile \u00e4ripind, b\u00fcroo, 68.6\u00a0m\u00b2 - Metalli tn 3, Kristiine","_links":{"self":[{"href":"https:\/\/novekinnisvara.ee\/en\/wp-json\/wp\/v2\/product\/11376","targetHints":{"allow":["GET"]}}],"collection":[{"href":"https:\/\/novekinnisvara.ee\/en\/wp-json\/wp\/v2\/product"}],"about":[{"href":"https:\/\/novekinnisvara.ee\/en\/wp-json\/wp\/v2\/types\/product"}],"wp:featuredmedia":[{"embeddable":true,"href":"https:\/\/novekinnisvara.ee\/en\/wp-json\/wp\/v2\/media\/11391"}],"wp:attachment":[{"href":"https:\/\/novekinnisvara.ee\/en\/wp-json\/wp\/v2\/media?parent=11376"}],"wp:term":[{"taxonomy":"product_brand","embeddable":true,"href":"https:\/\/novekinnisvara.ee\/en\/wp-json\/wp\/v2\/product_brand?post=11376"},{"taxonomy":"product_cat","embeddable":true,"href":"https:\/\/novekinnisvara.ee\/en\/wp-json\/wp\/v2\/product_cat?post=11376"},{"taxonomy":"product_tag","embeddable":true,"href":"https:\/\/novekinnisvara.ee\/en\/wp-json\/wp\/v2\/product_tag?post=11376"}],"curies":[{"name":"wp","href":"https:\/\/api.w.org\/{rel}","templated":true}]}}