{"id":11407,"date":"2026-01-29T10:40:17","date_gmt":"2026-01-29T10:40:17","guid":{"rendered":"https:\/\/novekinnisvara.ee\/?post_type=product&#038;p=11407"},"modified":"2026-02-17T08:38:51","modified_gmt":"2026-02-17T06:38:51","slug":"muua-korter-4-tuba-karu-tn-kesklinn-tallinn-harjumaa","status":"publish","type":"product","link":"https:\/\/novekinnisvara.ee\/en\/product\/muua-korter-4-tuba-karu-tn-kesklinn-tallinn-harjumaa\/","title":{"rendered":"Apartment for sale, 4 rooms \u2013 Karu str, Kesklinn, Tallinn, Harjumaa"},"content":{"rendered":"<p>For sale is a well-located apartment in the centre of Tallinn, on Karu Street. The property is situated in a quiet and well-established residential environment, while all the conveniences of the city centre are within walking distance. The apartment is located on the fourth floor of the building, and the building has an elevator.<\/p>\n<p>The apartment is currently habitable, but requires renovation and refreshing. This gives the new owner the opportunity to design the home entirely according to their own taste and needs, and to create a charming city-centre home in an excellent location.<\/p>\n<p>APARTMENT<br \/>\n&#8211; Asub 4. korrusel 7-korruselises majas<br \/>\n&#8211; Elamisk\u00f5lblik seisukord<br \/>\n&#8211; R\u00f5du 3,2 m\u00b2 hoovipoolse vaatega<br \/>\n&#8211; Vajab remonti \u2013 sobib ideaalselt inimesele, kes soovib oma k\u00e4e j\u00e4rgi kodu luua<br \/>\n&#8211; Suur potentsiaal nii isiklikuks elamiseks kui ka investeeringuks<br \/>\nKorteri tugevuseks on eelk\u00f5ige asukoht, parkimisv\u00f5imalus ja planeeringuline potentsiaal, mitte viimistlus.<\/p>\n<p>PARKING AND STORAGE<br \/>\n&#8211; Hinna sees parkimiskoht kinnises hoovis<br \/>\n&#8211; Panipaik maja keldrikorrusel<br \/>\nKesklinna asukoha puhul on nii kindel parkimine kui ka panipaik suur lisav\u00e4\u00e4rtus, mis teeb igap\u00e4evaelu m\u00e4rgatavalt mugavamaks.<\/p>\n<p>HOUSE<br \/>\n&#8211; 7-korruseline korterelamu<br \/>\n&#8211; Lift<br \/>\n&#8211; Ehitatud 1990. aastal<br \/>\n&#8211; Suletud hoov parkimiseks maja taga<br \/>\n&#8211; V\u00e4ljakujunenud ja rahulik naabruskond<\/p>\n<p>LOCATION<br \/>\nAsukoht on selle korteri \u00fcks suurimaid v\u00e4\u00e4rtusi. Karu t\u00e4nav paikneb kesklinnas, kuid eemal suurest liiklusm\u00fcrast.<br \/>\nJalutusk\u00e4igu kaugusel:<br \/>\n&#8211; Kadrioru park<br \/>\n&#8211; Reidi tee promenaad<br \/>\n&#8211; Tallinna \u00dclikool<br \/>\n&#8211; Nautica keskus<br \/>\n&#8211; Rotermanni kvartal<br \/>\n&#8211; Kesklinna poed, kohvikud ja restoranid<br \/>\n&#8211; Jne.<br \/>\nL\u00e4heduses asuvad nii bussi- kui ka trammipeatused, mis tagavad mugava ja kiire liikumise k\u00f5ikidesse Tallinna piirkondadesse.<\/p>\n<p>Kui otsid korterit<br \/>\n&#8211; kesklinnas v\u00e4ga heas, kuid vaikses asukohas,<br \/>\n&#8211; kus parkimine ja panipaik on juba hinnas,<br \/>\n&#8211; ning n\u00e4ed remondivajadust v\u00f5imalusena luua endale just selline kodu, nagu soovid,<br \/>\nsiis on see pakkumine kindlasti vaatamist v\u00e4\u00e4rt!<\/p>\n<p>Feel free to get in touch!<\/p>","protected":false},"excerpt":{"rendered":"<p>M\u00fc\u00fca hea asukohaga korter Tallinna kesklinnas, Karu t\u00e4naval. Tegemist on vaikse ja v\u00e4ljakujunenud elukeskkonnaga, kus samal ajal j\u00e4\u00e4vad k\u00f5ik kesklinna mugavused jalutusk\u00e4igu kaugusele. Korter asub maja neljandal korrusel ning majas on lift. Korter on hetkel elamisk\u00f5lblik, kuid vajab remonti ja v\u00e4rskendamist. See annab uuele omanikule v\u00f5imaluse kujundada kodu t\u00e4ielikult oma maitse ja vajaduste j\u00e4rgi ning [&hellip;]<\/p>\n","protected":false},"featured_media":11413,"template":"","meta":{"_acf_changed":false,"_uag_custom_page_level_css":"","_uf_show_specific_survey":0,"_uf_disable_surveys":false,"site-sidebar-layout":"default","site-content-layout":"","ast-site-content-layout":"default","site-content-style":"default","site-sidebar-style":"default","ast-global-header-display":"","ast-banner-title-visibility":"","ast-main-header-display":"","ast-hfb-above-header-display":"","ast-hfb-below-header-display":"","ast-hfb-mobile-header-display":"","site-post-title":"","ast-breadcrumbs-content":"","ast-featured-img":"","footer-sml-layout":"","ast-disable-related-posts":"","theme-transparent-header-meta":"default","adv-header-id-meta":"","stick-header-meta":"","header-above-stick-meta":"","header-main-stick-meta":"","header-below-stick-meta":"","astra-migrate-meta-layouts":"set","ast-page-background-enabled":"default","ast-page-background-meta":{"desktop":{"background-color":"","background-image":"","background-repeat":"repeat","background-position":"center center","background-size":"auto","background-attachment":"scroll","background-type":"","background-media":"","overlay-type":"","overlay-color":"","overlay-opacity":"","overlay-gradient":""},"tablet":{"background-color":"","background-image":"","background-repeat":"repeat","background-position":"center center","background-size":"auto","background-attachment":"scroll","background-type":"","background-media":"","overlay-type":"","overlay-color":"","overlay-opacity":"","overlay-gradient":""},"mobile":{"background-color":"","background-image":"","background-repeat":"repeat","background-position":"center center","background-size":"auto","background-attachment":"scroll","background-type":"","background-media":"","overlay-type":"","overlay-color":"","overlay-opacity":"","overlay-gradient":""}},"ast-content-background-meta":{"desktop":{"background-color":"var(--ast-global-color-5)","background-image":"","background-repeat":"repeat","background-position":"center center","background-size":"auto","background-attachment":"scroll","background-type":"","background-media":"","overlay-type":"","overlay-color":"","overlay-opacity":"","overlay-gradient":""},"tablet":{"background-color":"var(--ast-global-color-5)","background-image":"","background-repeat":"repeat","background-position":"center center","background-size":"auto","background-attachment":"scroll","background-type":"","background-media":"","overlay-type":"","overlay-color":"","overlay-opacity":"","overlay-gradient":""},"mobile":{"background-color":"var(--ast-global-color-5)","background-image":"","background-repeat":"repeat","background-position":"center center","background-size":"auto","background-attachment":"scroll","background-type":"","background-media":"","overlay-type":"","overlay-color":"","overlay-opacity":"","overlay-gradient":""}}},"product_brand":[],"product_cat":[106,103,127],"product_tag":[],"class_list":{"0":"post-11407","1":"product","2":"type-product","3":"status-publish","4":"has-post-thumbnail","6":"product_cat-korterid-eesti","7":"product_cat-muuk","8":"product_cat-uusarendus","9":"desktop-align-left","10":"tablet-align-left","11":"mobile-align-left","13":"first","14":"instock","15":"virtual","16":"purchasable","17":"product-type-simple"},"acf":[],"aioseo_notices":[],"uagb_featured_image_src":{"full":["https:\/\/novekinnisvara.ee\/wp-content\/uploads\/2026\/01\/3M4A5712-scaled.jpg",2560,1707,false],"thumbnail":["https:\/\/novekinnisvara.ee\/wp-content\/uploads\/2026\/01\/3M4A5712-400x400.jpg",400,400,true],"medium":["https:\/\/novekinnisvara.ee\/wp-content\/uploads\/2026\/01\/3M4A5712-600x400.jpg",600,400,true],"medium_large":["https:\/\/novekinnisvara.ee\/wp-content\/uploads\/2026\/01\/3M4A5712-768x512.jpg",768,512,true],"large":["https:\/\/novekinnisvara.ee\/wp-content\/uploads\/2026\/01\/3M4A5712-1024x683.jpg",1024,683,true],"1536x1536":["https:\/\/novekinnisvara.ee\/wp-content\/uploads\/2026\/01\/3M4A5712-1536x1024.jpg",1536,1024,true],"2048x2048":["https:\/\/novekinnisvara.ee\/wp-content\/uploads\/2026\/01\/3M4A5712-2048x1366.jpg",2048,1366,true],"trp-custom-language-flag":["https:\/\/novekinnisvara.ee\/wp-content\/uploads\/2026\/01\/3M4A5712-18x12.jpg",18,12,true],"woocommerce_thumbnail":["https:\/\/novekinnisvara.ee\/wp-content\/uploads\/2026\/01\/3M4A5712-400x300.jpg",400,300,true],"woocommerce_single":["https:\/\/novekinnisvara.ee\/wp-content\/uploads\/2026\/01\/3M4A5712-800x533.jpg",800,533,true],"woocommerce_gallery_thumbnail":["https:\/\/novekinnisvara.ee\/wp-content\/uploads\/2026\/01\/3M4A5712-100x100.jpg",100,100,true]},"uagb_author_info":{"display_name":"Anu Uuem\u00f5is","author_link":"https:\/\/novekinnisvara.ee\/en\/author\/"},"uagb_comment_info":0,"uagb_excerpt":"M\u00fc\u00fca hea asukohaga korter Tallinna kesklinnas, Karu t\u00e4naval. Tegemist on vaikse ja v\u00e4ljakujunenud elukeskkonnaga, kus samal ajal j\u00e4\u00e4vad k\u00f5ik kesklinna mugavused jalutusk\u00e4igu kaugusele. Korter asub maja neljandal korrusel ning majas on lift. Korter on hetkel elamisk\u00f5lblik, kuid vajab remonti ja v\u00e4rskendamist. See annab uuele omanikule v\u00f5imaluse kujundada kodu t\u00e4ielikult oma maitse ja vajaduste j\u00e4rgi ning&hellip;","_links":{"self":[{"href":"https:\/\/novekinnisvara.ee\/en\/wp-json\/wp\/v2\/product\/11407","targetHints":{"allow":["GET"]}}],"collection":[{"href":"https:\/\/novekinnisvara.ee\/en\/wp-json\/wp\/v2\/product"}],"about":[{"href":"https:\/\/novekinnisvara.ee\/en\/wp-json\/wp\/v2\/types\/product"}],"wp:featuredmedia":[{"embeddable":true,"href":"https:\/\/novekinnisvara.ee\/en\/wp-json\/wp\/v2\/media\/11413"}],"wp:attachment":[{"href":"https:\/\/novekinnisvara.ee\/en\/wp-json\/wp\/v2\/media?parent=11407"}],"wp:term":[{"taxonomy":"product_brand","embeddable":true,"href":"https:\/\/novekinnisvara.ee\/en\/wp-json\/wp\/v2\/product_brand?post=11407"},{"taxonomy":"product_cat","embeddable":true,"href":"https:\/\/novekinnisvara.ee\/en\/wp-json\/wp\/v2\/product_cat?post=11407"},{"taxonomy":"product_tag","embeddable":true,"href":"https:\/\/novekinnisvara.ee\/en\/wp-json\/wp\/v2\/product_tag?post=11407"}],"curies":[{"name":"wp","href":"https:\/\/api.w.org\/{rel}","templated":true}]}}