{"id":12867,"date":"2026-03-26T08:42:38","date_gmt":"2026-03-26T06:42:38","guid":{"rendered":"https:\/\/novekinnisvara.ee\/?post_type=product&#038;p=12867"},"modified":"2026-03-27T21:46:02","modified_gmt":"2026-03-27T19:46:02","slug":"muua-korter-2-tuba-manufaktuuri-tn-20-pohja-tallinn","status":"publish","type":"product","link":"https:\/\/novekinnisvara.ee\/en\/product\/muua-korter-2-tuba-manufaktuuri-tn-20-pohja-tallinn\/","title":{"rendered":"2-room apartment for sale \u2013 Manufaktuuri 20, Northern Tallinn, Estonia"},"content":{"rendered":"<p>Well-regarded 1-bedroom apartment for sale in the sought-after Manufaktuuri Quarter, Northern Tallinn.<\/p>\n<p>The apartment is located on the fifth floor and comprises an open-plan living room with a kitchen area, with access to a spacious balcony, a bedroom, a bathroom, and an entrance hall with a built-in wardrobe. The windows and balcony face east\u2013southeast. Fresh air and a comfortable indoor climate are ensured by a heat recovery ventilation system.<\/p>\n<p>The kitchen area has been left for the new owner to design, allowing the kitchen to be tailored exactly to their needs and style. The existing furniture can be left for the new owner if desired.<\/p>\n<p>The price also includes a storage unit and a designated parking space on the 5th floor of the parking garage.<\/p>\n<p>AMENITIES AND TECHNICAL FEATURES<br \/>\n&#8211; keskk\u00fcte, vesip\u00f5randak\u00fcte<br \/>\n&#8211; soojustagastusega ventilatsioon<br \/>\n&#8211; kaugloetavad veearvestid<br \/>\n&#8211; andmesidekaabeldus ja valves\u00fcsteemi valmidus.<\/p>\n<p class=\"translation-block\">LIVING ENVIRONMENT<br>\nThe Manufaktuuri Quarter is a highly valued residential area where a historic industrial atmosphere is combined with modern architecture. It offers a peaceful and secure environment, a well-thought-out neighbourhood layout, and high-quality buildings.<\/p>\n<p>LOCATION<br \/>\nL\u00e4hikonnas on olemas k\u00f5ik eluks vajalik:<br \/>\n&#8211; poed, kohvikud ja teenused<br \/>\n&#8211; koolid ja lasteaiad<br \/>\n&#8211; puhkealad ja sportimisv\u00f5imalused<br \/>\n&#8211; jalutus- ja kergliiklusteed<br \/>\n&#8211; hea \u00fchendus kesklinnaga nii auto kui \u00fchistranspordiga<br \/>\n&#8211; 2029. aastaks on planeeritud Pelgulinna trammitee valmimine.<\/p>\n<p>Stroomi Beach, the Pelguranna promenade, and the Merimetsa green areas offer excellent opportunities for sports and leisure activities. The nearby network of recently completed Putukav\u00e4il pedestrian and cycling paths adds further convenience for outdoor recreation.<\/p>\n<p>If you are looking for a modern home in a great location, this apartment is definitely worth a visit.<br \/>\nContact us today to arrange a viewing!<\/p>","protected":false},"excerpt":{"rendered":"<p>2-room apartment for sale \u2013 Manufaktuuri 20, Northern Tallinn, Estonia<\/p>","protected":false},"featured_media":12892,"template":"","meta":{"_acf_changed":false,"_uag_custom_page_level_css":"","_uf_show_specific_survey":0,"_uf_disable_surveys":false,"site-sidebar-layout":"default","site-content-layout":"","ast-site-content-layout":"default","site-content-style":"default","site-sidebar-style":"default","ast-global-header-display":"","ast-banner-title-visibility":"","ast-main-header-display":"","ast-hfb-above-header-display":"","ast-hfb-below-header-display":"","ast-hfb-mobile-header-display":"","site-post-title":"","ast-breadcrumbs-content":"","ast-featured-img":"","footer-sml-layout":"","ast-disable-related-posts":"","theme-transparent-header-meta":"default","adv-header-id-meta":"","stick-header-meta":"","header-above-stick-meta":"","header-main-stick-meta":"","header-below-stick-meta":"","astra-migrate-meta-layouts":"set","ast-page-background-enabled":"default","ast-page-background-meta":{"desktop":{"background-color":"","background-image":"","background-repeat":"repeat","background-position":"center center","background-size":"auto","background-attachment":"scroll","background-type":"","background-media":"","overlay-type":"","overlay-color":"","overlay-opacity":"","overlay-gradient":""},"tablet":{"background-color":"","background-image":"","background-repeat":"repeat","background-position":"center center","background-size":"auto","background-attachment":"scroll","background-type":"","background-media":"","overlay-type":"","overlay-color":"","overlay-opacity":"","overlay-gradient":""},"mobile":{"background-color":"","background-image":"","background-repeat":"repeat","background-position":"center center","background-size":"auto","background-attachment":"scroll","background-type":"","background-media":"","overlay-type":"","overlay-color":"","overlay-opacity":"","overlay-gradient":""}},"ast-content-background-meta":{"desktop":{"background-color":"var(--ast-global-color-5)","background-image":"","background-repeat":"repeat","background-position":"center center","background-size":"auto","background-attachment":"scroll","background-type":"","background-media":"","overlay-type":"","overlay-color":"","overlay-opacity":"","overlay-gradient":""},"tablet":{"background-color":"var(--ast-global-color-5)","background-image":"","background-repeat":"repeat","background-position":"center center","background-size":"auto","background-attachment":"scroll","background-type":"","background-media":"","overlay-type":"","overlay-color":"","overlay-opacity":"","overlay-gradient":""},"mobile":{"background-color":"var(--ast-global-color-5)","background-image":"","background-repeat":"repeat","background-position":"center center","background-size":"auto","background-attachment":"scroll","background-type":"","background-media":"","overlay-type":"","overlay-color":"","overlay-opacity":"","overlay-gradient":""}}},"product_brand":[],"product_cat":[106,103],"product_tag":[],"class_list":{"0":"post-12867","1":"product","2":"type-product","3":"status-publish","4":"has-post-thumbnail","6":"product_cat-korterid-eesti","7":"product_cat-muuk","8":"desktop-align-left","9":"tablet-align-left","10":"mobile-align-left","12":"first","13":"instock","14":"virtual","15":"purchasable","16":"product-type-simple"},"acf":[],"aioseo_notices":[],"uagb_featured_image_src":{"full":["https:\/\/novekinnisvara.ee\/wp-content\/uploads\/2026\/03\/3M4A9583_2.jpg",1200,800,false],"thumbnail":["https:\/\/novekinnisvara.ee\/wp-content\/uploads\/2026\/03\/3M4A9583_2-400x400.jpg",400,400,true],"medium":["https:\/\/novekinnisvara.ee\/wp-content\/uploads\/2026\/03\/3M4A9583_2-600x400.jpg",600,400,true],"medium_large":["https:\/\/novekinnisvara.ee\/wp-content\/uploads\/2026\/03\/3M4A9583_2-768x512.jpg",768,512,true],"large":["https:\/\/novekinnisvara.ee\/wp-content\/uploads\/2026\/03\/3M4A9583_2-1024x683.jpg",1024,683,true],"1536x1536":["https:\/\/novekinnisvara.ee\/wp-content\/uploads\/2026\/03\/3M4A9583_2.jpg",1200,800,false],"2048x2048":["https:\/\/novekinnisvara.ee\/wp-content\/uploads\/2026\/03\/3M4A9583_2.jpg",1200,800,false],"trp-custom-language-flag":["https:\/\/novekinnisvara.ee\/wp-content\/uploads\/2026\/03\/3M4A9583_2-18x12.jpg",18,12,true],"woocommerce_thumbnail":["https:\/\/novekinnisvara.ee\/wp-content\/uploads\/2026\/03\/3M4A9583_2-400x300.jpg",400,300,true],"woocommerce_single":["https:\/\/novekinnisvara.ee\/wp-content\/uploads\/2026\/03\/3M4A9583_2-800x533.jpg",800,533,true],"woocommerce_gallery_thumbnail":["https:\/\/novekinnisvara.ee\/wp-content\/uploads\/2026\/03\/3M4A9583_2-100x100.jpg",100,100,true]},"uagb_author_info":{"display_name":"Anu Uuem\u00f5is","author_link":"https:\/\/novekinnisvara.ee\/en\/author\/"},"uagb_comment_info":0,"uagb_excerpt":"M\u00fc\u00fca korter, 2 tuba - Manufaktuuri tn 20, P\u00f5hja-Tallinn","_links":{"self":[{"href":"https:\/\/novekinnisvara.ee\/en\/wp-json\/wp\/v2\/product\/12867","targetHints":{"allow":["GET"]}}],"collection":[{"href":"https:\/\/novekinnisvara.ee\/en\/wp-json\/wp\/v2\/product"}],"about":[{"href":"https:\/\/novekinnisvara.ee\/en\/wp-json\/wp\/v2\/types\/product"}],"wp:featuredmedia":[{"embeddable":true,"href":"https:\/\/novekinnisvara.ee\/en\/wp-json\/wp\/v2\/media\/12892"}],"wp:attachment":[{"href":"https:\/\/novekinnisvara.ee\/en\/wp-json\/wp\/v2\/media?parent=12867"}],"wp:term":[{"taxonomy":"product_brand","embeddable":true,"href":"https:\/\/novekinnisvara.ee\/en\/wp-json\/wp\/v2\/product_brand?post=12867"},{"taxonomy":"product_cat","embeddable":true,"href":"https:\/\/novekinnisvara.ee\/en\/wp-json\/wp\/v2\/product_cat?post=12867"},{"taxonomy":"product_tag","embeddable":true,"href":"https:\/\/novekinnisvara.ee\/en\/wp-json\/wp\/v2\/product_tag?post=12867"}],"curies":[{"name":"wp","href":"https:\/\/api.w.org\/{rel}","templated":true}]}}