{"id":12868,"date":"2026-03-26T08:42:45","date_gmt":"2026-03-26T06:42:45","guid":{"rendered":"https:\/\/novekinnisvara.ee\/?post_type=product&#038;p=12868"},"modified":"2026-03-26T09:04:50","modified_gmt":"2026-03-26T07:04:50","slug":"muua-maatukk-maatulundusmaa-sausti-kiili-vald-harjumaa","status":"publish","type":"product","link":"https:\/\/novekinnisvara.ee\/en\/product\/muua-maatukk-maatulundusmaa-sausti-kiili-vald-harjumaa\/","title":{"rendered":"M\u00fc\u00fca maat\u00fckk, maatulundusmaa &#8211; Sausti, Kiili vald, Harjumaa"},"content":{"rendered":"<h2>Land with high potential near Luige\/ Saustin\u00f5mme<\/h2>\n<p>Plot 99500 m\u00b2<\/p>\n<div class=\"read-more-fade read-more read-more-opened\" data-show-more=\"18\" data-more-more=\"Loe edasi\" data-more-less=\"N\u00e4ita v\u00e4hem\">\n<p class=\"description-content\">Land for sale in Sausti village, in the Luige\u2013Saustin\u00f5mme area, Kiili parish \u2013 a rapidly developing area in the immediate vicinity of Tallinn. The property is a larger land unit, well suited as a long-term land investment or also suitable for a buyer seeking development potential. The property is designated as agricultural land.<\/p>\n<p>The property is situated in a peaceful setting, surrounded by nature, a mix of agricultural land and scattered residential homes. Its proximity to Tallinn, combined with the ongoing development of Kiili parish, making it a strong option for both investment and future development.<\/p>\n<p>Peamised omadused:<br \/>\n&#8211; maatulundusmaa sihtotstarve<br \/>\n&#8211; rahulik ja loodusl\u00e4hedane asukoht<br \/>\n&#8211; asub Tallinna ringtee naabruses<br \/>\n&#8211; perspektiivikas investeerimis- v\u00f5i arendusmaa.<\/p>\n<p class=\"translation-block\">The future use of the land and any potential development solutions depend on local planning regulations and must be coordinated with the local municipality.<br>\n<br>\n\nAs an added value, it is also possible to purchase a neighboring property (2 properties combined 17.55 hectars), allowing for an increase in the total land area and development potential.<\/p>\n<p>For more information, please get in touch.<\/p>\n<\/div>","protected":false},"excerpt":{"rendered":"<h1>M\u00fc\u00fca maat\u00fckk, maatulundusmaa &#8211; Sausti, Kiili vald, Harjumaa<\/h1>","protected":false},"featured_media":12869,"template":"","meta":{"_acf_changed":false,"_uag_custom_page_level_css":"","_uf_show_specific_survey":0,"_uf_disable_surveys":false,"site-sidebar-layout":"default","site-content-layout":"","ast-site-content-layout":"default","site-content-style":"default","site-sidebar-style":"default","ast-global-header-display":"","ast-banner-title-visibility":"","ast-main-header-display":"","ast-hfb-above-header-display":"","ast-hfb-below-header-display":"","ast-hfb-mobile-header-display":"","site-post-title":"","ast-breadcrumbs-content":"","ast-featured-img":"","footer-sml-layout":"","ast-disable-related-posts":"","theme-transparent-header-meta":"default","adv-header-id-meta":"","stick-header-meta":"","header-above-stick-meta":"","header-main-stick-meta":"","header-below-stick-meta":"","astra-migrate-meta-layouts":"set","ast-page-background-enabled":"default","ast-page-background-meta":{"desktop":{"background-color":"","background-image":"","background-repeat":"repeat","background-position":"center center","background-size":"auto","background-attachment":"scroll","background-type":"","background-media":"","overlay-type":"","overlay-color":"","overlay-opacity":"","overlay-gradient":""},"tablet":{"background-color":"","background-image":"","background-repeat":"repeat","background-position":"center center","background-size":"auto","background-attachment":"scroll","background-type":"","background-media":"","overlay-type":"","overlay-color":"","overlay-opacity":"","overlay-gradient":""},"mobile":{"background-color":"","background-image":"","background-repeat":"repeat","background-position":"center center","background-size":"auto","background-attachment":"scroll","background-type":"","background-media":"","overlay-type":"","overlay-color":"","overlay-opacity":"","overlay-gradient":""}},"ast-content-background-meta":{"desktop":{"background-color":"var(--ast-global-color-5)","background-image":"","background-repeat":"repeat","background-position":"center center","background-size":"auto","background-attachment":"scroll","background-type":"","background-media":"","overlay-type":"","overlay-color":"","overlay-opacity":"","overlay-gradient":""},"tablet":{"background-color":"var(--ast-global-color-5)","background-image":"","background-repeat":"repeat","background-position":"center center","background-size":"auto","background-attachment":"scroll","background-type":"","background-media":"","overlay-type":"","overlay-color":"","overlay-opacity":"","overlay-gradient":""},"mobile":{"background-color":"var(--ast-global-color-5)","background-image":"","background-repeat":"repeat","background-position":"center center","background-size":"auto","background-attachment":"scroll","background-type":"","background-media":"","overlay-type":"","overlay-color":"","overlay-opacity":"","overlay-gradient":""}}},"product_brand":[],"product_cat":[129,105,103,127],"product_tag":[],"class_list":{"0":"post-12868","1":"product","2":"type-product","3":"status-publish","4":"has-post-thumbnail","6":"product_cat-maa","7":"product_cat-majad-eesti","8":"product_cat-muuk","9":"product_cat-uusarendus","10":"desktop-align-left","11":"tablet-align-left","12":"mobile-align-left","14":"first","15":"instock","16":"virtual","17":"purchasable","18":"product-type-simple"},"acf":[],"aioseo_notices":[],"uagb_featured_image_src":{"full":["https:\/\/novekinnisvara.ee\/wp-content\/uploads\/2026\/03\/Image-17.03.2026-at-15.55-1.jpg",1200,951,false],"thumbnail":["https:\/\/novekinnisvara.ee\/wp-content\/uploads\/2026\/03\/Image-17.03.2026-at-15.55-1-400x400.jpg",400,400,true],"medium":["https:\/\/novekinnisvara.ee\/wp-content\/uploads\/2026\/03\/Image-17.03.2026-at-15.55-1-600x476.jpg",600,476,true],"medium_large":["https:\/\/novekinnisvara.ee\/wp-content\/uploads\/2026\/03\/Image-17.03.2026-at-15.55-1-768x609.jpg",768,609,true],"large":["https:\/\/novekinnisvara.ee\/wp-content\/uploads\/2026\/03\/Image-17.03.2026-at-15.55-1-1024x812.jpg",1024,812,true],"1536x1536":["https:\/\/novekinnisvara.ee\/wp-content\/uploads\/2026\/03\/Image-17.03.2026-at-15.55-1.jpg",1200,951,false],"2048x2048":["https:\/\/novekinnisvara.ee\/wp-content\/uploads\/2026\/03\/Image-17.03.2026-at-15.55-1.jpg",1200,951,false],"trp-custom-language-flag":["https:\/\/novekinnisvara.ee\/wp-content\/uploads\/2026\/03\/Image-17.03.2026-at-15.55-1-15x12.jpg",15,12,true],"woocommerce_thumbnail":["https:\/\/novekinnisvara.ee\/wp-content\/uploads\/2026\/03\/Image-17.03.2026-at-15.55-1-400x300.jpg",400,300,true],"woocommerce_single":["https:\/\/novekinnisvara.ee\/wp-content\/uploads\/2026\/03\/Image-17.03.2026-at-15.55-1-800x634.jpg",800,634,true],"woocommerce_gallery_thumbnail":["https:\/\/novekinnisvara.ee\/wp-content\/uploads\/2026\/03\/Image-17.03.2026-at-15.55-1-100x100.jpg",100,100,true]},"uagb_author_info":{"display_name":"Anu Uuem\u00f5is","author_link":"https:\/\/novekinnisvara.ee\/en\/author\/"},"uagb_comment_info":0,"uagb_excerpt":"M\u00fc\u00fca maat\u00fckk, maatulundusmaa - Sausti, Kiili vald, Harjumaa","_links":{"self":[{"href":"https:\/\/novekinnisvara.ee\/en\/wp-json\/wp\/v2\/product\/12868","targetHints":{"allow":["GET"]}}],"collection":[{"href":"https:\/\/novekinnisvara.ee\/en\/wp-json\/wp\/v2\/product"}],"about":[{"href":"https:\/\/novekinnisvara.ee\/en\/wp-json\/wp\/v2\/types\/product"}],"wp:featuredmedia":[{"embeddable":true,"href":"https:\/\/novekinnisvara.ee\/en\/wp-json\/wp\/v2\/media\/12869"}],"wp:attachment":[{"href":"https:\/\/novekinnisvara.ee\/en\/wp-json\/wp\/v2\/media?parent=12868"}],"wp:term":[{"taxonomy":"product_brand","embeddable":true,"href":"https:\/\/novekinnisvara.ee\/en\/wp-json\/wp\/v2\/product_brand?post=12868"},{"taxonomy":"product_cat","embeddable":true,"href":"https:\/\/novekinnisvara.ee\/en\/wp-json\/wp\/v2\/product_cat?post=12868"},{"taxonomy":"product_tag","embeddable":true,"href":"https:\/\/novekinnisvara.ee\/en\/wp-json\/wp\/v2\/product_tag?post=12868"}],"curies":[{"name":"wp","href":"https:\/\/api.w.org\/{rel}","templated":true}]}}