{"id":12873,"date":"2026-03-26T09:08:35","date_gmt":"2026-03-26T07:08:35","guid":{"rendered":"https:\/\/novekinnisvara.ee\/?post_type=product&#038;p=12873"},"modified":"2026-03-26T09:22:11","modified_gmt":"2026-03-26T07:22:11","slug":"muua-maatukk-maatulundusmaa-saustinomme-saku-vald-harjumaa","status":"publish","type":"product","link":"https:\/\/novekinnisvara.ee\/en\/product\/muua-maatukk-maatulundusmaa-saustinomme-saku-vald-harjumaa\/","title":{"rendered":"M\u00fc\u00fca maat\u00fckk, maatulundusmaa &#8211; Saustin\u00f5mme, Saku vald, Harjumaa"},"content":{"rendered":"<h2>Land with great potential in Saku Parish<\/h2>\n<p>Krunt 16200 m\u00b2, detailplaneering tegemata<\/p>\n<div class=\"read-more-fade read-more read-more-opened\" data-show-more=\"18\" data-more-more=\"Loe edasi\" data-more-less=\"N\u00e4ita v\u00e4hem\">\n<p class=\"description-content\">1.6 ha Land in Saku Parish \u2013 A Promising Property Near Tallinn.<\/p>\n<p>For sale: by designation an agricultural land property located in Saku Parish, in a green and peaceful area within close proximity to Tallinn. The plot covers approximately 1.6 hectares and offers an excellent opportunity to create a spacious and peaceful living environment near the capital.<\/p>\n<p>The property is located in a green and peaceful setting, surrounded by open agricultural land and low-density residential homes. The generous plot size provides excellent flexibility for future development, while ensuring space, openness and privacy.<\/p>\n<p class=\"translation-block\">Potential Uses\nThe property is well suited for buyers looking to build a home on a larger plot, invest in real estate, or continue its use as agricultural land. Future development and usage options are subject to local planning regulations and must be agreed with the local municipality.<\/p>\n<p class=\"translation-block\">Additional larger land plots are also available in the same area:<br>\n\u2022 Sihi, Sausti village, Kiili Parish (cadastral number 30501:001:0957) \u2013 7.6 ha, 3.50 \u20ac\/m\u00b2.<br>\n\u2022 Sihip\u00f5llu, Sausti village, Kiili Parish (cadastral number 30401:001:1407) \u2013 9.95 ha, 3.50 \u20ac\/m\u00b2.<\/p>\n<p>Should you have any interest, I will be happy to provide additional information.<\/p>\n<\/div>","protected":false},"excerpt":{"rendered":"<h1>M\u00fc\u00fca maat\u00fckk, maatulundusmaa &#8211; Saustin\u00f5mme, Saku vald, Harjumaa<\/h1>","protected":false},"featured_media":12877,"template":"","meta":{"_acf_changed":false,"_uag_custom_page_level_css":"","_uf_show_specific_survey":0,"_uf_disable_surveys":false,"site-sidebar-layout":"default","site-content-layout":"","ast-site-content-layout":"default","site-content-style":"default","site-sidebar-style":"default","ast-global-header-display":"","ast-banner-title-visibility":"","ast-main-header-display":"","ast-hfb-above-header-display":"","ast-hfb-below-header-display":"","ast-hfb-mobile-header-display":"","site-post-title":"","ast-breadcrumbs-content":"","ast-featured-img":"","footer-sml-layout":"","ast-disable-related-posts":"","theme-transparent-header-meta":"default","adv-header-id-meta":"","stick-header-meta":"","header-above-stick-meta":"","header-main-stick-meta":"","header-below-stick-meta":"","astra-migrate-meta-layouts":"set","ast-page-background-enabled":"default","ast-page-background-meta":{"desktop":{"background-color":"","background-image":"","background-repeat":"repeat","background-position":"center center","background-size":"auto","background-attachment":"scroll","background-type":"","background-media":"","overlay-type":"","overlay-color":"","overlay-opacity":"","overlay-gradient":""},"tablet":{"background-color":"","background-image":"","background-repeat":"repeat","background-position":"center center","background-size":"auto","background-attachment":"scroll","background-type":"","background-media":"","overlay-type":"","overlay-color":"","overlay-opacity":"","overlay-gradient":""},"mobile":{"background-color":"","background-image":"","background-repeat":"repeat","background-position":"center center","background-size":"auto","background-attachment":"scroll","background-type":"","background-media":"","overlay-type":"","overlay-color":"","overlay-opacity":"","overlay-gradient":""}},"ast-content-background-meta":{"desktop":{"background-color":"var(--ast-global-color-5)","background-image":"","background-repeat":"repeat","background-position":"center center","background-size":"auto","background-attachment":"scroll","background-type":"","background-media":"","overlay-type":"","overlay-color":"","overlay-opacity":"","overlay-gradient":""},"tablet":{"background-color":"var(--ast-global-color-5)","background-image":"","background-repeat":"repeat","background-position":"center center","background-size":"auto","background-attachment":"scroll","background-type":"","background-media":"","overlay-type":"","overlay-color":"","overlay-opacity":"","overlay-gradient":""},"mobile":{"background-color":"var(--ast-global-color-5)","background-image":"","background-repeat":"repeat","background-position":"center center","background-size":"auto","background-attachment":"scroll","background-type":"","background-media":"","overlay-type":"","overlay-color":"","overlay-opacity":"","overlay-gradient":""}}},"product_brand":[],"product_cat":[129,105,103,127],"product_tag":[],"class_list":{"0":"post-12873","1":"product","2":"type-product","3":"status-publish","4":"has-post-thumbnail","6":"product_cat-maa","7":"product_cat-majad-eesti","8":"product_cat-muuk","9":"product_cat-uusarendus","10":"desktop-align-left","11":"tablet-align-left","12":"mobile-align-left","14":"first","15":"instock","16":"virtual","17":"purchasable","18":"product-type-simple"},"acf":[],"aioseo_notices":[],"uagb_featured_image_src":{"full":["https:\/\/novekinnisvara.ee\/wp-content\/uploads\/2026\/03\/Pahkli-Saustinomme-kula-Saku-vald-Harju-maakond.jpg",1152,857,false],"thumbnail":["https:\/\/novekinnisvara.ee\/wp-content\/uploads\/2026\/03\/Pahkli-Saustinomme-kula-Saku-vald-Harju-maakond-400x400.jpg",400,400,true],"medium":["https:\/\/novekinnisvara.ee\/wp-content\/uploads\/2026\/03\/Pahkli-Saustinomme-kula-Saku-vald-Harju-maakond-600x446.jpg",600,446,true],"medium_large":["https:\/\/novekinnisvara.ee\/wp-content\/uploads\/2026\/03\/Pahkli-Saustinomme-kula-Saku-vald-Harju-maakond-768x571.jpg",768,571,true],"large":["https:\/\/novekinnisvara.ee\/wp-content\/uploads\/2026\/03\/Pahkli-Saustinomme-kula-Saku-vald-Harju-maakond-1024x762.jpg",1024,762,true],"1536x1536":["https:\/\/novekinnisvara.ee\/wp-content\/uploads\/2026\/03\/Pahkli-Saustinomme-kula-Saku-vald-Harju-maakond.jpg",1152,857,false],"2048x2048":["https:\/\/novekinnisvara.ee\/wp-content\/uploads\/2026\/03\/Pahkli-Saustinomme-kula-Saku-vald-Harju-maakond.jpg",1152,857,false],"trp-custom-language-flag":["https:\/\/novekinnisvara.ee\/wp-content\/uploads\/2026\/03\/Pahkli-Saustinomme-kula-Saku-vald-Harju-maakond-16x12.jpg",16,12,true],"woocommerce_thumbnail":["https:\/\/novekinnisvara.ee\/wp-content\/uploads\/2026\/03\/Pahkli-Saustinomme-kula-Saku-vald-Harju-maakond-400x300.jpg",400,300,true],"woocommerce_single":["https:\/\/novekinnisvara.ee\/wp-content\/uploads\/2026\/03\/Pahkli-Saustinomme-kula-Saku-vald-Harju-maakond-800x595.jpg",800,595,true],"woocommerce_gallery_thumbnail":["https:\/\/novekinnisvara.ee\/wp-content\/uploads\/2026\/03\/Pahkli-Saustinomme-kula-Saku-vald-Harju-maakond-100x100.jpg",100,100,true]},"uagb_author_info":{"display_name":"Anu Uuem\u00f5is","author_link":"https:\/\/novekinnisvara.ee\/en\/author\/"},"uagb_comment_info":0,"uagb_excerpt":"M\u00fc\u00fca maat\u00fckk, maatulundusmaa - Saustin\u00f5mme, Saku vald, Harjumaa","_links":{"self":[{"href":"https:\/\/novekinnisvara.ee\/en\/wp-json\/wp\/v2\/product\/12873","targetHints":{"allow":["GET"]}}],"collection":[{"href":"https:\/\/novekinnisvara.ee\/en\/wp-json\/wp\/v2\/product"}],"about":[{"href":"https:\/\/novekinnisvara.ee\/en\/wp-json\/wp\/v2\/types\/product"}],"wp:featuredmedia":[{"embeddable":true,"href":"https:\/\/novekinnisvara.ee\/en\/wp-json\/wp\/v2\/media\/12877"}],"wp:attachment":[{"href":"https:\/\/novekinnisvara.ee\/en\/wp-json\/wp\/v2\/media?parent=12873"}],"wp:term":[{"taxonomy":"product_brand","embeddable":true,"href":"https:\/\/novekinnisvara.ee\/en\/wp-json\/wp\/v2\/product_brand?post=12873"},{"taxonomy":"product_cat","embeddable":true,"href":"https:\/\/novekinnisvara.ee\/en\/wp-json\/wp\/v2\/product_cat?post=12873"},{"taxonomy":"product_tag","embeddable":true,"href":"https:\/\/novekinnisvara.ee\/en\/wp-json\/wp\/v2\/product_tag?post=12873"}],"curies":[{"name":"wp","href":"https:\/\/api.w.org\/{rel}","templated":true}]}}