{"id":12926,"date":"2026-03-27T21:30:23","date_gmt":"2026-03-27T19:30:23","guid":{"rendered":"https:\/\/novekinnisvara.ee\/?post_type=product&#038;p=12926"},"modified":"2026-03-27T21:38:26","modified_gmt":"2026-03-27T19:38:26","slug":"muua-suvila-3-magamistuba-astangu-vkt-7a-kloogaranna-tuulna","status":"publish","type":"product","link":"https:\/\/novekinnisvara.ee\/en\/product\/muua-suvila-3-magamistuba-astangu-vkt-7a-kloogaranna-tuulna\/","title":{"rendered":"Summer house for sale, 3 bedrooms \u2013 Astangu vkt 7a, Kloogaranna, Tuulna"},"content":{"rendered":"<p>Modern and bright house for sale in the scenic Tuulna village, in the Kloogaranna area. The property was completed in 2024 and is well suited for year-round living.<\/p>\n<p>HOUSE<br \/>\n\u00dchekorruselise maja planeering on kompaktne ja nutikas:<br \/>\n&#8211; elutuba koos k\u00f6\u00f6gi ja s\u00f6\u00f6gialaga<br \/>\n&#8211; 3 magamistuba<br \/>\n&#8211; vannituba<br \/>\n&#8211; esik.<\/p>\n<p class=\"translation-block\">Heated area: 76.2 m\u00b2<br>\nBuilding footprint: 91.8 m\u00b2<br>\nTerrace: 15.6 m\u00b2<\/p>\n<p>Large windows offer views of the surrounding greenery, and the living room provides direct access to the terrace and garden.<\/p>\n<p>TEHNILISED ANDMED<br \/>\n&#8211; elektrivarustus: v\u00f5rk (3-faasiline)<br \/>\n&#8211; veevarustus: tsentraalne<br \/>\n&#8211; kanalisatsioon: lokaalne (mahuti)<br \/>\n&#8211; k\u00fcte: \u00f5hk soojuspump ja elektriotsek\u00fcte<br \/>\n&#8211; ventilatsioon: loomulik<br \/>\n&#8211; jahutus: kompressorjahutus<\/p>\n<p>Usage permit obtained (January 2026).<\/p>\n<p>KONSTRUKTSIOON<br \/>\n&#8211; vundament: postvundament<br \/>\n&#8211; kandekonstruktsioon: puit<br \/>\n&#8211; vahelaed ja katus: puitkonstruktsioon<br \/>\n&#8211; v\u00e4lisseinad: s\u00f5restik, puitviimistlus<br \/>\n&#8211; katusekate: plekk<\/p>\n<p>PROPERTY<br \/>\n&#8211; krundi suurus: 798 m\u00b2<br \/>\n&#8211; terrass<br \/>\n&#8211; eraldi panipaik\/kuur<\/p>\n<p>LOCATION<br \/>\nTuulna k\u00fcla asub hinnatud Kloogaranna piirkonnas. Meri ja liivarand j\u00e4\u00e4vad l\u00fchikese autos\u00f5idu kaugusele.<br \/>\n&#8211; Laulasmaa 5 km<br \/>\n&#8211; koolid ja lasteaiad 5 km<br \/>\n&#8211; kauplused 5 km.<\/p>\n<p>The building is registered as a summer house, but is suitable for year-round use \u2013 all necessary technical systems are in place.<\/p>\n<p>If you are looking for a modern home or a summer house surrounded by nature, get in touch and come see it for yourself.<\/p>","protected":false},"excerpt":{"rendered":"<p>Summer house for sale, 3 bedrooms \u2013 Astangu vkt 7a, Kloogaranna, Tuulna<\/p>","protected":false},"featured_media":12937,"template":"","meta":{"_acf_changed":false,"_uag_custom_page_level_css":"","_uf_show_specific_survey":0,"_uf_disable_surveys":false,"site-sidebar-layout":"default","site-content-layout":"","ast-site-content-layout":"default","site-content-style":"default","site-sidebar-style":"default","ast-global-header-display":"","ast-banner-title-visibility":"","ast-main-header-display":"","ast-hfb-above-header-display":"","ast-hfb-below-header-display":"","ast-hfb-mobile-header-display":"","site-post-title":"","ast-breadcrumbs-content":"","ast-featured-img":"","footer-sml-layout":"","ast-disable-related-posts":"","theme-transparent-header-meta":"default","adv-header-id-meta":"","stick-header-meta":"","header-above-stick-meta":"","header-main-stick-meta":"","header-below-stick-meta":"","astra-migrate-meta-layouts":"set","ast-page-background-enabled":"default","ast-page-background-meta":{"desktop":{"background-color":"","background-image":"","background-repeat":"repeat","background-position":"center center","background-size":"auto","background-attachment":"scroll","background-type":"","background-media":"","overlay-type":"","overlay-color":"","overlay-opacity":"","overlay-gradient":""},"tablet":{"background-color":"","background-image":"","background-repeat":"repeat","background-position":"center center","background-size":"auto","background-attachment":"scroll","background-type":"","background-media":"","overlay-type":"","overlay-color":"","overlay-opacity":"","overlay-gradient":""},"mobile":{"background-color":"","background-image":"","background-repeat":"repeat","background-position":"center center","background-size":"auto","background-attachment":"scroll","background-type":"","background-media":"","overlay-type":"","overlay-color":"","overlay-opacity":"","overlay-gradient":""}},"ast-content-background-meta":{"desktop":{"background-color":"var(--ast-global-color-5)","background-image":"","background-repeat":"repeat","background-position":"center center","background-size":"auto","background-attachment":"scroll","background-type":"","background-media":"","overlay-type":"","overlay-color":"","overlay-opacity":"","overlay-gradient":""},"tablet":{"background-color":"var(--ast-global-color-5)","background-image":"","background-repeat":"repeat","background-position":"center center","background-size":"auto","background-attachment":"scroll","background-type":"","background-media":"","overlay-type":"","overlay-color":"","overlay-opacity":"","overlay-gradient":""},"mobile":{"background-color":"var(--ast-global-color-5)","background-image":"","background-repeat":"repeat","background-position":"center center","background-size":"auto","background-attachment":"scroll","background-type":"","background-media":"","overlay-type":"","overlay-color":"","overlay-opacity":"","overlay-gradient":""}}},"product_brand":[],"product_cat":[106,103],"product_tag":[],"class_list":{"0":"post-12926","1":"product","2":"type-product","3":"status-publish","4":"has-post-thumbnail","6":"product_cat-korterid-eesti","7":"product_cat-muuk","8":"desktop-align-left","9":"tablet-align-left","10":"mobile-align-left","12":"first","13":"instock","14":"virtual","15":"purchasable","16":"product-type-simple"},"acf":[],"aioseo_notices":[],"uagb_featured_image_src":{"full":["https:\/\/novekinnisvara.ee\/wp-content\/uploads\/2026\/03\/3M4A6966.jpg",1200,800,false],"thumbnail":["https:\/\/novekinnisvara.ee\/wp-content\/uploads\/2026\/03\/3M4A6966-400x400.jpg",400,400,true],"medium":["https:\/\/novekinnisvara.ee\/wp-content\/uploads\/2026\/03\/3M4A6966-600x400.jpg",600,400,true],"medium_large":["https:\/\/novekinnisvara.ee\/wp-content\/uploads\/2026\/03\/3M4A6966-768x512.jpg",768,512,true],"large":["https:\/\/novekinnisvara.ee\/wp-content\/uploads\/2026\/03\/3M4A6966-1024x683.jpg",1024,683,true],"1536x1536":["https:\/\/novekinnisvara.ee\/wp-content\/uploads\/2026\/03\/3M4A6966.jpg",1200,800,false],"2048x2048":["https:\/\/novekinnisvara.ee\/wp-content\/uploads\/2026\/03\/3M4A6966.jpg",1200,800,false],"trp-custom-language-flag":["https:\/\/novekinnisvara.ee\/wp-content\/uploads\/2026\/03\/3M4A6966-18x12.jpg",18,12,true],"woocommerce_thumbnail":["https:\/\/novekinnisvara.ee\/wp-content\/uploads\/2026\/03\/3M4A6966-400x300.jpg",400,300,true],"woocommerce_single":["https:\/\/novekinnisvara.ee\/wp-content\/uploads\/2026\/03\/3M4A6966-800x533.jpg",800,533,true],"woocommerce_gallery_thumbnail":["https:\/\/novekinnisvara.ee\/wp-content\/uploads\/2026\/03\/3M4A6966-100x100.jpg",100,100,true]},"uagb_author_info":{"display_name":"Erika Truuverk","author_link":"https:\/\/novekinnisvara.ee\/en\/author\/"},"uagb_comment_info":0,"uagb_excerpt":"M\u00fc\u00fca suvila, 3 magamistuba - Astangu vkt 7a, Kloogaranna, Tuulna","_links":{"self":[{"href":"https:\/\/novekinnisvara.ee\/en\/wp-json\/wp\/v2\/product\/12926","targetHints":{"allow":["GET"]}}],"collection":[{"href":"https:\/\/novekinnisvara.ee\/en\/wp-json\/wp\/v2\/product"}],"about":[{"href":"https:\/\/novekinnisvara.ee\/en\/wp-json\/wp\/v2\/types\/product"}],"wp:featuredmedia":[{"embeddable":true,"href":"https:\/\/novekinnisvara.ee\/en\/wp-json\/wp\/v2\/media\/12937"}],"wp:attachment":[{"href":"https:\/\/novekinnisvara.ee\/en\/wp-json\/wp\/v2\/media?parent=12926"}],"wp:term":[{"taxonomy":"product_brand","embeddable":true,"href":"https:\/\/novekinnisvara.ee\/en\/wp-json\/wp\/v2\/product_brand?post=12926"},{"taxonomy":"product_cat","embeddable":true,"href":"https:\/\/novekinnisvara.ee\/en\/wp-json\/wp\/v2\/product_cat?post=12926"},{"taxonomy":"product_tag","embeddable":true,"href":"https:\/\/novekinnisvara.ee\/en\/wp-json\/wp\/v2\/product_tag?post=12926"}],"curies":[{"name":"wp","href":"https:\/\/api.w.org\/{rel}","templated":true}]}}