{"id":13561,"date":"2026-04-30T08:45:06","date_gmt":"2026-04-30T05:45:06","guid":{"rendered":"https:\/\/novekinnisvara.ee\/?post_type=product&#038;p=13561"},"modified":"2026-04-30T13:53:45","modified_gmt":"2026-04-30T10:53:45","slug":"muua-maatulundusmaa-hino-tee-4-misso-rouge-vald-vorumaa","status":"publish","type":"product","link":"https:\/\/novekinnisvara.ee\/en\/product\/muua-maatulundusmaa-hino-tee-4-misso-rouge-vald-vorumaa\/","title":{"rendered":"Maatulundusmaa &#8211; Hino tee 4, Misso, R\u00f5uge vald, V\u00f5rumaa"},"content":{"rendered":"<p>For sale: a spacious property in Misso small borough, R\u00f5uge Parish.<\/p>\n<p>The property covers 7,377 m\u00b2 and, according to the comprehensive plan, is located in a compact settlement area designated for residential development. It is well suited for building a detached house, either for permanent living or as a summer home.<\/p>\n<p>Kinnistu koosseis:<br \/>\n&#8211; haritav maa: 5975 m\u00b2<br \/>\n&#8211; looduslik rohumaa: 301 m\u00b2<br \/>\n&#8211; muu maa: 1101 m\u00b2.<\/p>\n<p>Tehnilised v\u00f5imalused:<br \/>\n&#8211; piirkonnas on olemas elektriv\u00f5rk<br \/>\n&#8211; veevarustus lahendatakse tavap\u00e4raselt puurkaevuga<br \/>\n&#8211; kanalisatsioon lahendatakse lokaalselt.<\/p>\n<p class=\"translation-block\">Up to one single-family house and up to four auxiliary buildings may be constructed on the property. The maximum permitted building coverage is 20%.<br>\nConstruction of buildings required for small-scale production is also allowed.<\/p>\n<p>The property is located in a peaceful, low-traffic area. Nearby are beautiful lakes and forests, offering plenty of opportunities to enjoy nature. It is well suited for those who wish to escape the hustle and bustle of the city and value a quiet living environment.<\/p>\n<p>Within a short drive are the recreational and outdoor activity opportunities of the Haanja area, including the surroundings of Suur Munam\u00e4gi.<\/p>\n<p>Contact us for more information!<\/p>\n<p class=\"description-content\">","protected":false},"excerpt":{"rendered":"<p>For sale: agricultural land \u2013 Hino tee 4, Misso, R\u00f5uge Parish, V\u00f5ru County<\/p>","protected":false},"featured_media":13564,"template":"","meta":{"_acf_changed":false,"_uag_custom_page_level_css":"","_uf_show_specific_survey":0,"_uf_disable_surveys":false,"site-sidebar-layout":"default","site-content-layout":"","ast-site-content-layout":"default","site-content-style":"default","site-sidebar-style":"default","ast-global-header-display":"","ast-banner-title-visibility":"","ast-main-header-display":"","ast-hfb-above-header-display":"","ast-hfb-below-header-display":"","ast-hfb-mobile-header-display":"","site-post-title":"","ast-breadcrumbs-content":"","ast-featured-img":"","footer-sml-layout":"","ast-disable-related-posts":"","theme-transparent-header-meta":"default","adv-header-id-meta":"","stick-header-meta":"","header-above-stick-meta":"","header-main-stick-meta":"","header-below-stick-meta":"","astra-migrate-meta-layouts":"set","ast-page-background-enabled":"default","ast-page-background-meta":{"desktop":{"background-color":"","background-image":"","background-repeat":"repeat","background-position":"center center","background-size":"auto","background-attachment":"scroll","background-type":"","background-media":"","overlay-type":"","overlay-color":"","overlay-opacity":"","overlay-gradient":""},"tablet":{"background-color":"","background-image":"","background-repeat":"repeat","background-position":"center center","background-size":"auto","background-attachment":"scroll","background-type":"","background-media":"","overlay-type":"","overlay-color":"","overlay-opacity":"","overlay-gradient":""},"mobile":{"background-color":"","background-image":"","background-repeat":"repeat","background-position":"center center","background-size":"auto","background-attachment":"scroll","background-type":"","background-media":"","overlay-type":"","overlay-color":"","overlay-opacity":"","overlay-gradient":""}},"ast-content-background-meta":{"desktop":{"background-color":"var(--ast-global-color-5)","background-image":"","background-repeat":"repeat","background-position":"center center","background-size":"auto","background-attachment":"scroll","background-type":"","background-media":"","overlay-type":"","overlay-color":"","overlay-opacity":"","overlay-gradient":""},"tablet":{"background-color":"var(--ast-global-color-5)","background-image":"","background-repeat":"repeat","background-position":"center center","background-size":"auto","background-attachment":"scroll","background-type":"","background-media":"","overlay-type":"","overlay-color":"","overlay-opacity":"","overlay-gradient":""},"mobile":{"background-color":"var(--ast-global-color-5)","background-image":"","background-repeat":"repeat","background-position":"center center","background-size":"auto","background-attachment":"scroll","background-type":"","background-media":"","overlay-type":"","overlay-color":"","overlay-opacity":"","overlay-gradient":""}}},"product_brand":[],"product_cat":[129,105,103],"product_tag":[],"class_list":{"0":"post-13561","1":"product","2":"type-product","3":"status-publish","4":"has-post-thumbnail","6":"product_cat-maa","7":"product_cat-majad-eesti","8":"product_cat-muuk","9":"desktop-align-left","10":"tablet-align-left","11":"mobile-align-left","13":"first","14":"instock","15":"virtual","16":"purchasable","17":"product-type-simple"},"acf":[],"aioseo_notices":[],"uagb_featured_image_src":{"full":["https:\/\/novekinnisvara.ee\/wp-content\/uploads\/2026\/04\/135603440.jpg",600,400,false],"thumbnail":["https:\/\/novekinnisvara.ee\/wp-content\/uploads\/2026\/04\/135603440-400x400.jpg",400,400,true],"medium":["https:\/\/novekinnisvara.ee\/wp-content\/uploads\/2026\/04\/135603440.jpg",600,400,false],"medium_large":["https:\/\/novekinnisvara.ee\/wp-content\/uploads\/2026\/04\/135603440.jpg",600,400,false],"large":["https:\/\/novekinnisvara.ee\/wp-content\/uploads\/2026\/04\/135603440.jpg",600,400,false],"1536x1536":["https:\/\/novekinnisvara.ee\/wp-content\/uploads\/2026\/04\/135603440.jpg",600,400,false],"2048x2048":["https:\/\/novekinnisvara.ee\/wp-content\/uploads\/2026\/04\/135603440.jpg",600,400,false],"trp-custom-language-flag":["https:\/\/novekinnisvara.ee\/wp-content\/uploads\/2026\/04\/135603440-18x12.jpg",18,12,true],"woocommerce_thumbnail":["https:\/\/novekinnisvara.ee\/wp-content\/uploads\/2026\/04\/135603440-400x300.jpg",400,300,true],"woocommerce_single":["https:\/\/novekinnisvara.ee\/wp-content\/uploads\/2026\/04\/135603440.jpg",600,400,false],"woocommerce_gallery_thumbnail":["https:\/\/novekinnisvara.ee\/wp-content\/uploads\/2026\/04\/135603440-100x100.jpg",100,100,true]},"uagb_author_info":{"display_name":"Erika Truuverk","author_link":"https:\/\/novekinnisvara.ee\/en\/author\/"},"uagb_comment_info":0,"uagb_excerpt":"M\u00fc\u00fca maatulundusmaa - Hino tee 4, Misso, R\u00f5uge vald, V\u00f5rumaa","_links":{"self":[{"href":"https:\/\/novekinnisvara.ee\/en\/wp-json\/wp\/v2\/product\/13561","targetHints":{"allow":["GET"]}}],"collection":[{"href":"https:\/\/novekinnisvara.ee\/en\/wp-json\/wp\/v2\/product"}],"about":[{"href":"https:\/\/novekinnisvara.ee\/en\/wp-json\/wp\/v2\/types\/product"}],"wp:featuredmedia":[{"embeddable":true,"href":"https:\/\/novekinnisvara.ee\/en\/wp-json\/wp\/v2\/media\/13564"}],"wp:attachment":[{"href":"https:\/\/novekinnisvara.ee\/en\/wp-json\/wp\/v2\/media?parent=13561"}],"wp:term":[{"taxonomy":"product_brand","embeddable":true,"href":"https:\/\/novekinnisvara.ee\/en\/wp-json\/wp\/v2\/product_brand?post=13561"},{"taxonomy":"product_cat","embeddable":true,"href":"https:\/\/novekinnisvara.ee\/en\/wp-json\/wp\/v2\/product_cat?post=13561"},{"taxonomy":"product_tag","embeddable":true,"href":"https:\/\/novekinnisvara.ee\/en\/wp-json\/wp\/v2\/product_tag?post=13561"}],"curies":[{"name":"wp","href":"https:\/\/api.w.org\/{rel}","templated":true}]}}