{"id":7785,"date":"2025-06-07T14:36:45","date_gmt":"2025-06-07T14:36:45","guid":{"rendered":"https:\/\/novekinnisvara.ee\/?post_type=product&#038;p=7785"},"modified":"2025-10-09T07:52:55","modified_gmt":"2025-10-09T07:52:55","slug":"muua-elamumaa-oisiku-tee-8-haabneeme-viimsi-vald","status":"publish","type":"product","link":"https:\/\/novekinnisvara.ee\/en\/product\/muua-elamumaa-oisiku-tee-8-haabneeme-viimsi-vald\/","title":{"rendered":"Residential Land for Sale \u2013 \u00d5isiku tee 8, Haabneeme, Viimsi Parish"},"content":{"rendered":"<h2>Residential land near the sea in Haabneeme, at the end of a cul-de-sac<\/h2>\n<p>Plot 1826 m\u00b2, detailed planning started.<\/p>\n<p>For sale: a 1826 m\u00b2 ready-to-build residential sea-front plot in beautiful Haabneeme, Viimsi.<\/p>\n<p>This private and spacious plot is located on a quiet dead-end street in an established residential area, just a few minutes' walk from the sea.<\/p>\n<p>The location is excellent \u2013 large, ready-to-build plots close to the sea rarely come up for sale in Viimsi.<\/p>\n<p>PROPERTY DETAILS<br \/>\nSize: 1826 m\u00b2<br \/>\nPermitted development: single-family dwelling, building height \u2013 2 storeys, building footprint up to 400 m\u00b2.<br \/>\nNumber of allowed buildings: 1<br \/>\nRoof type: free choice<br \/>\nUtilities: connection points available for water, sewerage, gas and electricity (shared main distribution cabinet for two plots).<br \/>\nNext to the development is a 110 kV substation, and a new distribution network has been built for the area.\nReady for fibre-optic internet connection \u2013 the communication cable has been installed.<br \/>\nConnection agreements have not been concluded.<\/p>\n<p>NEIGHBORHOOD<br \/>\nSurroundings: peaceful residential neighborhood, sea about 300 meters away<br \/>\n\u00d5isiku Road is asphalted. Nurme Road, which leads to \u00d5isiku Street, is currently undergoing major reconstruction \u2014 a new bicycle and pedestrian path is being built, as well as the reconstruction of the existing water and sewer pipelines, stormwater systems, street lighting, communication and electrical infrastructure. In addition, new trees of various species will be planted, and small resting areas with benches will be created for pedestrians. The works are scheduled for completion in autumn 2025.<\/p>\n<p>WHY BUILD YOUR NEW HOME AT \u00d5isiku Tee 8?<br \/>\nPrivate dead-end street ensures peace and security<br \/>\nAll utilities available \u2013 ready for immediate construction<br \/>\nSea and beautiful views within walking distance<br \/>\nNearby schools, kindergarten, Viimsi SPA, cinema, Artium shopping center, shops, restaurants, and medical facilities<br \/>\nQuick connection to the city center \u2013 approx. 15\u201320 minutes by car, convenient bus connections<br \/>\nSteadily developing area that ensures long-term value growth for your property<\/p>\n<p>The residents of the neighbourhood are active and close-knit, and they look forward to welcoming new neighbours who share the same positive outlook on life.<\/p>\n<p>If you\u2019d like to build your new home here, get in touch!<\/p>\n<p>&nbsp;<\/p>\n<p class=\"description-content\">","protected":false},"excerpt":{"rendered":"<p>Residential Land for Sale \u2013 \u00d5isiku tee 8, Haabneeme, Viimsi Parish<\/p>","protected":false},"featured_media":7797,"template":"","meta":{"_acf_changed":false,"_uag_custom_page_level_css":"","_uf_show_specific_survey":0,"_uf_disable_surveys":false,"site-sidebar-layout":"default","site-content-layout":"","ast-site-content-layout":"default","site-content-style":"default","site-sidebar-style":"default","ast-global-header-display":"","ast-banner-title-visibility":"","ast-main-header-display":"","ast-hfb-above-header-display":"","ast-hfb-below-header-display":"","ast-hfb-mobile-header-display":"","site-post-title":"","ast-breadcrumbs-content":"","ast-featured-img":"","footer-sml-layout":"","ast-disable-related-posts":"","theme-transparent-header-meta":"default","adv-header-id-meta":"","stick-header-meta":"","header-above-stick-meta":"","header-main-stick-meta":"","header-below-stick-meta":"","astra-migrate-meta-layouts":"set","ast-page-background-enabled":"default","ast-page-background-meta":{"desktop":{"background-color":"","background-image":"","background-repeat":"repeat","background-position":"center center","background-size":"auto","background-attachment":"scroll","background-type":"","background-media":"","overlay-type":"","overlay-color":"","overlay-opacity":"","overlay-gradient":""},"tablet":{"background-color":"","background-image":"","background-repeat":"repeat","background-position":"center center","background-size":"auto","background-attachment":"scroll","background-type":"","background-media":"","overlay-type":"","overlay-color":"","overlay-opacity":"","overlay-gradient":""},"mobile":{"background-color":"","background-image":"","background-repeat":"repeat","background-position":"center center","background-size":"auto","background-attachment":"scroll","background-type":"","background-media":"","overlay-type":"","overlay-color":"","overlay-opacity":"","overlay-gradient":""}},"ast-content-background-meta":{"desktop":{"background-color":"var(--ast-global-color-5)","background-image":"","background-repeat":"repeat","background-position":"center center","background-size":"auto","background-attachment":"scroll","background-type":"","background-media":"","overlay-type":"","overlay-color":"","overlay-opacity":"","overlay-gradient":""},"tablet":{"background-color":"var(--ast-global-color-5)","background-image":"","background-repeat":"repeat","background-position":"center center","background-size":"auto","background-attachment":"scroll","background-type":"","background-media":"","overlay-type":"","overlay-color":"","overlay-opacity":"","overlay-gradient":""},"mobile":{"background-color":"var(--ast-global-color-5)","background-image":"","background-repeat":"repeat","background-position":"center center","background-size":"auto","background-attachment":"scroll","background-type":"","background-media":"","overlay-type":"","overlay-color":"","overlay-opacity":"","overlay-gradient":""}}},"product_brand":[],"product_cat":[129,105,103],"product_tag":[],"class_list":{"0":"post-7785","1":"product","2":"type-product","3":"status-publish","4":"has-post-thumbnail","6":"product_cat-maa","7":"product_cat-majad-eesti","8":"product_cat-muuk","9":"desktop-align-left","10":"tablet-align-left","11":"mobile-align-left","13":"first","14":"instock","15":"virtual","16":"purchasable","17":"product-type-simple"},"acf":[],"aioseo_notices":[],"uagb_featured_image_src":{"full":["https:\/\/novekinnisvara.ee\/wp-content\/uploads\/2025\/06\/DJI_20250604161714_0588_D-scaled.jpg",2560,1440,false],"thumbnail":["https:\/\/novekinnisvara.ee\/wp-content\/uploads\/2025\/06\/DJI_20250604161714_0588_D-400x400.jpg",400,400,true],"medium":["https:\/\/novekinnisvara.ee\/wp-content\/uploads\/2025\/06\/DJI_20250604161714_0588_D-600x338.jpg",600,338,true],"medium_large":["https:\/\/novekinnisvara.ee\/wp-content\/uploads\/2025\/06\/DJI_20250604161714_0588_D-768x432.jpg",768,432,true],"large":["https:\/\/novekinnisvara.ee\/wp-content\/uploads\/2025\/06\/DJI_20250604161714_0588_D-1024x576.jpg",1024,576,true],"1536x1536":["https:\/\/novekinnisvara.ee\/wp-content\/uploads\/2025\/06\/DJI_20250604161714_0588_D-1536x864.jpg",1536,864,true],"2048x2048":["https:\/\/novekinnisvara.ee\/wp-content\/uploads\/2025\/06\/DJI_20250604161714_0588_D-2048x1152.jpg",2048,1152,true],"trp-custom-language-flag":["https:\/\/novekinnisvara.ee\/wp-content\/uploads\/2025\/06\/DJI_20250604161714_0588_D-18x10.jpg",18,10,true],"woocommerce_thumbnail":["https:\/\/novekinnisvara.ee\/wp-content\/uploads\/2025\/06\/DJI_20250604161714_0588_D-400x300.jpg",400,300,true],"woocommerce_single":["https:\/\/novekinnisvara.ee\/wp-content\/uploads\/2025\/06\/DJI_20250604161714_0588_D-800x450.jpg",800,450,true],"woocommerce_gallery_thumbnail":["https:\/\/novekinnisvara.ee\/wp-content\/uploads\/2025\/06\/DJI_20250604161714_0588_D-100x100.jpg",100,100,true]},"uagb_author_info":{"display_name":"Erika Truuverk","author_link":"https:\/\/novekinnisvara.ee\/en\/author\/"},"uagb_comment_info":0,"uagb_excerpt":"M\u00fc\u00fca elamumaa - \u00d5isiku tee 8, Haabneeme, Viimsi vald","_links":{"self":[{"href":"https:\/\/novekinnisvara.ee\/en\/wp-json\/wp\/v2\/product\/7785","targetHints":{"allow":["GET"]}}],"collection":[{"href":"https:\/\/novekinnisvara.ee\/en\/wp-json\/wp\/v2\/product"}],"about":[{"href":"https:\/\/novekinnisvara.ee\/en\/wp-json\/wp\/v2\/types\/product"}],"wp:featuredmedia":[{"embeddable":true,"href":"https:\/\/novekinnisvara.ee\/en\/wp-json\/wp\/v2\/media\/7797"}],"wp:attachment":[{"href":"https:\/\/novekinnisvara.ee\/en\/wp-json\/wp\/v2\/media?parent=7785"}],"wp:term":[{"taxonomy":"product_brand","embeddable":true,"href":"https:\/\/novekinnisvara.ee\/en\/wp-json\/wp\/v2\/product_brand?post=7785"},{"taxonomy":"product_cat","embeddable":true,"href":"https:\/\/novekinnisvara.ee\/en\/wp-json\/wp\/v2\/product_cat?post=7785"},{"taxonomy":"product_tag","embeddable":true,"href":"https:\/\/novekinnisvara.ee\/en\/wp-json\/wp\/v2\/product_tag?post=7785"}],"curies":[{"name":"wp","href":"https:\/\/api.w.org\/{rel}","templated":true}]}}