{"id":9946,"date":"2025-10-09T07:24:16","date_gmt":"2025-10-09T07:24:16","guid":{"rendered":"https:\/\/novekinnisvara.ee\/?post_type=product&#038;p=9946"},"modified":"2025-12-08T11:39:17","modified_gmt":"2025-12-08T11:39:17","slug":"muua-maja-4-magamistuba-lumatu-antsla-vald-vorumaa-2","status":"publish","type":"product","link":"https:\/\/novekinnisvara.ee\/en\/product\/muua-maja-4-magamistuba-lumatu-antsla-vald-vorumaa-2\/","title":{"rendered":"House for sale, 4 bedrooms \u2013 L\u00fcmatu, Antsla parish, V\u00f5ru county"},"content":{"rendered":"<p>A farmstead is for sale in V\u00f5rumaa. The building complex includes a 2-storey residential building, a barn in good condition with a technical shed and a sauna house. The residential building has 5 rooms, several storage rooms and a pantry. The heating sources are a stove and ovens, which should be in working order. The house needs repair, but it is habitable. The roofs of all buildings are in good condition. There is a large, well-maintained pond on the property. The water comes from a cistern, which has just been cleaned and the water pipes have been brought into the house.<br \/>\nThe land area is 23,903 m2, of which 1,862 m2 is forest land, 13,786 m2 is arable land, 4,642 m2 is pasture land, 1,851 m2 is natural grassland, and 1,762 m2 is other land.<br \/>\nThe nearest neighbor is about 500m away, but thanks to the domed landscape, the property is very private.<br \/>\nThe nearest school, kindergarten, shops are 5km away in Antsla. V\u00f5ru is 15km away.<br \/>\nThe road leading to the property is in good condition, a road easement is being established. An agreement has been made with the municipality for winter road maintenance.<br \/>\nCall or write and let's take a look.<\/p>","protected":false},"excerpt":{"rendered":"<p>House for sale, 4 bedrooms \u2013 L\u00fcmatu, Antsla parish, V\u00f5ru county<\/p>","protected":false},"featured_media":10371,"template":"","meta":{"_acf_changed":false,"_uag_custom_page_level_css":"","_uf_show_specific_survey":0,"_uf_disable_surveys":false,"site-sidebar-layout":"default","site-content-layout":"","ast-site-content-layout":"default","site-content-style":"default","site-sidebar-style":"default","ast-global-header-display":"","ast-banner-title-visibility":"","ast-main-header-display":"","ast-hfb-above-header-display":"","ast-hfb-below-header-display":"","ast-hfb-mobile-header-display":"","site-post-title":"","ast-breadcrumbs-content":"","ast-featured-img":"","footer-sml-layout":"","ast-disable-related-posts":"","theme-transparent-header-meta":"default","adv-header-id-meta":"","stick-header-meta":"","header-above-stick-meta":"","header-main-stick-meta":"","header-below-stick-meta":"","astra-migrate-meta-layouts":"set","ast-page-background-enabled":"default","ast-page-background-meta":{"desktop":{"background-color":"","background-image":"","background-repeat":"repeat","background-position":"center center","background-size":"auto","background-attachment":"scroll","background-type":"","background-media":"","overlay-type":"","overlay-color":"","overlay-opacity":"","overlay-gradient":""},"tablet":{"background-color":"","background-image":"","background-repeat":"repeat","background-position":"center center","background-size":"auto","background-attachment":"scroll","background-type":"","background-media":"","overlay-type":"","overlay-color":"","overlay-opacity":"","overlay-gradient":""},"mobile":{"background-color":"","background-image":"","background-repeat":"repeat","background-position":"center center","background-size":"auto","background-attachment":"scroll","background-type":"","background-media":"","overlay-type":"","overlay-color":"","overlay-opacity":"","overlay-gradient":""}},"ast-content-background-meta":{"desktop":{"background-color":"var(--ast-global-color-5)","background-image":"","background-repeat":"repeat","background-position":"center center","background-size":"auto","background-attachment":"scroll","background-type":"","background-media":"","overlay-type":"","overlay-color":"","overlay-opacity":"","overlay-gradient":""},"tablet":{"background-color":"var(--ast-global-color-5)","background-image":"","background-repeat":"repeat","background-position":"center center","background-size":"auto","background-attachment":"scroll","background-type":"","background-media":"","overlay-type":"","overlay-color":"","overlay-opacity":"","overlay-gradient":""},"mobile":{"background-color":"var(--ast-global-color-5)","background-image":"","background-repeat":"repeat","background-position":"center center","background-size":"auto","background-attachment":"scroll","background-type":"","background-media":"","overlay-type":"","overlay-color":"","overlay-opacity":"","overlay-gradient":""}}},"product_brand":[],"product_cat":[105,103],"product_tag":[],"class_list":{"0":"post-9946","1":"product","2":"type-product","3":"status-publish","4":"has-post-thumbnail","6":"product_cat-majad-eesti","7":"product_cat-muuk","8":"desktop-align-left","9":"tablet-align-left","10":"mobile-align-left","12":"first","13":"instock","14":"virtual","15":"purchasable","16":"product-type-simple"},"acf":[],"aioseo_notices":[],"uagb_featured_image_src":{"full":["https:\/\/novekinnisvara.ee\/wp-content\/uploads\/2025\/10\/131208607-2.jpg",640,480,false],"thumbnail":["https:\/\/novekinnisvara.ee\/wp-content\/uploads\/2025\/10\/131208607-2-400x400.jpg",400,400,true],"medium":["https:\/\/novekinnisvara.ee\/wp-content\/uploads\/2025\/10\/131208607-2-600x450.jpg",600,450,true],"medium_large":["https:\/\/novekinnisvara.ee\/wp-content\/uploads\/2025\/10\/131208607-2.jpg",640,480,false],"large":["https:\/\/novekinnisvara.ee\/wp-content\/uploads\/2025\/10\/131208607-2.jpg",640,480,false],"1536x1536":["https:\/\/novekinnisvara.ee\/wp-content\/uploads\/2025\/10\/131208607-2.jpg",640,480,false],"2048x2048":["https:\/\/novekinnisvara.ee\/wp-content\/uploads\/2025\/10\/131208607-2.jpg",640,480,false],"trp-custom-language-flag":["https:\/\/novekinnisvara.ee\/wp-content\/uploads\/2025\/10\/131208607-2-16x12.jpg",16,12,true],"woocommerce_thumbnail":["https:\/\/novekinnisvara.ee\/wp-content\/uploads\/2025\/10\/131208607-2-400x300.jpg",400,300,true],"woocommerce_single":["https:\/\/novekinnisvara.ee\/wp-content\/uploads\/2025\/10\/131208607-2.jpg",640,480,false],"woocommerce_gallery_thumbnail":["https:\/\/novekinnisvara.ee\/wp-content\/uploads\/2025\/10\/131208607-2-100x100.jpg",100,100,true]},"uagb_author_info":{"display_name":"Erika Truuverk","author_link":"https:\/\/novekinnisvara.ee\/en\/author\/"},"uagb_comment_info":0,"uagb_excerpt":"M\u00fc\u00fca maja, 4 magamistuba - L\u00fcmatu, Antsla vald, V\u00f5rumaa","_links":{"self":[{"href":"https:\/\/novekinnisvara.ee\/en\/wp-json\/wp\/v2\/product\/9946","targetHints":{"allow":["GET"]}}],"collection":[{"href":"https:\/\/novekinnisvara.ee\/en\/wp-json\/wp\/v2\/product"}],"about":[{"href":"https:\/\/novekinnisvara.ee\/en\/wp-json\/wp\/v2\/types\/product"}],"wp:featuredmedia":[{"embeddable":true,"href":"https:\/\/novekinnisvara.ee\/en\/wp-json\/wp\/v2\/media\/10371"}],"wp:attachment":[{"href":"https:\/\/novekinnisvara.ee\/en\/wp-json\/wp\/v2\/media?parent=9946"}],"wp:term":[{"taxonomy":"product_brand","embeddable":true,"href":"https:\/\/novekinnisvara.ee\/en\/wp-json\/wp\/v2\/product_brand?post=9946"},{"taxonomy":"product_cat","embeddable":true,"href":"https:\/\/novekinnisvara.ee\/en\/wp-json\/wp\/v2\/product_cat?post=9946"},{"taxonomy":"product_tag","embeddable":true,"href":"https:\/\/novekinnisvara.ee\/en\/wp-json\/wp\/v2\/product_tag?post=9946"}],"curies":[{"name":"wp","href":"https:\/\/api.w.org\/{rel}","templated":true}]}}